{"id":2579,"date":"2021-10-14T21:24:49","date_gmt":"2021-10-14T19:24:49","guid":{"rendered":"https:\/\/saveoder.org\/impressum\/"},"modified":"2021-10-14T21:24:54","modified_gmt":"2021-10-14T19:24:54","slug":"impressum","status":"publish","type":"page","link":"https:\/\/saveoder.org\/cs\/impressum\/","title":{"rendered":"Impressum"},"content":{"rendered":"\n<p class=\"has-large-font-size\">Impressum<\/p>\n\n<p>Deutscher Naturschutzring, Dachverband der deutschen Natur-, Tier- und Umweltschutzorganisationen (DNR) e.V.&#13;\n[N\u011bmeck\u00fd svaz pro ochranu p\u0159\u00edrody, zast\u0159e\u0161uj\u00edc\u00ed organizace n\u011bmeck\u00fdch organizac\u00ed na ochranu p\u0159\u00edrody, zv\u00ed\u0159at a \u017eivotn\u00edho prost\u0159ed\u00ed.]<\/p>\n\n<p>P\u0159edseda: Kai Niebert<br\/>M\u00edstop\u0159edsedkyn\u011b: Silvie Kreibiehl<br\/>M\u00edstop\u0159edseda: Thomas Schr\u00f6der<\/p>\n\n<p>Marienstra\u00dfe 19-20 | 10117 Berlin | N\u011bmecko<\/p>\n\n<p>Telefon: +49 30 &#8211; 678177570 | Fax: +49 30 &#8211; 678177580 | E-mail: info(at)dnr.de<\/p>\n\n<p><strong>Odpov\u011bdnost za obsah<\/strong><\/p>\n\n<p>Obsah na\u0161ich str\u00e1nek byl vytvo\u0159en s maxim\u00e1ln\u00ed p\u00e9\u010d\u00ed. Nem\u016f\u017eeme v\u0161ak zaru\u010dit spr\u00e1vnost, \u00faplnost a aktu\u00e1lnost obsahu. Jako poskytovatel slu\u017eeb neseme odpov\u011bdnost za vlastn\u00ed obsah t\u011bchto str\u00e1nek v souladu s obecn\u00fdmi pr\u00e1vn\u00edmi p\u0159edpisy podle \u00a7 7 odst. 1 TMG. Podle \u00a7\u00a7 8 a\u017e 10 TMG v\u0161ak nejsme jako poskytovatel slu\u017eeb povinni sledovat p\u0159en\u00e1\u0161en\u00e9 nebo ukl\u00e1dan\u00e9 informace t\u0159et\u00edch stran nebo vy\u0161et\u0159ovat okolnosti, kter\u00e9 nazna\u010duj\u00ed nez\u00e1konnou \u010dinnost. Povinnosti odstranit nebo zablokovat u\u017e\u00edv\u00e1n\u00ed informac\u00ed v souladu s obecn\u00fdmi pr\u00e1vn\u00edmi p\u0159edpisy t\u00edm nejsou dot\u010deny. Odpov\u011bdnost v tomto ohledu je v\u0161ak mo\u017en\u00e1 a\u017e od okam\u017eiku, kdy se dozv\u00edme o konkr\u00e9tn\u00edm poru\u0161en\u00ed z\u00e1kona. Pokud se o takov\u00e9m poru\u0161en\u00ed dozv\u00edme, okam\u017eit\u011b tento obsah odstran\u00edme.&#13;\nP\u0159\u00edsp\u011bvky autor\u016f ozna\u010den\u00e9 jm\u00e9nem nemus\u00ed nutn\u011b vyjad\u0159ovat n\u00e1zor redakce nebo vydavatele.<\/p>\n\n<p><br\/><strong>Odpov\u011bdnost za odkazy<\/strong><\/p>\n\n<p>Na\u0161e webov\u00e9 str\u00e1nky obsahuj\u00ed odkazy na extern\u00ed webov\u00e9 str\u00e1nky t\u0159et\u00edch stran, na jejich\u017e obsah nem\u00e1me \u017e\u00e1dn\u00fd vliv. Proto za tento extern\u00ed obsah nem\u016f\u017eeme p\u0159evz\u00edt \u017e\u00e1dnou odpov\u011bdnost. Za obsah odkazovan\u00fdch str\u00e1nek v\u017edy odpov\u00edd\u00e1 p\u0159\u00edslu\u0161n\u00fd poskytovatel nebo provozovatel str\u00e1nek. Trval\u00e1 kontrola obsahu odkazovan\u00fdch str\u00e1nek nen\u00ed bez konkr\u00e9tn\u00edch d\u016fkaz\u016f o poru\u0161en\u00ed z\u00e1kona p\u0159im\u011b\u0159en\u00e1. Pokud se dozv\u00edme o jak\u00e9mkoli poru\u0161en\u00ed z\u00e1kona, okam\u017eit\u011b takov\u00e9 odkazy odstran\u00edme.<\/p>\n\n<p><br\/><strong>Autorsk\u00e1 pr\u00e1va<\/strong><\/p>\n\n<p>Obsah a d\u00edla vytvo\u0159en\u00e1 provozovateli str\u00e1nek na t\u011bchto str\u00e1nk\u00e1ch podl\u00e9haj\u00ed n\u011bmeck\u00e9mu autorsk\u00e9mu pr\u00e1vu. P\u0159\u00edsp\u011bvky t\u0159et\u00edch stran jsou n\u00e1le\u017eit\u011b ozna\u010deny. Kop\u00edrov\u00e1n\u00ed, zpracov\u00e1n\u00ed, \u0161\u00ed\u0159en\u00ed a jak\u00fdkoli zp\u016fsob vyu\u017eit\u00ed nad r\u00e1mec autorsk\u00fdch pr\u00e1v vy\u017eaduje p\u00edsemn\u00fd souhlas p\u0159\u00edslu\u0161n\u00e9ho autora nebo tv\u016frce. Stahov\u00e1n\u00ed a kop\u00edrov\u00e1n\u00ed t\u011bchto str\u00e1nek je povoleno pouze pro soukrom\u00e9, nekomer\u010dn\u00ed pou\u017eit\u00ed. Provozovatel t\u011bchto str\u00e1nek se sna\u017e\u00ed v\u017edy respektovat autorsk\u00e1 pr\u00e1va jin\u00fdch osob nebo pou\u017e\u00edvat d\u00edla, kter\u00e1 s\u00e1m vytvo\u0159il nebo jsou ve\u0159ejn\u011b dostupn\u00e1.<\/p>\n\n<p><br\/><strong>Ochrana \u00fadaj\u016f<\/strong><\/p>\n\n<p>Pokud jsou na na\u0161ich str\u00e1nk\u00e1ch shroma\u017e\u010fov\u00e1ny osobn\u00ed \u00fadaje (nap\u0159. jm\u00e9no, adresa nebo e-mailov\u00e1 adresa), d\u011bje se tak v\u017edy pokud mo\u017eno dobrovoln\u011b. R\u00e1di bychom upozornili, \u017ee p\u0159enos dat na internetu (nap\u0159. komunikace prost\u0159ednictv\u00edm e-mailu) m\u016f\u017ee m\u00edt bezpe\u010dnostn\u00ed mezery. \u00dapln\u00e1 ochrana \u00fadaj\u016f p\u0159ed p\u0159\u00edstupem t\u0159et\u00edch stran nen\u00ed mo\u017en\u00e1. Pou\u017eit\u00ed kontaktn\u00edch \u00fadaj\u016f zve\u0159ejn\u011bn\u00fdch v r\u00e1mci impresa t\u0159et\u00edmi stranami za \u00fa\u010delem zas\u00edl\u00e1n\u00ed reklamn\u00edch a informa\u010dn\u00edch materi\u00e1l\u016f, kter\u00e9 nebyly v\u00fdslovn\u011b vy\u017e\u00e1d\u00e1ny, je t\u00edmto v\u00fdslovn\u011b zak\u00e1z\u00e1no. Provozovatel\u00e9 str\u00e1nek si v\u00fdslovn\u011b vyhrazuj\u00ed pr\u00e1vo podniknout pr\u00e1vn\u00ed kroky v p\u0159\u00edpad\u011b nevy\u017e\u00e1dan\u00e9ho zas\u00edl\u00e1n\u00ed reklamn\u00edch informac\u00ed, nap\u0159\u00edklad prost\u0159ednictv\u00edm nevy\u017e\u00e1dan\u00e9 po\u0161ty.<\/p>\n","protected":false},"excerpt":{"rendered":"<p>Impressum Deutscher Naturschutzring, Dachverband der deutschen Natur-, Tier- und Umweltschutzorganisationen (DNR) e.V.&#13; [N\u011bmeck\u00fd svaz pro ochranu p\u0159\u00edrody, zast\u0159e\u0161uj\u00edc\u00ed organizace n\u011bmeck\u00fdch organizac\u00ed na ochranu p\u0159\u00edrody, zv\u00ed\u0159at a \u017eivotn\u00edho prost\u0159ed\u00ed.] P\u0159edseda: Kai NiebertM\u00edstop\u0159edsedkyn\u011b: Silvie KreibiehlM\u00edstop\u0159edseda: Thomas Schr\u00f6der Marienstra\u00dfe 19-20 | 10117 Berlin | N\u011bmecko Telefon: +49 30 &#8211; 678177570 | Fax: +49 30 &#8211; 678177580 | E-mail:&hellip;&nbsp;<a href=\"https:\/\/saveoder.org\/cs\/impressum\/\" rel=\"bookmark\">Read More &raquo;<span class=\"screen-reader-text\">Impressum<\/span><\/a><\/p>\n","protected":false},"author":1,"featured_media":0,"parent":0,"menu_order":0,"comment_status":"closed","ping_status":"closed","template":"","meta":{"_acf_changed":false,"neve_meta_sidebar":"","neve_meta_container":"","neve_meta_enable_content_width":"","neve_meta_content_width":0,"neve_meta_title_alignment":"","neve_meta_author_avatar":"","neve_post_elements_order":"","neve_meta_disable_header":"","neve_meta_disable_footer":"","neve_meta_disable_title":"","neve_meta_reading_time":"","footnotes":""},"class_list":["post-2579","page","type-page","status-publish","hentry"],"acf":[],"yoast_head":"<!-- This site is optimized with the Yoast SEO plugin v27.3 - https:\/\/yoast.com\/product\/yoast-seo-wordpress\/ -->\n<title>Impressum - SaveOder<\/title>\n<meta name=\"robots\" content=\"index, follow, max-snippet:-1, max-image-preview:large, max-video-preview:-1\" \/>\n<link rel=\"canonical\" href=\"https:\/\/saveoder.org\/cs\/impressum\/\" \/>\n<meta property=\"og:locale\" content=\"cs_CZ\" \/>\n<meta property=\"og:type\" content=\"article\" \/>\n<meta property=\"og:title\" content=\"Impressum - SaveOder\" \/>\n<meta property=\"og:description\" content=\"Impressum Deutscher Naturschutzring, Dachverband der deutschen Natur-, Tier- und Umweltschutzorganisationen (DNR) e.V.&#013; [N\u011bmeck\u00fd svaz pro ochranu p\u0159\u00edrody, zast\u0159e\u0161uj\u00edc\u00ed organizace n\u011bmeck\u00fdch organizac\u00ed na ochranu p\u0159\u00edrody, zv\u00ed\u0159at a \u017eivotn\u00edho prost\u0159ed\u00ed.] P\u0159edseda: Kai NiebertM\u00edstop\u0159edsedkyn\u011b: Silvie KreibiehlM\u00edstop\u0159edseda: Thomas Schr\u00f6der Marienstra\u00dfe 19-20 | 10117 Berlin | N\u011bmecko Telefon: +49 30 &#8211; 678177570 | Fax: +49 30 &#8211; 678177580 | E-mail:&hellip;&nbsp;Read More &raquo;Impressum\" \/>\n<meta property=\"og:url\" content=\"https:\/\/saveoder.org\/cs\/impressum\/\" \/>\n<meta property=\"og:site_name\" content=\"SaveOder\" \/>\n<meta property=\"article:modified_time\" content=\"2021-10-14T19:24:54+00:00\" \/>\n<meta name=\"twitter:card\" content=\"summary_large_image\" \/>\n<meta name=\"twitter:label1\" content=\"Odhadovan\u00e1 doba \u010dten\u00ed\" \/>\n\t<meta name=\"twitter:data1\" content=\"3 minuty\" \/>\n<script type=\"application\/ld+json\" class=\"yoast-schema-graph\">{\"@context\":\"https:\\\/\\\/schema.org\",\"@graph\":[{\"@type\":\"WebPage\",\"@id\":\"https:\\\/\\\/saveoder.org\\\/cs\\\/impressum\\\/\",\"url\":\"https:\\\/\\\/saveoder.org\\\/cs\\\/impressum\\\/\",\"name\":\"Impressum - SaveOder\",\"isPartOf\":{\"@id\":\"https:\\\/\\\/saveoder.org\\\/cs\\\/#website\"},\"datePublished\":\"2021-10-14T19:24:49+00:00\",\"dateModified\":\"2021-10-14T19:24:54+00:00\",\"breadcrumb\":{\"@id\":\"https:\\\/\\\/saveoder.org\\\/cs\\\/impressum\\\/#breadcrumb\"},\"inLanguage\":\"cs\",\"potentialAction\":[{\"@type\":\"ReadAction\",\"target\":[\"https:\\\/\\\/saveoder.org\\\/cs\\\/impressum\\\/\"]}]},{\"@type\":\"BreadcrumbList\",\"@id\":\"https:\\\/\\\/saveoder.org\\\/cs\\\/impressum\\\/#breadcrumb\",\"itemListElement\":[{\"@type\":\"ListItem\",\"position\":1,\"name\":\"Startseite\",\"item\":\"https:\\\/\\\/saveoder.org\\\/cs\\\/\"},{\"@type\":\"ListItem\",\"position\":2,\"name\":\"Impressum\"}]},{\"@type\":\"WebSite\",\"@id\":\"https:\\\/\\\/saveoder.org\\\/cs\\\/#website\",\"url\":\"https:\\\/\\\/saveoder.org\\\/cs\\\/\",\"name\":\"SaveOder\",\"description\":\"\",\"publisher\":{\"@id\":\"https:\\\/\\\/saveoder.org\\\/cs\\\/#organization\"},\"potentialAction\":[{\"@type\":\"SearchAction\",\"target\":{\"@type\":\"EntryPoint\",\"urlTemplate\":\"https:\\\/\\\/saveoder.org\\\/cs\\\/?s={search_term_string}\"},\"query-input\":{\"@type\":\"PropertyValueSpecification\",\"valueRequired\":true,\"valueName\":\"search_term_string\"}}],\"inLanguage\":\"cs\"},{\"@type\":\"Organization\",\"@id\":\"https:\\\/\\\/saveoder.org\\\/cs\\\/#organization\",\"name\":\"DNR\",\"url\":\"https:\\\/\\\/saveoder.org\\\/cs\\\/\",\"logo\":{\"@type\":\"ImageObject\",\"inLanguage\":\"cs\",\"@id\":\"https:\\\/\\\/saveoder.org\\\/cs\\\/#\\\/schema\\\/logo\\\/image\\\/\",\"url\":\"https:\\\/\\\/saveoder.org\\\/wp-content\\\/uploads\\\/2021\\\/08\\\/Czas-na-Odre_Logo_small_transparent.png\",\"contentUrl\":\"https:\\\/\\\/saveoder.org\\\/wp-content\\\/uploads\\\/2021\\\/08\\\/Czas-na-Odre_Logo_small_transparent.png\",\"width\":366,\"height\":366,\"caption\":\"DNR\"},\"image\":{\"@id\":\"https:\\\/\\\/saveoder.org\\\/cs\\\/#\\\/schema\\\/logo\\\/image\\\/\"}}]}<\/script>\n<!-- \/ Yoast SEO plugin. -->","yoast_head_json":{"title":"Impressum - SaveOder","robots":{"index":"index","follow":"follow","max-snippet":"max-snippet:-1","max-image-preview":"max-image-preview:large","max-video-preview":"max-video-preview:-1"},"canonical":"https:\/\/saveoder.org\/cs\/impressum\/","og_locale":"cs_CZ","og_type":"article","og_title":"Impressum - SaveOder","og_description":"Impressum Deutscher Naturschutzring, Dachverband der deutschen Natur-, Tier- und Umweltschutzorganisationen (DNR) e.V.&#13; [N\u011bmeck\u00fd svaz pro ochranu p\u0159\u00edrody, zast\u0159e\u0161uj\u00edc\u00ed organizace n\u011bmeck\u00fdch organizac\u00ed na ochranu p\u0159\u00edrody, zv\u00ed\u0159at a \u017eivotn\u00edho prost\u0159ed\u00ed.] P\u0159edseda: Kai NiebertM\u00edstop\u0159edsedkyn\u011b: Silvie KreibiehlM\u00edstop\u0159edseda: Thomas Schr\u00f6der Marienstra\u00dfe 19-20 | 10117 Berlin | N\u011bmecko Telefon: +49 30 &#8211; 678177570 | Fax: +49 30 &#8211; 678177580 | E-mail:&hellip;&nbsp;Read More &raquo;Impressum","og_url":"https:\/\/saveoder.org\/cs\/impressum\/","og_site_name":"SaveOder","article_modified_time":"2021-10-14T19:24:54+00:00","twitter_card":"summary_large_image","twitter_misc":{"Odhadovan\u00e1 doba \u010dten\u00ed":"3 minuty"},"schema":{"@context":"https:\/\/schema.org","@graph":[{"@type":"WebPage","@id":"https:\/\/saveoder.org\/cs\/impressum\/","url":"https:\/\/saveoder.org\/cs\/impressum\/","name":"Impressum - SaveOder","isPartOf":{"@id":"https:\/\/saveoder.org\/cs\/#website"},"datePublished":"2021-10-14T19:24:49+00:00","dateModified":"2021-10-14T19:24:54+00:00","breadcrumb":{"@id":"https:\/\/saveoder.org\/cs\/impressum\/#breadcrumb"},"inLanguage":"cs","potentialAction":[{"@type":"ReadAction","target":["https:\/\/saveoder.org\/cs\/impressum\/"]}]},{"@type":"BreadcrumbList","@id":"https:\/\/saveoder.org\/cs\/impressum\/#breadcrumb","itemListElement":[{"@type":"ListItem","position":1,"name":"Startseite","item":"https:\/\/saveoder.org\/cs\/"},{"@type":"ListItem","position":2,"name":"Impressum"}]},{"@type":"WebSite","@id":"https:\/\/saveoder.org\/cs\/#website","url":"https:\/\/saveoder.org\/cs\/","name":"SaveOder","description":"","publisher":{"@id":"https:\/\/saveoder.org\/cs\/#organization"},"potentialAction":[{"@type":"SearchAction","target":{"@type":"EntryPoint","urlTemplate":"https:\/\/saveoder.org\/cs\/?s={search_term_string}"},"query-input":{"@type":"PropertyValueSpecification","valueRequired":true,"valueName":"search_term_string"}}],"inLanguage":"cs"},{"@type":"Organization","@id":"https:\/\/saveoder.org\/cs\/#organization","name":"DNR","url":"https:\/\/saveoder.org\/cs\/","logo":{"@type":"ImageObject","inLanguage":"cs","@id":"https:\/\/saveoder.org\/cs\/#\/schema\/logo\/image\/","url":"https:\/\/saveoder.org\/wp-content\/uploads\/2021\/08\/Czas-na-Odre_Logo_small_transparent.png","contentUrl":"https:\/\/saveoder.org\/wp-content\/uploads\/2021\/08\/Czas-na-Odre_Logo_small_transparent.png","width":366,"height":366,"caption":"DNR"},"image":{"@id":"https:\/\/saveoder.org\/cs\/#\/schema\/logo\/image\/"}}]}},"_links":{"self":[{"href":"https:\/\/saveoder.org\/cs\/wp-json\/wp\/v2\/pages\/2579","targetHints":{"allow":["GET"]}}],"collection":[{"href":"https:\/\/saveoder.org\/cs\/wp-json\/wp\/v2\/pages"}],"about":[{"href":"https:\/\/saveoder.org\/cs\/wp-json\/wp\/v2\/types\/page"}],"author":[{"embeddable":true,"href":"https:\/\/saveoder.org\/cs\/wp-json\/wp\/v2\/users\/1"}],"replies":[{"embeddable":true,"href":"https:\/\/saveoder.org\/cs\/wp-json\/wp\/v2\/comments?post=2579"}],"version-history":[{"count":1,"href":"https:\/\/saveoder.org\/cs\/wp-json\/wp\/v2\/pages\/2579\/revisions"}],"predecessor-version":[{"id":2580,"href":"https:\/\/saveoder.org\/cs\/wp-json\/wp\/v2\/pages\/2579\/revisions\/2580"}],"wp:attachment":[{"href":"https:\/\/saveoder.org\/cs\/wp-json\/wp\/v2\/media?parent=2579"}],"curies":[{"name":"wp","href":"https:\/\/api.w.org\/{rel}","templated":true}]}}