{"id":2627,"date":"2021-10-16T20:39:56","date_gmt":"2021-10-16T18:39:56","guid":{"rendered":"https:\/\/saveoder.org\/ke-stazeni\/"},"modified":"2025-04-30T00:36:30","modified_gmt":"2025-04-29T22:36:30","slug":"ke-stazeni","status":"publish","type":"page","link":"https:\/\/saveoder.org\/cs\/ke-stazeni\/","title":{"rendered":"Ke sta\u017een\u00ed"},"content":{"rendered":"\n    <div id=\"headline-block_a0ad174a634b5d8bb0b9288ca4697ae9\" class=\"headline_container\">\n      <div class=\"headline_content headline-h2\">Videa<\/div>\n    <\/div>\n\n\n\n<div class=\"wp-block-columns full alignfull is-layout-flex wp-container-core-columns-is-layout-9d6595d7 wp-block-columns-is-layout-flex\">\n<div class=\"wp-block-column is-layout-flow wp-block-column-is-layout-flow\">\n<figure class=\"wp-block-embed is-type-video is-provider-youtube wp-block-embed-youtube wp-embed-aspect-16-9 wp-has-aspect-ratio\"><div class=\"wp-block-embed__wrapper\">\n<div class=\"nv-iframe-embed\"><iframe loading=\"lazy\" title=\"Rettet die Oder - kein Ausbau zum Kanal!\" width=\"1200\" height=\"675\" src=\"https:\/\/www.youtube.com\/embed\/ZAwclb-ozE8?feature=oembed\" frameborder=\"0\" allow=\"accelerometer; autoplay; clipboard-write; encrypted-media; gyroscope; picture-in-picture; web-share\" referrerpolicy=\"strict-origin-when-cross-origin\" allowfullscreen><\/iframe><\/div>\n<\/div><figcaption class=\"wp-element-caption\">N\u011bmecko-polsk\u00e1 hrani\u010dn\u00ed \u0159eka Odra<\/figcaption><\/figure>\n<\/div>\n\n\n\n<div class=\"wp-block-column is-layout-flow wp-block-column-is-layout-flow\">\n<figure class=\"wp-block-embed is-type-video is-provider-youtube wp-block-embed-youtube wp-embed-aspect-16-9 wp-has-aspect-ratio\"><div class=\"wp-block-embed__wrapper\">\n<div class=\"nv-iframe-embed\"><iframe loading=\"lazy\" title=\"RATUJMY RZEKI\" width=\"1200\" height=\"675\" src=\"https:\/\/www.youtube.com\/embed\/ASu45EWyDpM?feature=oembed\" frameborder=\"0\" allow=\"accelerometer; autoplay; clipboard-write; encrypted-media; gyroscope; picture-in-picture; web-share\" referrerpolicy=\"strict-origin-when-cross-origin\" allowfullscreen><\/iframe><\/div>\n<\/div><figcaption class=\"wp-element-caption\">KRR &#8211; Ratujmy Rzeki<\/figcaption><\/figure>\n<\/div>\n<\/div>\n\n\n<div id=\"hbdkacheln_container\">\n    <div class=\"hbdkacheln_container_headline\">Informa\u010dn\u00ed listy<\/div>\n    <div class=\"hbdkacheln_container_subtext\"><\/div>\n      <div class=\"hbdkacheln_area\">\n                  <div class=\"hbdkachelnteaser\">\n            <div class=\"hbdkacheln_left\">\n                              <div class=\"hbdkacheln_image\"><image src='https:\/\/saveoder.org\/wp-content\/uploads\/2021\/08\/Preview-WWF-Odra-Navigation-Analysis-EN-212x300.png'><\/image><\/div>\n                <a class=\"hbdkacheln_button\" href=\"https:\/\/saveoder.org\/wp-content\/uploads\/2021\/08\/odra_navigation_wwf_en_0506.pdf\" target=\"_blank\">Download<image src='https:\/\/saveoder.org\/wp-content\/themes\/ngo-child\/assets\/image\/arrow-to-bottom.png'><\/image><\/a>            <\/div>\n            <div class=\"hbdkacheln_right\">\n              <div class=\"hbdkacheln_headline\">\n                Anal\u00fdza podm\u00ednek a ekonomick\u00e9 efektivity rozvoje vodn\u00ed cesty Odry &#8211; p\u0159ehled              <\/div>\n              <div class=\"hbdkacheln_content\"><p>\u201e<span class=\"VIiyi\" lang=\"de\"><span class=\"JLqJ4b ChMk0b\" data-language-for-alternatives=\"de\" data-language-to-translate-into=\"en\" data-phrase-index=\"0\">Anal\u00fdza podm\u00ednek a ekonomick\u00e9 efektivity rozvoje vodn\u00ed cesty Odry &#8211; p\u0159ehled <\/span><\/span> \u201c WWF Polsko (2010) (anglick\u00e1 verze)<\/p>\n<\/div>\n              <div class=\"hbdkacheln_description\"><\/div>\n            <\/div>\n          <\/div>\n          <\/div>\n<\/div>\n\n\n<div class=\"accordion-block-container accordion-block_4c7d752a6042fc8cd22ac8562e31cadb\">\n      <div class=\"accordion_headline\">\n        Publikace    <\/div>    <div class=\"accordion_content\">\n              <div class=\"accordion-block\">\n          \t\t<button class=\"accordion-block_4c7d752a6042fc8cd22ac8562e31cadb accordion\"><p>Wagner, T. (2025): <strong>\u00da\u010cAST M\u00cdSTN\u00cdCH OBYVATEL NA IMPLEMENTACI R\u00c1MCOV\u00c9 SM\u011aRNICE O VODN\u00cd POLITICE ZA \u00da\u010cELEM ZLEP\u0160EN\u00cd EKOLOGIE VODN\u00cdCH TOK\u016e: Na p\u0159\u00edkladu \u00fa\u010dasti ob\u010dan\u016f ve spr\u00e1v\u011b vodn\u00edch tok\u016f na Horn\u00edm R\u00fdnu, B\u00e1densko-W\u00fcrttembersko.<\/strong> P\u0159\u00edpadov\u00e1 studie, BUND Deutschland e.V., Berlin<\/p>\n<\/button>\n          \t\t<div class=\"panel\">\n                <div class=\"panel_text\">\n          \t\t      <div class=\"sdm_download_button_box_default\"><div class=\"sdm_download_link\"><a href=\"https:\/\/saveoder.org\/cs\/\/?sdm_process_download=1&#038;download_id=3488\" class=\"sdm_download green\" title=\"P\u0159\u00edpadov\u00e1 studie Hochrhein &#8211; CZ\" target=&quot;_blank&quot;>PDF ke sta\u017een\u00ed (1,5 MB)<\/a><\/div><\/div>\n                <\/div>\n                          \t\t<\/div>\n            <\/div>\n        \t\t            <div class=\"accordion-block\">\n          \t\t<button class=\"accordion-block_4c7d752a6042fc8cd22ac8562e31cadb accordion\"><p>\u010cas na Odru (2023). <strong>Budoucnost Odry: Poznej vizi mezin\u00e1rodn\u00ed koalice \u010cas na Odru.<\/strong> Mezin\u00e1rodn\u00ed koalice &#8222;\u010cas na Odru&#8220;. Arnika-CEPO (\u010cR), Fundacja EkoRozwoju (PL), Aktionsb\u00fcndnis lebendige Oder (DE).<\/p>\n<\/button>\n          \t\t<div class=\"panel\">\n                <div class=\"panel_text\">\n          \t\t                      <\/div>\n                                  <a class=\"panel_read_link\" href=\"https:\/\/saveoder.org\/wp-content\/uploads\/2023\/10\/oder-vision-CZ.pdf\" target=\"_blank\">Read more<image src='https:\/\/saveoder.org\/wp-content\/themes\/ngo-child\/assets\/image\/right-arrow.png'><\/image><\/a>           \t\t<\/div>\n            <\/div>\n        \t\t  <\/div>\n<\/div>\n","protected":false},"excerpt":{"rendered":"","protected":false},"author":2,"featured_media":0,"parent":0,"menu_order":0,"comment_status":"closed","ping_status":"closed","template":"","meta":{"_acf_changed":false,"neve_meta_sidebar":"","neve_meta_container":"","neve_meta_enable_content_width":"","neve_meta_content_width":0,"neve_meta_title_alignment":"","neve_meta_author_avatar":"","neve_post_elements_order":"","neve_meta_disable_header":"","neve_meta_disable_footer":"","neve_meta_disable_title":"","neve_meta_reading_time":"","footnotes":""},"class_list":["post-2627","page","type-page","status-publish","hentry"],"acf":[],"yoast_head":"<!-- This site is optimized with the Yoast SEO plugin v27.3 - https:\/\/yoast.com\/product\/yoast-seo-wordpress\/ -->\n<title>Ke sta\u017een\u00ed - SaveOder<\/title>\n<meta name=\"robots\" content=\"index, follow, max-snippet:-1, max-image-preview:large, max-video-preview:-1\" \/>\n<link rel=\"canonical\" href=\"https:\/\/saveoder.org\/cs\/ke-stazeni\/\" \/>\n<meta property=\"og:locale\" content=\"cs_CZ\" \/>\n<meta property=\"og:type\" content=\"article\" \/>\n<meta property=\"og:title\" content=\"Ke sta\u017een\u00ed - SaveOder\" \/>\n<meta property=\"og:url\" content=\"https:\/\/saveoder.org\/cs\/ke-stazeni\/\" \/>\n<meta property=\"og:site_name\" content=\"SaveOder\" \/>\n<meta property=\"article:modified_time\" content=\"2025-04-29T22:36:30+00:00\" \/>\n<meta name=\"twitter:card\" content=\"summary_large_image\" \/>\n<meta name=\"twitter:label1\" content=\"Odhadovan\u00e1 doba \u010dten\u00ed\" \/>\n\t<meta name=\"twitter:data1\" content=\"1 minuta\" \/>\n<script type=\"application\/ld+json\" class=\"yoast-schema-graph\">{\"@context\":\"https:\\\/\\\/schema.org\",\"@graph\":[{\"@type\":\"WebPage\",\"@id\":\"https:\\\/\\\/saveoder.org\\\/cs\\\/ke-stazeni\\\/\",\"url\":\"https:\\\/\\\/saveoder.org\\\/cs\\\/ke-stazeni\\\/\",\"name\":\"Ke sta\u017een\u00ed - SaveOder\",\"isPartOf\":{\"@id\":\"https:\\\/\\\/saveoder.org\\\/cs\\\/#website\"},\"datePublished\":\"2021-10-16T18:39:56+00:00\",\"dateModified\":\"2025-04-29T22:36:30+00:00\",\"breadcrumb\":{\"@id\":\"https:\\\/\\\/saveoder.org\\\/cs\\\/ke-stazeni\\\/#breadcrumb\"},\"inLanguage\":\"cs\",\"potentialAction\":[{\"@type\":\"ReadAction\",\"target\":[\"https:\\\/\\\/saveoder.org\\\/cs\\\/ke-stazeni\\\/\"]}]},{\"@type\":\"BreadcrumbList\",\"@id\":\"https:\\\/\\\/saveoder.org\\\/cs\\\/ke-stazeni\\\/#breadcrumb\",\"itemListElement\":[{\"@type\":\"ListItem\",\"position\":1,\"name\":\"Startseite\",\"item\":\"https:\\\/\\\/saveoder.org\\\/cs\\\/\"},{\"@type\":\"ListItem\",\"position\":2,\"name\":\"Ke sta\u017een\u00ed\"}]},{\"@type\":\"WebSite\",\"@id\":\"https:\\\/\\\/saveoder.org\\\/cs\\\/#website\",\"url\":\"https:\\\/\\\/saveoder.org\\\/cs\\\/\",\"name\":\"SaveOder\",\"description\":\"\",\"publisher\":{\"@id\":\"https:\\\/\\\/saveoder.org\\\/cs\\\/#organization\"},\"potentialAction\":[{\"@type\":\"SearchAction\",\"target\":{\"@type\":\"EntryPoint\",\"urlTemplate\":\"https:\\\/\\\/saveoder.org\\\/cs\\\/?s={search_term_string}\"},\"query-input\":{\"@type\":\"PropertyValueSpecification\",\"valueRequired\":true,\"valueName\":\"search_term_string\"}}],\"inLanguage\":\"cs\"},{\"@type\":\"Organization\",\"@id\":\"https:\\\/\\\/saveoder.org\\\/cs\\\/#organization\",\"name\":\"DNR\",\"url\":\"https:\\\/\\\/saveoder.org\\\/cs\\\/\",\"logo\":{\"@type\":\"ImageObject\",\"inLanguage\":\"cs\",\"@id\":\"https:\\\/\\\/saveoder.org\\\/cs\\\/#\\\/schema\\\/logo\\\/image\\\/\",\"url\":\"https:\\\/\\\/saveoder.org\\\/wp-content\\\/uploads\\\/2021\\\/08\\\/Czas-na-Odre_Logo_small_transparent.png\",\"contentUrl\":\"https:\\\/\\\/saveoder.org\\\/wp-content\\\/uploads\\\/2021\\\/08\\\/Czas-na-Odre_Logo_small_transparent.png\",\"width\":366,\"height\":366,\"caption\":\"DNR\"},\"image\":{\"@id\":\"https:\\\/\\\/saveoder.org\\\/cs\\\/#\\\/schema\\\/logo\\\/image\\\/\"}}]}<\/script>\n<!-- \/ Yoast SEO plugin. -->","yoast_head_json":{"title":"Ke sta\u017een\u00ed - SaveOder","robots":{"index":"index","follow":"follow","max-snippet":"max-snippet:-1","max-image-preview":"max-image-preview:large","max-video-preview":"max-video-preview:-1"},"canonical":"https:\/\/saveoder.org\/cs\/ke-stazeni\/","og_locale":"cs_CZ","og_type":"article","og_title":"Ke sta\u017een\u00ed - SaveOder","og_url":"https:\/\/saveoder.org\/cs\/ke-stazeni\/","og_site_name":"SaveOder","article_modified_time":"2025-04-29T22:36:30+00:00","twitter_card":"summary_large_image","twitter_misc":{"Odhadovan\u00e1 doba \u010dten\u00ed":"1 minuta"},"schema":{"@context":"https:\/\/schema.org","@graph":[{"@type":"WebPage","@id":"https:\/\/saveoder.org\/cs\/ke-stazeni\/","url":"https:\/\/saveoder.org\/cs\/ke-stazeni\/","name":"Ke sta\u017een\u00ed - SaveOder","isPartOf":{"@id":"https:\/\/saveoder.org\/cs\/#website"},"datePublished":"2021-10-16T18:39:56+00:00","dateModified":"2025-04-29T22:36:30+00:00","breadcrumb":{"@id":"https:\/\/saveoder.org\/cs\/ke-stazeni\/#breadcrumb"},"inLanguage":"cs","potentialAction":[{"@type":"ReadAction","target":["https:\/\/saveoder.org\/cs\/ke-stazeni\/"]}]},{"@type":"BreadcrumbList","@id":"https:\/\/saveoder.org\/cs\/ke-stazeni\/#breadcrumb","itemListElement":[{"@type":"ListItem","position":1,"name":"Startseite","item":"https:\/\/saveoder.org\/cs\/"},{"@type":"ListItem","position":2,"name":"Ke sta\u017een\u00ed"}]},{"@type":"WebSite","@id":"https:\/\/saveoder.org\/cs\/#website","url":"https:\/\/saveoder.org\/cs\/","name":"SaveOder","description":"","publisher":{"@id":"https:\/\/saveoder.org\/cs\/#organization"},"potentialAction":[{"@type":"SearchAction","target":{"@type":"EntryPoint","urlTemplate":"https:\/\/saveoder.org\/cs\/?s={search_term_string}"},"query-input":{"@type":"PropertyValueSpecification","valueRequired":true,"valueName":"search_term_string"}}],"inLanguage":"cs"},{"@type":"Organization","@id":"https:\/\/saveoder.org\/cs\/#organization","name":"DNR","url":"https:\/\/saveoder.org\/cs\/","logo":{"@type":"ImageObject","inLanguage":"cs","@id":"https:\/\/saveoder.org\/cs\/#\/schema\/logo\/image\/","url":"https:\/\/saveoder.org\/wp-content\/uploads\/2021\/08\/Czas-na-Odre_Logo_small_transparent.png","contentUrl":"https:\/\/saveoder.org\/wp-content\/uploads\/2021\/08\/Czas-na-Odre_Logo_small_transparent.png","width":366,"height":366,"caption":"DNR"},"image":{"@id":"https:\/\/saveoder.org\/cs\/#\/schema\/logo\/image\/"}}]}},"_links":{"self":[{"href":"https:\/\/saveoder.org\/cs\/wp-json\/wp\/v2\/pages\/2627","targetHints":{"allow":["GET"]}}],"collection":[{"href":"https:\/\/saveoder.org\/cs\/wp-json\/wp\/v2\/pages"}],"about":[{"href":"https:\/\/saveoder.org\/cs\/wp-json\/wp\/v2\/types\/page"}],"author":[{"embeddable":true,"href":"https:\/\/saveoder.org\/cs\/wp-json\/wp\/v2\/users\/2"}],"replies":[{"embeddable":true,"href":"https:\/\/saveoder.org\/cs\/wp-json\/wp\/v2\/comments?post=2627"}],"version-history":[{"count":9,"href":"https:\/\/saveoder.org\/cs\/wp-json\/wp\/v2\/pages\/2627\/revisions"}],"predecessor-version":[{"id":3492,"href":"https:\/\/saveoder.org\/cs\/wp-json\/wp\/v2\/pages\/2627\/revisions\/3492"}],"wp:attachment":[{"href":"https:\/\/saveoder.org\/cs\/wp-json\/wp\/v2\/media?parent=2627"}],"curies":[{"name":"wp","href":"https:\/\/api.w.org\/{rel}","templated":true}]}}