{"id":2651,"date":"2021-10-16T21:19:49","date_gmt":"2021-10-16T19:19:49","guid":{"rendered":"https:\/\/saveoder.org\/o-nas\/"},"modified":"2023-10-12T13:26:04","modified_gmt":"2023-10-12T11:26:04","slug":"o-nas","status":"publish","type":"page","link":"https:\/\/saveoder.org\/cs\/o-nas\/","title":{"rendered":"O n\u00e1s"},"content":{"rendered":"    <div class=\"hero_container alignfull\">\n    \t<section id=\"hero-block_4a0eb3358df7a4142e8a4d481c5f271b\" class=\"hero alignfull\" style=\"background-image: linear-gradient(0deg, rgba(0, 0, 0, 0.2), rgba(0, 0, 0, 0.2)), url(https:\/\/saveoder.org\/wp-content\/uploads\/2021\/08\/Canoe-Miedzyodrze_1920x1080.jpg); \">\n      <\/section>\n      <div class=\"hero_infobox\">\n                          <h1>O n\u00e1s<\/h1>\n          <div class=\"green_line\"><\/div>\n                      <\/div>\n\n    <\/div>\n\n\n\n    <div id=\"headline-block_f633df30d3fdc60d4efd1f1a00b43b15\" class=\"headline_container\">\n      <div class=\"headline_content headline-h1\">Na\u0161e posl\u00e1n\u00ed<\/div>\n    <\/div>\n\n\n\n<p>&#8222;\u010cas na Odru&#8220; je mezin\u00e1rodn\u00ed partnerstv\u00ed t\u0159\u00ed \u0159\u00ed\u010dn\u00edch alianc\u00ed organizac\u00ed ob\u010dansk\u00e9 spole\u010dnosti. Zasazujeme se o trvalou ochranu \u0159eky Odry a jej\u00edho povod\u00ed pro ob\u010dany \u010cesk\u00e9 republiky, N\u011bmecka, Polska a Evropy. Jsme proti v\u00fdstavb\u011b mezin\u00e1rodn\u00ed vodn\u00ed cesty E30 a kan\u00e1lu Dunaj-Odra-Labe a prosazujeme udr\u017eiteln\u00fd rozvoj v povod\u00ed Odry.<\/p>\n\n\n\n<div class=\"wp-block-columns is-layout-flex wp-container-core-columns-is-layout-9d6595d7 wp-block-columns-is-layout-flex\">\n<div class=\"wp-block-column is-layout-flow wp-block-column-is-layout-flow\" style=\"flex-basis:100%\">\n<div class=\"wp-block-columns is-layout-flex wp-container-core-columns-is-layout-9d6595d7 wp-block-columns-is-layout-flex\">\n<div class=\"wp-block-column is-layout-flow wp-block-column-is-layout-flow\" style=\"flex-basis:100%\">\n<div class=\"wp-block-columns is-layout-flex wp-container-core-columns-is-layout-9d6595d7 wp-block-columns-is-layout-flex\">\n<div class=\"wp-block-column is-layout-flow wp-block-column-is-layout-flow\" style=\"flex-basis:100%\">\n<div class=\"wp-block-group\"><div class=\"wp-block-group__inner-container is-layout-flow wp-block-group-is-layout-flow\">  <div id=\"teasercontainer\" class=\"teasercontainer alignfull\">\n    <div class=\"teasercontainer_area\">\n      <div class=\"teasercontainer_headline\">Koalice \u201c\u010cas na Odru\u201d<\/div>\n        <div class=\"teaser_area\">\n            <div class=\"teaser\">\n            <div class=\"kachel_image\"><image src='https:\/\/saveoder.org\/wp-content\/uploads\/2021\/07\/Koalice-pro-Reky_Logo.png'><\/image><\/div>\n          <div class=\"teaser_headline\">\n            Koalice pro \u0159eky &#8211; \u010cesk\u00e1 republika          <\/div>\n          <div class=\"teaser_content\"><p>Koalice pro \u0159eky je sdru\u017een\u00ed neziskov\u00fdch organizac\u00ed v \u010cesk\u00e9 republice, kter\u00e9 podporuje v\u0161echny aktivity zam\u011b\u0159en\u00e9 na podporu zdrav\u00fdch \u0159\u00ed\u010dn\u00edch a lu\u017en\u00edch ekosyst\u00e9m\u016f. V konkr\u00e9tn\u00edch p\u0159\u00edpadech p\u0159eb\u00edr\u00e1 iniciativu v oblasti vodn\u00edho hospod\u00e1\u0159stv\u00ed, sjednocuje argumenty pro zlep\u0161en\u00ed dobr\u00e9ho ekologick\u00e9ho stavu \u0159ek a podporuje a zaji\u0161\u0165uje spolupr\u00e1ci a v\u00fdm\u011bnu informac\u00ed mezi v\u011bdci, odborn\u00edky a ve\u0159ejnost\u00ed v t\u00e9to oblasti.<\/p>\n<\/div>\n                      <a class=\"teaser_button\" href=\"http:\/\/www.koaliceproreky.cz\" target=\"_blank\">Read more<image src='https:\/\/saveoder.org\/wp-content\/themes\/ngo-child\/assets\/image\/right-arrow.png'><\/image><\/a>        <\/div>\n                  <div class=\"teaser\">\n            <div class=\"kachel_image\"><image src='https:\/\/saveoder.org\/wp-content\/uploads\/2021\/07\/Koalicji-Ratujmy-Rzeki_Logo-300x113.png'><\/image><\/div>\n          <div class=\"teaser_headline\">\n            Koalicja Ratujmy Rzeki &#8211; Polsko           <\/div>\n          <div class=\"teaser_content\"><p>Koalicja Ratujmy Rzeki (Koalice Zachra\u0148me \u0159eky) sdru\u017euje organizace chr\u00e1n\u00edc\u00ed polsk\u00e9 \u0159eky, potoky a mok\u0159ady, a tak\u00e9 v\u011bdce, jednotlivce, m\u00edstn\u00ed \u00fa\u0159ady a instituce, kter\u00fdm na osudu polsk\u00fdch \u0159ek a ekosyst\u00e9m\u016f z\u00e1le\u017e\u00ed. Koalice aktivn\u011b p\u016fsob\u00ed na mezin\u00e1rodn\u00edm poli podle hesla &#8222;\u0159eky nemaj\u00ed hranice&#8220;.<\/p>\n<\/div>\n                      <a class=\"teaser_button\" href=\"http:\/\/www.ratujmyrzeki.pl\" target=\"_blank\">Read more<image src='https:\/\/saveoder.org\/wp-content\/themes\/ngo-child\/assets\/image\/right-arrow.png'><\/image><\/a>        <\/div>\n                  <div class=\"teaser\">\n            <div class=\"kachel_image\"><image src='https:\/\/saveoder.org\/wp-content\/uploads\/2021\/07\/cropped-L7Ix7tu2_400x400-1-300x300.jpg'><\/image><\/div>\n          <div class=\"teaser_headline\">\n            Aktionsb\u00fcndnis lebendige Oder &#8211; N\u011bmecko           <\/div>\n          <div class=\"teaser_content\"><p>Aktionsb\u00fcndnis lebendige Oder (Ak\u010dn\u00ed aliance \u017div\u00e1 Odra) je tvo\u0159ena deseti organizacemi zab\u00fdvaj\u00edc\u00edmi se ochranou \u017eivotn\u00edho prost\u0159ed\u00ed a p\u0159\u00edrody, kter\u00e9 spole\u010dn\u011b usiluj\u00ed o to, aby se hrani\u010dn\u00ed \u0159eka Odra, \u00fast\u00ed Odry a jej\u00ed okol\u00ed op\u011bt prom\u011bnily v \u017eivou Odru.<\/p>\n<\/div>\n                      <a class=\"teaser_button\" href=\"https:\/\/www.dnr.de\/aktuelles\/themenausgaben-2021\/ausgabe-072021\/saveoder-rettet-die-oder\/?L=256\" target=\"_blank\">Read more<image src='https:\/\/saveoder.org\/wp-content\/themes\/ngo-child\/assets\/image\/right-arrow.png'><\/image><\/a>        <\/div>\n                <\/div>\n      <\/div>\n    <\/div>\n      <\/div><\/div>\n<\/div>\n<\/div>\n<\/div>\n<\/div>\n<\/div>\n<\/div>\n\n\n\n    <div id=\"headline-block_99d5d43e33f252977cf02c3fb33dcb45\" class=\"headline_container\">\n      <div class=\"headline_content headline-h2\">Kontaktn\u00ed m\u00edsta Koalice \u201e\u010cas na Odru\u201c<\/div>\n    <\/div>\n\n\n\n    <div id=\"puretextblock-block_eea21d333adf614ef7e8543327f3639b\" class=\"puretextblock_container\">\n      <div class=\"puretextblock_content\"><p>Pot\u0159ebujete dal\u0161\u00ed informace? Chcete n\u00e1s podpo\u0159it v z\u00e1chran\u011b v\u00fdjime\u010dn\u00e9 \u0159\u00ed\u010dn\u00ed krajiny Odry? Nebo m\u00e1te dotaz?<\/p>\n<p>&nbsp;<\/p>\n<p><strong>\u010cR<\/strong><\/p>\n<p>&nbsp;<\/p>\n<p>Arnika-CEPO<br \/>\nSeifertova 372\/85 | 130 00 Praha 3 | \u010cesk\u00e1 republika<br \/>\nKontakt: priroda[at]arnika.org<\/p>\n<p>&nbsp;<\/p>\n<p><strong>N\u011bmecko<\/strong><\/p>\n<p>&nbsp;<\/p>\n<p>Za spole\u010dnost Aktionsb\u00fcndnis lebendige Oder<br \/>\nDeutscher Naturschutzring e.V.<br \/>\nMarienstr. 19-20 | 10117 Berlin | N\u011bmecko<br \/>\nKontakt: info[at]saveoder.org<\/p>\n<p>&nbsp;<\/p>\n<p><strong>Polsko<\/strong><\/p>\n<p>&nbsp;<\/p>\n<p>Fundacja EkoRozwoju<br \/>\nul. \u015bw. Wincentego 25A,C | 55-140 Wroc\u0142aw | Polsko<br \/>\nKontakt: koalicja[at]odra.pl<\/p>\n<p>&nbsp;<\/p>\n<\/div>\n    <\/div>\n\n\n\n    <div id=\"headline-block_bfaa45c6f6b40e0ec6417e49cebfaf28\" class=\"headline_container\">\n      <div class=\"headline_content headline-h3\">Koordinace projektu EURENI &#8222;Vytvo\u0159en\u00ed n\u011bmecko-polsko-\u010desk\u00e9 s\u00edt\u011b pro environment\u00e1ln\u011b \u0161etrn\u00fd a p\u0159\u00edrod\u011b bl\u00edzk\u00fd region\u00e1ln\u00ed rozvoj v povod\u00ed Odry&#8220;<\/div>\n    <\/div>\n\n\n\n    <div id=\"headline-block_3782f0c7febb8ed5649601fecb9809c7\" class=\"headline_container\">\n      <div class=\"headline_content headline-h4\">financovan\u00fd BMUV, realiza\u010dn\u00ed agentura projektu Zukunft-Umwelt-Gesellschaft (ZUG) gGmbH.<\/div>\n    <\/div>\n\n\n\n    <div id=\"puretextblock-block_a8fd92a40d0fff0a5a1e9716e98803d6\" class=\"puretextblock_container\">\n      <div class=\"puretextblock_content\"><p>Pot\u0159ebujete informace o na\u0161em projektu?<\/p>\n<p>&nbsp;<\/p>\n<p><strong>\u010cR<\/strong><\/p>\n<p>&nbsp;<\/p>\n<p><strong>Vlastimil Karl\u00edk<\/strong><br \/>\nArnika-CEPO<br \/>\nSeifertova 372\/85 | 130 00 Praha 3 | \u010cesk\u00e1 republika<br \/>\nKontakt: vlastimil.karlik[at]arnika.org<\/p>\n<p>&nbsp;<\/p>\n<p><strong>N\u011bmecko<\/strong><\/p>\n<p>&nbsp;<\/p>\n<p><strong>Theresa Wagner<\/strong><br \/>\nBund f\u00fcr Umwelt und Naturschutz Deutschland e.V. (BUND)<br \/>\nKaiserin-Augusta-Allee 5 | 10553 Berlin | N\u011bmecko<br \/>\nKontakt: theresa.wagner[at]bund.net<\/p>\n<p>&nbsp;<\/p>\n<p><strong>Polsko<\/strong><\/p>\n<p>&nbsp;<\/p>\n<p><strong>Dorota Chmielowiec-Tyszko<\/strong><br \/>\nFundacja EkoRozwoju<br \/>\nul. \u015bw. Wincentego 25A,C | 55-140 Wroc\u0142aw | Polsko<br \/>\nKontakt: d.chmielowiec[at]fer.org.pl<\/p>\n<p>&nbsp;<\/p>\n<\/div>\n    <\/div>\n","protected":false},"excerpt":{"rendered":"<p>&#8222;\u010cas na Odru&#8220; je mezin\u00e1rodn\u00ed partnerstv\u00ed t\u0159\u00ed \u0159\u00ed\u010dn\u00edch alianc\u00ed organizac\u00ed ob\u010dansk\u00e9 spole\u010dnosti. Zasazujeme se o trvalou ochranu \u0159eky Odry a jej\u00edho povod\u00ed pro ob\u010dany \u010cesk\u00e9 republiky, N\u011bmecka, Polska a Evropy. Jsme proti v\u00fdstavb\u011b mezin\u00e1rodn\u00ed vodn\u00ed cesty E30 a kan\u00e1lu Dunaj-Odra-Labe a prosazujeme udr\u017eiteln\u00fd rozvoj v povod\u00ed Odry.<\/p>\n","protected":false},"author":1,"featured_media":0,"parent":0,"menu_order":0,"comment_status":"closed","ping_status":"closed","template":"","meta":{"_acf_changed":false,"neve_meta_sidebar":"","neve_meta_container":"","neve_meta_enable_content_width":"","neve_meta_content_width":0,"neve_meta_title_alignment":"","neve_meta_author_avatar":"","neve_post_elements_order":"","neve_meta_disable_header":"","neve_meta_disable_footer":"","neve_meta_disable_title":"","neve_meta_reading_time":"","footnotes":""},"class_list":["post-2651","page","type-page","status-publish","hentry"],"acf":[],"yoast_head":"<!-- This site is optimized with the Yoast SEO plugin v27.3 - https:\/\/yoast.com\/product\/yoast-seo-wordpress\/ -->\n<title>O n\u00e1s - SaveOder<\/title>\n<meta name=\"robots\" content=\"index, follow, max-snippet:-1, max-image-preview:large, max-video-preview:-1\" \/>\n<link rel=\"canonical\" href=\"https:\/\/saveoder.org\/cs\/o-nas\/\" \/>\n<meta property=\"og:locale\" content=\"cs_CZ\" \/>\n<meta property=\"og:type\" content=\"article\" \/>\n<meta property=\"og:title\" content=\"O n\u00e1s - SaveOder\" \/>\n<meta property=\"og:description\" content=\"&#8222;\u010cas na Odru&#8220; je mezin\u00e1rodn\u00ed partnerstv\u00ed t\u0159\u00ed \u0159\u00ed\u010dn\u00edch alianc\u00ed organizac\u00ed ob\u010dansk\u00e9 spole\u010dnosti. Zasazujeme se o trvalou ochranu \u0159eky Odry a jej\u00edho povod\u00ed pro ob\u010dany \u010cesk\u00e9 republiky, N\u011bmecka, Polska a Evropy. Jsme proti v\u00fdstavb\u011b mezin\u00e1rodn\u00ed vodn\u00ed cesty E30 a kan\u00e1lu Dunaj-Odra-Labe a prosazujeme udr\u017eiteln\u00fd rozvoj v povod\u00ed Odry.\" \/>\n<meta property=\"og:url\" content=\"https:\/\/saveoder.org\/cs\/o-nas\/\" \/>\n<meta property=\"og:site_name\" content=\"SaveOder\" \/>\n<meta property=\"article:modified_time\" content=\"2023-10-12T11:26:04+00:00\" \/>\n<meta name=\"twitter:card\" content=\"summary_large_image\" \/>\n<meta name=\"twitter:label1\" content=\"Odhadovan\u00e1 doba \u010dten\u00ed\" \/>\n\t<meta name=\"twitter:data1\" content=\"1 minuta\" \/>\n<script type=\"application\/ld+json\" class=\"yoast-schema-graph\">{\"@context\":\"https:\\\/\\\/schema.org\",\"@graph\":[{\"@type\":\"WebPage\",\"@id\":\"https:\\\/\\\/saveoder.org\\\/cs\\\/o-nas\\\/\",\"url\":\"https:\\\/\\\/saveoder.org\\\/cs\\\/o-nas\\\/\",\"name\":\"O n\u00e1s - SaveOder\",\"isPartOf\":{\"@id\":\"https:\\\/\\\/saveoder.org\\\/cs\\\/#website\"},\"datePublished\":\"2021-10-16T19:19:49+00:00\",\"dateModified\":\"2023-10-12T11:26:04+00:00\",\"breadcrumb\":{\"@id\":\"https:\\\/\\\/saveoder.org\\\/cs\\\/o-nas\\\/#breadcrumb\"},\"inLanguage\":\"cs\",\"potentialAction\":[{\"@type\":\"ReadAction\",\"target\":[\"https:\\\/\\\/saveoder.org\\\/cs\\\/o-nas\\\/\"]}]},{\"@type\":\"BreadcrumbList\",\"@id\":\"https:\\\/\\\/saveoder.org\\\/cs\\\/o-nas\\\/#breadcrumb\",\"itemListElement\":[{\"@type\":\"ListItem\",\"position\":1,\"name\":\"Startseite\",\"item\":\"https:\\\/\\\/saveoder.org\\\/cs\\\/\"},{\"@type\":\"ListItem\",\"position\":2,\"name\":\"O n\u00e1s\"}]},{\"@type\":\"WebSite\",\"@id\":\"https:\\\/\\\/saveoder.org\\\/cs\\\/#website\",\"url\":\"https:\\\/\\\/saveoder.org\\\/cs\\\/\",\"name\":\"SaveOder\",\"description\":\"\",\"publisher\":{\"@id\":\"https:\\\/\\\/saveoder.org\\\/cs\\\/#organization\"},\"potentialAction\":[{\"@type\":\"SearchAction\",\"target\":{\"@type\":\"EntryPoint\",\"urlTemplate\":\"https:\\\/\\\/saveoder.org\\\/cs\\\/?s={search_term_string}\"},\"query-input\":{\"@type\":\"PropertyValueSpecification\",\"valueRequired\":true,\"valueName\":\"search_term_string\"}}],\"inLanguage\":\"cs\"},{\"@type\":\"Organization\",\"@id\":\"https:\\\/\\\/saveoder.org\\\/cs\\\/#organization\",\"name\":\"DNR\",\"url\":\"https:\\\/\\\/saveoder.org\\\/cs\\\/\",\"logo\":{\"@type\":\"ImageObject\",\"inLanguage\":\"cs\",\"@id\":\"https:\\\/\\\/saveoder.org\\\/cs\\\/#\\\/schema\\\/logo\\\/image\\\/\",\"url\":\"https:\\\/\\\/saveoder.org\\\/wp-content\\\/uploads\\\/2021\\\/08\\\/Czas-na-Odre_Logo_small_transparent.png\",\"contentUrl\":\"https:\\\/\\\/saveoder.org\\\/wp-content\\\/uploads\\\/2021\\\/08\\\/Czas-na-Odre_Logo_small_transparent.png\",\"width\":366,\"height\":366,\"caption\":\"DNR\"},\"image\":{\"@id\":\"https:\\\/\\\/saveoder.org\\\/cs\\\/#\\\/schema\\\/logo\\\/image\\\/\"}}]}<\/script>\n<!-- \/ Yoast SEO plugin. -->","yoast_head_json":{"title":"O n\u00e1s - SaveOder","robots":{"index":"index","follow":"follow","max-snippet":"max-snippet:-1","max-image-preview":"max-image-preview:large","max-video-preview":"max-video-preview:-1"},"canonical":"https:\/\/saveoder.org\/cs\/o-nas\/","og_locale":"cs_CZ","og_type":"article","og_title":"O n\u00e1s - SaveOder","og_description":"&#8222;\u010cas na Odru&#8220; je mezin\u00e1rodn\u00ed partnerstv\u00ed t\u0159\u00ed \u0159\u00ed\u010dn\u00edch alianc\u00ed organizac\u00ed ob\u010dansk\u00e9 spole\u010dnosti. Zasazujeme se o trvalou ochranu \u0159eky Odry a jej\u00edho povod\u00ed pro ob\u010dany \u010cesk\u00e9 republiky, N\u011bmecka, Polska a Evropy. Jsme proti v\u00fdstavb\u011b mezin\u00e1rodn\u00ed vodn\u00ed cesty E30 a kan\u00e1lu Dunaj-Odra-Labe a prosazujeme udr\u017eiteln\u00fd rozvoj v povod\u00ed Odry.","og_url":"https:\/\/saveoder.org\/cs\/o-nas\/","og_site_name":"SaveOder","article_modified_time":"2023-10-12T11:26:04+00:00","twitter_card":"summary_large_image","twitter_misc":{"Odhadovan\u00e1 doba \u010dten\u00ed":"1 minuta"},"schema":{"@context":"https:\/\/schema.org","@graph":[{"@type":"WebPage","@id":"https:\/\/saveoder.org\/cs\/o-nas\/","url":"https:\/\/saveoder.org\/cs\/o-nas\/","name":"O n\u00e1s - SaveOder","isPartOf":{"@id":"https:\/\/saveoder.org\/cs\/#website"},"datePublished":"2021-10-16T19:19:49+00:00","dateModified":"2023-10-12T11:26:04+00:00","breadcrumb":{"@id":"https:\/\/saveoder.org\/cs\/o-nas\/#breadcrumb"},"inLanguage":"cs","potentialAction":[{"@type":"ReadAction","target":["https:\/\/saveoder.org\/cs\/o-nas\/"]}]},{"@type":"BreadcrumbList","@id":"https:\/\/saveoder.org\/cs\/o-nas\/#breadcrumb","itemListElement":[{"@type":"ListItem","position":1,"name":"Startseite","item":"https:\/\/saveoder.org\/cs\/"},{"@type":"ListItem","position":2,"name":"O n\u00e1s"}]},{"@type":"WebSite","@id":"https:\/\/saveoder.org\/cs\/#website","url":"https:\/\/saveoder.org\/cs\/","name":"SaveOder","description":"","publisher":{"@id":"https:\/\/saveoder.org\/cs\/#organization"},"potentialAction":[{"@type":"SearchAction","target":{"@type":"EntryPoint","urlTemplate":"https:\/\/saveoder.org\/cs\/?s={search_term_string}"},"query-input":{"@type":"PropertyValueSpecification","valueRequired":true,"valueName":"search_term_string"}}],"inLanguage":"cs"},{"@type":"Organization","@id":"https:\/\/saveoder.org\/cs\/#organization","name":"DNR","url":"https:\/\/saveoder.org\/cs\/","logo":{"@type":"ImageObject","inLanguage":"cs","@id":"https:\/\/saveoder.org\/cs\/#\/schema\/logo\/image\/","url":"https:\/\/saveoder.org\/wp-content\/uploads\/2021\/08\/Czas-na-Odre_Logo_small_transparent.png","contentUrl":"https:\/\/saveoder.org\/wp-content\/uploads\/2021\/08\/Czas-na-Odre_Logo_small_transparent.png","width":366,"height":366,"caption":"DNR"},"image":{"@id":"https:\/\/saveoder.org\/cs\/#\/schema\/logo\/image\/"}}]}},"_links":{"self":[{"href":"https:\/\/saveoder.org\/cs\/wp-json\/wp\/v2\/pages\/2651","targetHints":{"allow":["GET"]}}],"collection":[{"href":"https:\/\/saveoder.org\/cs\/wp-json\/wp\/v2\/pages"}],"about":[{"href":"https:\/\/saveoder.org\/cs\/wp-json\/wp\/v2\/types\/page"}],"author":[{"embeddable":true,"href":"https:\/\/saveoder.org\/cs\/wp-json\/wp\/v2\/users\/1"}],"replies":[{"embeddable":true,"href":"https:\/\/saveoder.org\/cs\/wp-json\/wp\/v2\/comments?post=2651"}],"version-history":[{"count":10,"href":"https:\/\/saveoder.org\/cs\/wp-json\/wp\/v2\/pages\/2651\/revisions"}],"predecessor-version":[{"id":3097,"href":"https:\/\/saveoder.org\/cs\/wp-json\/wp\/v2\/pages\/2651\/revisions\/3097"}],"wp:attachment":[{"href":"https:\/\/saveoder.org\/cs\/wp-json\/wp\/v2\/media?parent=2651"}],"curies":[{"name":"wp","href":"https:\/\/api.w.org\/{rel}","templated":true}]}}