{"id":2673,"date":"2021-10-16T21:30:21","date_gmt":"2021-10-16T19:30:21","guid":{"rendered":"https:\/\/saveoder.org\/kontakt\/"},"modified":"2022-06-25T20:03:28","modified_gmt":"2022-06-25T18:03:28","slug":"kontakt","status":"publish","type":"page","link":"https:\/\/saveoder.org\/cs\/kontakt\/","title":{"rendered":"Petice"},"content":{"rendered":"    <div class=\"hero_container alignfull\">\n    \t<section id=\"hero-block_610aefa6a07f2\" class=\"hero alignfull\" style=\"background-image: linear-gradient(0deg, rgba(0, 0, 0, 0.2), rgba(0, 0, 0, 0.2)), url(https:\/\/saveoder.org\/wp-content\/uploads\/2021\/08\/05-19.jpg); \">\n      <\/section>\n      <div class=\"hero_infobox\">\n                          <h1>Dopis na ochranu Odry<\/h1>\n          <div class=\"green_line\"><\/div>\n                          <div class=\"infobox_text\">Spole\u010dn\u011b jsme napsali ve\u0159ejn\u00fd dopis koordin\u00e1torovi feder\u00e1ln\u00ed vl\u00e1dy v Polsku, Dr. Napsal Dietmar Woidke<\/div>\n              <\/div>\n\n    <\/div>\n\n\n\n    <div id=\"puretextblock-block_611f8d09242d8\" class=\"puretextblock_container\">\n      <div class=\"puretextblock_content\"><p><a href=\"https:\/\/worldriversday.com\/\" rel=\"noopener\" target=\"_blank\">Mezin\u00e1rodn\u00ed den \u0159ek (World Rivers Day)<\/a> se konal 26. z\u00e1\u0159\u00ed 2021. Byla to spr\u00e1vn\u00e1 p\u0159\u00edle\u017eitost, abychom koordin\u00e1torovi polsk\u00e9 vl\u00e1dy feder\u00e1ln\u00ed vl\u00e1dy pouk\u00e1zali na pot\u0159ebu chr\u00e1nit Odru. <\/p>\n<\/div>\n    <\/div>\n\n\n\n<figure class=\"wp-block-image size-large\"><img decoding=\"async\" width=\"1024\" height=\"683\" src=\"https:\/\/saveoder.org\/wp-content\/uploads\/2021\/09\/IMG_9209-1024x683.jpg\" alt=\"\" class=\"wp-image-2559\" srcset=\"https:\/\/saveoder.org\/wp-content\/uploads\/2021\/09\/IMG_9209-1024x683.jpg 1024w, https:\/\/saveoder.org\/wp-content\/uploads\/2021\/09\/IMG_9209-300x200.jpg 300w, https:\/\/saveoder.org\/wp-content\/uploads\/2021\/09\/IMG_9209-768x512.jpg 768w, https:\/\/saveoder.org\/wp-content\/uploads\/2021\/09\/IMG_9209-1536x1024.jpg 1536w, https:\/\/saveoder.org\/wp-content\/uploads\/2021\/09\/IMG_9209-2048x1365.jpg 2048w, https:\/\/saveoder.org\/wp-content\/uploads\/2021\/09\/IMG_9209-930x620.jpg 930w\" sizes=\"(max-width: 1024px) 100vw, 1024px\" \/><\/figure>\n","protected":false},"excerpt":{"rendered":"","protected":false},"author":1,"featured_media":0,"parent":0,"menu_order":0,"comment_status":"closed","ping_status":"closed","template":"","meta":{"_acf_changed":false,"neve_meta_sidebar":"","neve_meta_container":"","neve_meta_enable_content_width":"","neve_meta_content_width":0,"neve_meta_title_alignment":"","neve_meta_author_avatar":"","neve_post_elements_order":"","neve_meta_disable_header":"","neve_meta_disable_footer":"","neve_meta_disable_title":"","neve_meta_reading_time":"","footnotes":""},"class_list":["post-2673","page","type-page","status-publish","hentry"],"acf":[],"yoast_head":"<!-- This site is optimized with the Yoast SEO plugin v27.3 - https:\/\/yoast.com\/product\/yoast-seo-wordpress\/ -->\n<title>Petice - SaveOder<\/title>\n<meta name=\"robots\" content=\"index, follow, max-snippet:-1, max-image-preview:large, max-video-preview:-1\" \/>\n<link rel=\"canonical\" href=\"https:\/\/saveoder.org\/cs\/kontakt\/\" \/>\n<meta property=\"og:locale\" content=\"cs_CZ\" \/>\n<meta property=\"og:type\" content=\"article\" \/>\n<meta property=\"og:title\" content=\"Petice - SaveOder\" \/>\n<meta property=\"og:url\" content=\"https:\/\/saveoder.org\/cs\/kontakt\/\" \/>\n<meta property=\"og:site_name\" content=\"SaveOder\" \/>\n<meta property=\"article:modified_time\" content=\"2022-06-25T18:03:28+00:00\" \/>\n<meta property=\"og:image\" content=\"https:\/\/saveoder.org\/wp-content\/uploads\/2021\/09\/IMG_9209-1024x683.jpg\" \/>\n<meta name=\"twitter:card\" content=\"summary_large_image\" \/>\n<meta name=\"twitter:label1\" content=\"Odhadovan\u00e1 doba \u010dten\u00ed\" \/>\n\t<meta name=\"twitter:data1\" content=\"1 minuta\" \/>\n<script type=\"application\/ld+json\" class=\"yoast-schema-graph\">{\"@context\":\"https:\\\/\\\/schema.org\",\"@graph\":[{\"@type\":\"WebPage\",\"@id\":\"https:\\\/\\\/saveoder.org\\\/cs\\\/kontakt\\\/\",\"url\":\"https:\\\/\\\/saveoder.org\\\/cs\\\/kontakt\\\/\",\"name\":\"Petice - SaveOder\",\"isPartOf\":{\"@id\":\"https:\\\/\\\/saveoder.org\\\/cs\\\/#website\"},\"primaryImageOfPage\":{\"@id\":\"https:\\\/\\\/saveoder.org\\\/cs\\\/kontakt\\\/#primaryimage\"},\"image\":{\"@id\":\"https:\\\/\\\/saveoder.org\\\/cs\\\/kontakt\\\/#primaryimage\"},\"thumbnailUrl\":\"https:\\\/\\\/saveoder.org\\\/wp-content\\\/uploads\\\/2021\\\/09\\\/IMG_9209-1024x683.jpg\",\"datePublished\":\"2021-10-16T19:30:21+00:00\",\"dateModified\":\"2022-06-25T18:03:28+00:00\",\"breadcrumb\":{\"@id\":\"https:\\\/\\\/saveoder.org\\\/cs\\\/kontakt\\\/#breadcrumb\"},\"inLanguage\":\"cs\",\"potentialAction\":[{\"@type\":\"ReadAction\",\"target\":[\"https:\\\/\\\/saveoder.org\\\/cs\\\/kontakt\\\/\"]}]},{\"@type\":\"ImageObject\",\"inLanguage\":\"cs\",\"@id\":\"https:\\\/\\\/saveoder.org\\\/cs\\\/kontakt\\\/#primaryimage\",\"url\":\"https:\\\/\\\/saveoder.org\\\/wp-content\\\/uploads\\\/2021\\\/09\\\/IMG_9209-1024x683.jpg\",\"contentUrl\":\"https:\\\/\\\/saveoder.org\\\/wp-content\\\/uploads\\\/2021\\\/09\\\/IMG_9209-1024x683.jpg\"},{\"@type\":\"BreadcrumbList\",\"@id\":\"https:\\\/\\\/saveoder.org\\\/cs\\\/kontakt\\\/#breadcrumb\",\"itemListElement\":[{\"@type\":\"ListItem\",\"position\":1,\"name\":\"Startseite\",\"item\":\"https:\\\/\\\/saveoder.org\\\/cs\\\/\"},{\"@type\":\"ListItem\",\"position\":2,\"name\":\"Petice\"}]},{\"@type\":\"WebSite\",\"@id\":\"https:\\\/\\\/saveoder.org\\\/cs\\\/#website\",\"url\":\"https:\\\/\\\/saveoder.org\\\/cs\\\/\",\"name\":\"SaveOder\",\"description\":\"\",\"publisher\":{\"@id\":\"https:\\\/\\\/saveoder.org\\\/cs\\\/#organization\"},\"potentialAction\":[{\"@type\":\"SearchAction\",\"target\":{\"@type\":\"EntryPoint\",\"urlTemplate\":\"https:\\\/\\\/saveoder.org\\\/cs\\\/?s={search_term_string}\"},\"query-input\":{\"@type\":\"PropertyValueSpecification\",\"valueRequired\":true,\"valueName\":\"search_term_string\"}}],\"inLanguage\":\"cs\"},{\"@type\":\"Organization\",\"@id\":\"https:\\\/\\\/saveoder.org\\\/cs\\\/#organization\",\"name\":\"DNR\",\"url\":\"https:\\\/\\\/saveoder.org\\\/cs\\\/\",\"logo\":{\"@type\":\"ImageObject\",\"inLanguage\":\"cs\",\"@id\":\"https:\\\/\\\/saveoder.org\\\/cs\\\/#\\\/schema\\\/logo\\\/image\\\/\",\"url\":\"https:\\\/\\\/saveoder.org\\\/wp-content\\\/uploads\\\/2021\\\/08\\\/Czas-na-Odre_Logo_small_transparent.png\",\"contentUrl\":\"https:\\\/\\\/saveoder.org\\\/wp-content\\\/uploads\\\/2021\\\/08\\\/Czas-na-Odre_Logo_small_transparent.png\",\"width\":366,\"height\":366,\"caption\":\"DNR\"},\"image\":{\"@id\":\"https:\\\/\\\/saveoder.org\\\/cs\\\/#\\\/schema\\\/logo\\\/image\\\/\"}}]}<\/script>\n<!-- \/ Yoast SEO plugin. -->","yoast_head_json":{"title":"Petice - SaveOder","robots":{"index":"index","follow":"follow","max-snippet":"max-snippet:-1","max-image-preview":"max-image-preview:large","max-video-preview":"max-video-preview:-1"},"canonical":"https:\/\/saveoder.org\/cs\/kontakt\/","og_locale":"cs_CZ","og_type":"article","og_title":"Petice - SaveOder","og_url":"https:\/\/saveoder.org\/cs\/kontakt\/","og_site_name":"SaveOder","article_modified_time":"2022-06-25T18:03:28+00:00","og_image":[{"url":"https:\/\/saveoder.org\/wp-content\/uploads\/2021\/09\/IMG_9209-1024x683.jpg","type":"","width":"","height":""}],"twitter_card":"summary_large_image","twitter_misc":{"Odhadovan\u00e1 doba \u010dten\u00ed":"1 minuta"},"schema":{"@context":"https:\/\/schema.org","@graph":[{"@type":"WebPage","@id":"https:\/\/saveoder.org\/cs\/kontakt\/","url":"https:\/\/saveoder.org\/cs\/kontakt\/","name":"Petice - SaveOder","isPartOf":{"@id":"https:\/\/saveoder.org\/cs\/#website"},"primaryImageOfPage":{"@id":"https:\/\/saveoder.org\/cs\/kontakt\/#primaryimage"},"image":{"@id":"https:\/\/saveoder.org\/cs\/kontakt\/#primaryimage"},"thumbnailUrl":"https:\/\/saveoder.org\/wp-content\/uploads\/2021\/09\/IMG_9209-1024x683.jpg","datePublished":"2021-10-16T19:30:21+00:00","dateModified":"2022-06-25T18:03:28+00:00","breadcrumb":{"@id":"https:\/\/saveoder.org\/cs\/kontakt\/#breadcrumb"},"inLanguage":"cs","potentialAction":[{"@type":"ReadAction","target":["https:\/\/saveoder.org\/cs\/kontakt\/"]}]},{"@type":"ImageObject","inLanguage":"cs","@id":"https:\/\/saveoder.org\/cs\/kontakt\/#primaryimage","url":"https:\/\/saveoder.org\/wp-content\/uploads\/2021\/09\/IMG_9209-1024x683.jpg","contentUrl":"https:\/\/saveoder.org\/wp-content\/uploads\/2021\/09\/IMG_9209-1024x683.jpg"},{"@type":"BreadcrumbList","@id":"https:\/\/saveoder.org\/cs\/kontakt\/#breadcrumb","itemListElement":[{"@type":"ListItem","position":1,"name":"Startseite","item":"https:\/\/saveoder.org\/cs\/"},{"@type":"ListItem","position":2,"name":"Petice"}]},{"@type":"WebSite","@id":"https:\/\/saveoder.org\/cs\/#website","url":"https:\/\/saveoder.org\/cs\/","name":"SaveOder","description":"","publisher":{"@id":"https:\/\/saveoder.org\/cs\/#organization"},"potentialAction":[{"@type":"SearchAction","target":{"@type":"EntryPoint","urlTemplate":"https:\/\/saveoder.org\/cs\/?s={search_term_string}"},"query-input":{"@type":"PropertyValueSpecification","valueRequired":true,"valueName":"search_term_string"}}],"inLanguage":"cs"},{"@type":"Organization","@id":"https:\/\/saveoder.org\/cs\/#organization","name":"DNR","url":"https:\/\/saveoder.org\/cs\/","logo":{"@type":"ImageObject","inLanguage":"cs","@id":"https:\/\/saveoder.org\/cs\/#\/schema\/logo\/image\/","url":"https:\/\/saveoder.org\/wp-content\/uploads\/2021\/08\/Czas-na-Odre_Logo_small_transparent.png","contentUrl":"https:\/\/saveoder.org\/wp-content\/uploads\/2021\/08\/Czas-na-Odre_Logo_small_transparent.png","width":366,"height":366,"caption":"DNR"},"image":{"@id":"https:\/\/saveoder.org\/cs\/#\/schema\/logo\/image\/"}}]}},"_links":{"self":[{"href":"https:\/\/saveoder.org\/cs\/wp-json\/wp\/v2\/pages\/2673","targetHints":{"allow":["GET"]}}],"collection":[{"href":"https:\/\/saveoder.org\/cs\/wp-json\/wp\/v2\/pages"}],"about":[{"href":"https:\/\/saveoder.org\/cs\/wp-json\/wp\/v2\/types\/page"}],"author":[{"embeddable":true,"href":"https:\/\/saveoder.org\/cs\/wp-json\/wp\/v2\/users\/1"}],"replies":[{"embeddable":true,"href":"https:\/\/saveoder.org\/cs\/wp-json\/wp\/v2\/comments?post=2673"}],"version-history":[{"count":6,"href":"https:\/\/saveoder.org\/cs\/wp-json\/wp\/v2\/pages\/2673\/revisions"}],"predecessor-version":[{"id":2822,"href":"https:\/\/saveoder.org\/cs\/wp-json\/wp\/v2\/pages\/2673\/revisions\/2822"}],"wp:attachment":[{"href":"https:\/\/saveoder.org\/cs\/wp-json\/wp\/v2\/media?parent=2673"}],"curies":[{"name":"wp","href":"https:\/\/api.w.org\/{rel}","templated":true}]}}