{"id":2748,"date":"2022-02-24T12:04:23","date_gmt":"2022-02-24T11:04:23","guid":{"rendered":"https:\/\/saveoder.org\/?page_id=2748"},"modified":"2025-11-02T16:37:40","modified_gmt":"2025-11-02T15:37:40","slug":"freunde-der-oder","status":"publish","type":"page","link":"https:\/\/saveoder.org\/cs\/freunde-der-oder\/","title":{"rendered":"P\u0159\u00e1tel\u00e9 Odry"},"content":{"rendered":"\n<div class=\"mapbox_contribute_container\">\n      <h1>P\u0159\u00e1tel\u00e9 Odry: Anga\u017eovanost ob\u010dansk\u00e9 spole\u010dnosti<\/h1>\n    <div class=\"green_line\"><\/div>\n          <div class=\"subtitle\">Na t\u00e9to map\u011b jsou zobrazeni m\u00edstn\u00ed, region\u00e1ln\u00ed a nadn\u00e1rodn\u00ed akt\u00e9\u0159i ob\u010dansk\u00e9 spole\u010dnosti, kte\u0159\u00ed se zasazuj\u00ed o ochranu a zachov\u00e1n\u00ed ekologie, ekologick\u00e9 hodnoty pro n\u00e1s lidi, jako\u017e i jej\u00ed kr\u00e1sy a jedine\u010dnosti. Jedn\u00e1 se o akt\u00e9ry z \u0159ad obyvatelstva, obyvatele oblasti Odry, z\u00e1jemce o Odru a ochr\u00e1nce \u017eivotn\u00edho prost\u0159ed\u00ed a p\u0159\u00edrody v oblasti Odry. Organizuj\u00ed se v iniciativ\u00e1ch, m\u00edstn\u00edch ak\u010dn\u00edch skupin\u00e1ch, sdru\u017een\u00edch, alianc\u00edch, prosazuj\u00ed projekty v oblasti osv\u011bty nebo environment\u00e1ln\u00edho vzd\u011bl\u00e1v\u00e1n\u00ed, konkr\u00e9tn\u00ed ochranu p\u0159\u00edrody a \u017eivotn\u00edho prost\u0159ed\u00ed nebo se anga\u017euj\u00ed v region\u00e1ln\u00edm rozvoji, kter\u00fd je (zem\u011bd\u011blsky) udr\u017eiteln\u00fd.\r\n\r\nMaj\u00ed jedno spole\u010dn\u00e9: z na\u0161eho pohledu jsou to \u201ep\u0159\u00e1tel\u00e9 Odry\u201c! P\u0159isp\u00edvaj\u00ed k propojen\u00ed t\u0159\u00ed zem\u00ed le\u017e\u00edc\u00edch na \u0159ece Od\u0159e v r\u00e1mci ob\u010dansk\u00e9 spole\u010dnosti a zasazuj\u00ed se o rozvoj Odry a jej\u00edho \u00fadol\u00ed v souladu s p\u0159\u00edrodou a lidmi.<\/div>\n      \n  <div class=\"mapbox_map_area\">\n    \t\t<div id=\"maps-marker-pro-ca4dead5\" class=\"maps-marker-pro\" style=\"width: 100%;\">\n\t\t\t<div id=\"mmp-map-wrap-ca4dead5\" class=\"mmp-map-wrap\">\n\t\t\t\t\t\t\t\t<div id=\"mmp-map-ca4dead5\" class=\"mmp-map\" style=\"height: 920px;\"><\/div>\n\t\t\t\t\t\t\t<\/div>\n\t\t\t\t\t<\/div>\n\t\t  <\/div>\n\n  <div class=\"map_credits_icons\">\n    Icons: \u00a9 <a class=\"icons_link\" href=\"https:\/\/icons8.com\" target=\"_blank\" rel=\"noopener\">Icons8<\/a>\n  <\/div>\n<\/div>\n\n\n\n\n\n<div class=\"wp-block-columns is-layout-flex wp-container-core-columns-is-layout-9d6595d7 wp-block-columns-is-layout-flex\">\n<div class=\"wp-block-column is-layout-flow wp-block-column-is-layout-flow\">\n<p>Tato webov\u00e1 str\u00e1nka byla financov\u00e1na v r\u00e1mci projektu \u201eVybudov\u00e1n\u00ed n\u011bmecko-polsko-\u010desk\u00e9 s\u00edt\u011b pro environment\u00e1ln\u011b a ekologicky \u0161etrn\u00fd region\u00e1ln\u00ed rozvoj v povod\u00ed Odry\u201c podporovan\u00e9ho n\u011bmeck\u00fdm ministerstvem \u017eivotn\u00edho prost\u0159ed\u00ed (BMUV).<\/p>\n<\/div>\n\n\n\n<div class=\"wp-block-column is-layout-flow wp-block-column-is-layout-flow\">\n<figure class=\"wp-block-image size-full\"><img decoding=\"async\" width=\"278\" height=\"175\" src=\"https:\/\/saveoder.org\/wp-content\/uploads\/2025\/04\/BMUV_Fz_2021_Web_Farbe_de.png\" alt=\"\" class=\"wp-image-3379\"\/><\/figure>\n<\/div>\n<\/div>\n\n\n\n<p><\/p>\n","protected":false},"excerpt":{"rendered":"<p>Tato webov\u00e1 str\u00e1nka byla financov\u00e1na v r\u00e1mci projektu \u201eVybudov\u00e1n\u00ed n\u011bmecko-polsko-\u010desk\u00e9 s\u00edt\u011b pro environment\u00e1ln\u011b a ekologicky \u0161etrn\u00fd region\u00e1ln\u00ed rozvoj v povod\u00ed Odry\u201c podporovan\u00e9ho n\u011bmeck\u00fdm ministerstvem \u017eivotn\u00edho prost\u0159ed\u00ed (BMUV).<\/p>\n","protected":false},"author":1,"featured_media":0,"parent":0,"menu_order":0,"comment_status":"closed","ping_status":"closed","template":"","meta":{"_acf_changed":false,"neve_meta_sidebar":"full-width","neve_meta_container":"","neve_meta_enable_content_width":"on","neve_meta_content_width":100,"neve_meta_title_alignment":"","neve_meta_author_avatar":"","neve_post_elements_order":"","neve_meta_disable_header":"","neve_meta_disable_footer":"","neve_meta_disable_title":"","neve_meta_reading_time":"","footnotes":""},"class_list":["post-2748","page","type-page","status-publish","hentry"],"acf":[],"yoast_head":"<!-- This site is optimized with the Yoast SEO plugin v27.3 - https:\/\/yoast.com\/product\/yoast-seo-wordpress\/ -->\n<title>P\u0159\u00e1tel\u00e9 Odry - SaveOder<\/title>\n<meta name=\"robots\" content=\"index, follow, max-snippet:-1, max-image-preview:large, max-video-preview:-1\" \/>\n<link rel=\"canonical\" href=\"https:\/\/saveoder.org\/cs\/freunde-der-oder\/\" \/>\n<meta property=\"og:locale\" content=\"cs_CZ\" \/>\n<meta property=\"og:type\" content=\"article\" \/>\n<meta property=\"og:title\" content=\"P\u0159\u00e1tel\u00e9 Odry - SaveOder\" \/>\n<meta property=\"og:description\" content=\"Tato webov\u00e1 str\u00e1nka byla financov\u00e1na v r\u00e1mci projektu \u201eVybudov\u00e1n\u00ed n\u011bmecko-polsko-\u010desk\u00e9 s\u00edt\u011b pro environment\u00e1ln\u011b a ekologicky \u0161etrn\u00fd region\u00e1ln\u00ed rozvoj v povod\u00ed Odry\u201c podporovan\u00e9ho n\u011bmeck\u00fdm ministerstvem \u017eivotn\u00edho prost\u0159ed\u00ed (BMUV).\" \/>\n<meta property=\"og:url\" content=\"https:\/\/saveoder.org\/cs\/freunde-der-oder\/\" \/>\n<meta property=\"og:site_name\" content=\"SaveOder\" \/>\n<meta property=\"article:modified_time\" content=\"2025-11-02T15:37:40+00:00\" \/>\n<meta property=\"og:image\" content=\"https:\/\/saveoder.org\/wp-content\/uploads\/2025\/04\/BMUV_Fz_2021_Web_Farbe_de.png\" \/>\n\t<meta property=\"og:image:width\" content=\"278\" \/>\n\t<meta property=\"og:image:height\" content=\"175\" \/>\n\t<meta property=\"og:image:type\" content=\"image\/png\" \/>\n<meta name=\"twitter:card\" content=\"summary_large_image\" \/>\n<meta name=\"twitter:label1\" content=\"Odhadovan\u00e1 doba \u010dten\u00ed\" \/>\n\t<meta name=\"twitter:data1\" content=\"2 minuty\" \/>\n<script type=\"application\/ld+json\" class=\"yoast-schema-graph\">{\"@context\":\"https:\\\/\\\/schema.org\",\"@graph\":[{\"@type\":\"WebPage\",\"@id\":\"https:\\\/\\\/saveoder.org\\\/cs\\\/freunde-der-oder\\\/\",\"url\":\"https:\\\/\\\/saveoder.org\\\/cs\\\/freunde-der-oder\\\/\",\"name\":\"P\u0159\u00e1tel\u00e9 Odry - SaveOder\",\"isPartOf\":{\"@id\":\"https:\\\/\\\/saveoder.org\\\/cs\\\/#website\"},\"primaryImageOfPage\":{\"@id\":\"https:\\\/\\\/saveoder.org\\\/cs\\\/freunde-der-oder\\\/#primaryimage\"},\"image\":{\"@id\":\"https:\\\/\\\/saveoder.org\\\/cs\\\/freunde-der-oder\\\/#primaryimage\"},\"thumbnailUrl\":\"https:\\\/\\\/saveoder.org\\\/wp-content\\\/uploads\\\/2025\\\/04\\\/BMUV_Fz_2021_Web_Farbe_de.png\",\"datePublished\":\"2022-02-24T11:04:23+00:00\",\"dateModified\":\"2025-11-02T15:37:40+00:00\",\"breadcrumb\":{\"@id\":\"https:\\\/\\\/saveoder.org\\\/cs\\\/freunde-der-oder\\\/#breadcrumb\"},\"inLanguage\":\"cs\",\"potentialAction\":[{\"@type\":\"ReadAction\",\"target\":[\"https:\\\/\\\/saveoder.org\\\/cs\\\/freunde-der-oder\\\/\"]}]},{\"@type\":\"ImageObject\",\"inLanguage\":\"cs\",\"@id\":\"https:\\\/\\\/saveoder.org\\\/cs\\\/freunde-der-oder\\\/#primaryimage\",\"url\":\"https:\\\/\\\/saveoder.org\\\/wp-content\\\/uploads\\\/2025\\\/04\\\/BMUV_Fz_2021_Web_Farbe_de.png\",\"contentUrl\":\"https:\\\/\\\/saveoder.org\\\/wp-content\\\/uploads\\\/2025\\\/04\\\/BMUV_Fz_2021_Web_Farbe_de.png\"},{\"@type\":\"BreadcrumbList\",\"@id\":\"https:\\\/\\\/saveoder.org\\\/cs\\\/freunde-der-oder\\\/#breadcrumb\",\"itemListElement\":[{\"@type\":\"ListItem\",\"position\":1,\"name\":\"Startseite\",\"item\":\"https:\\\/\\\/saveoder.org\\\/cs\\\/\"},{\"@type\":\"ListItem\",\"position\":2,\"name\":\"P\u0159\u00e1tel\u00e9 Odry\"}]},{\"@type\":\"WebSite\",\"@id\":\"https:\\\/\\\/saveoder.org\\\/cs\\\/#website\",\"url\":\"https:\\\/\\\/saveoder.org\\\/cs\\\/\",\"name\":\"SaveOder\",\"description\":\"\",\"publisher\":{\"@id\":\"https:\\\/\\\/saveoder.org\\\/cs\\\/#organization\"},\"potentialAction\":[{\"@type\":\"SearchAction\",\"target\":{\"@type\":\"EntryPoint\",\"urlTemplate\":\"https:\\\/\\\/saveoder.org\\\/cs\\\/?s={search_term_string}\"},\"query-input\":{\"@type\":\"PropertyValueSpecification\",\"valueRequired\":true,\"valueName\":\"search_term_string\"}}],\"inLanguage\":\"cs\"},{\"@type\":\"Organization\",\"@id\":\"https:\\\/\\\/saveoder.org\\\/cs\\\/#organization\",\"name\":\"DNR\",\"url\":\"https:\\\/\\\/saveoder.org\\\/cs\\\/\",\"logo\":{\"@type\":\"ImageObject\",\"inLanguage\":\"cs\",\"@id\":\"https:\\\/\\\/saveoder.org\\\/cs\\\/#\\\/schema\\\/logo\\\/image\\\/\",\"url\":\"https:\\\/\\\/saveoder.org\\\/wp-content\\\/uploads\\\/2021\\\/08\\\/Czas-na-Odre_Logo_small_transparent.png\",\"contentUrl\":\"https:\\\/\\\/saveoder.org\\\/wp-content\\\/uploads\\\/2021\\\/08\\\/Czas-na-Odre_Logo_small_transparent.png\",\"width\":366,\"height\":366,\"caption\":\"DNR\"},\"image\":{\"@id\":\"https:\\\/\\\/saveoder.org\\\/cs\\\/#\\\/schema\\\/logo\\\/image\\\/\"}}]}<\/script>\n<!-- \/ Yoast SEO plugin. -->","yoast_head_json":{"title":"P\u0159\u00e1tel\u00e9 Odry - SaveOder","robots":{"index":"index","follow":"follow","max-snippet":"max-snippet:-1","max-image-preview":"max-image-preview:large","max-video-preview":"max-video-preview:-1"},"canonical":"https:\/\/saveoder.org\/cs\/freunde-der-oder\/","og_locale":"cs_CZ","og_type":"article","og_title":"P\u0159\u00e1tel\u00e9 Odry - SaveOder","og_description":"Tato webov\u00e1 str\u00e1nka byla financov\u00e1na v r\u00e1mci projektu \u201eVybudov\u00e1n\u00ed n\u011bmecko-polsko-\u010desk\u00e9 s\u00edt\u011b pro environment\u00e1ln\u011b a ekologicky \u0161etrn\u00fd region\u00e1ln\u00ed rozvoj v povod\u00ed Odry\u201c podporovan\u00e9ho n\u011bmeck\u00fdm ministerstvem \u017eivotn\u00edho prost\u0159ed\u00ed (BMUV).","og_url":"https:\/\/saveoder.org\/cs\/freunde-der-oder\/","og_site_name":"SaveOder","article_modified_time":"2025-11-02T15:37:40+00:00","og_image":[{"width":278,"height":175,"url":"https:\/\/saveoder.org\/wp-content\/uploads\/2025\/04\/BMUV_Fz_2021_Web_Farbe_de.png","type":"image\/png"}],"twitter_card":"summary_large_image","twitter_misc":{"Odhadovan\u00e1 doba \u010dten\u00ed":"2 minuty"},"schema":{"@context":"https:\/\/schema.org","@graph":[{"@type":"WebPage","@id":"https:\/\/saveoder.org\/cs\/freunde-der-oder\/","url":"https:\/\/saveoder.org\/cs\/freunde-der-oder\/","name":"P\u0159\u00e1tel\u00e9 Odry - SaveOder","isPartOf":{"@id":"https:\/\/saveoder.org\/cs\/#website"},"primaryImageOfPage":{"@id":"https:\/\/saveoder.org\/cs\/freunde-der-oder\/#primaryimage"},"image":{"@id":"https:\/\/saveoder.org\/cs\/freunde-der-oder\/#primaryimage"},"thumbnailUrl":"https:\/\/saveoder.org\/wp-content\/uploads\/2025\/04\/BMUV_Fz_2021_Web_Farbe_de.png","datePublished":"2022-02-24T11:04:23+00:00","dateModified":"2025-11-02T15:37:40+00:00","breadcrumb":{"@id":"https:\/\/saveoder.org\/cs\/freunde-der-oder\/#breadcrumb"},"inLanguage":"cs","potentialAction":[{"@type":"ReadAction","target":["https:\/\/saveoder.org\/cs\/freunde-der-oder\/"]}]},{"@type":"ImageObject","inLanguage":"cs","@id":"https:\/\/saveoder.org\/cs\/freunde-der-oder\/#primaryimage","url":"https:\/\/saveoder.org\/wp-content\/uploads\/2025\/04\/BMUV_Fz_2021_Web_Farbe_de.png","contentUrl":"https:\/\/saveoder.org\/wp-content\/uploads\/2025\/04\/BMUV_Fz_2021_Web_Farbe_de.png"},{"@type":"BreadcrumbList","@id":"https:\/\/saveoder.org\/cs\/freunde-der-oder\/#breadcrumb","itemListElement":[{"@type":"ListItem","position":1,"name":"Startseite","item":"https:\/\/saveoder.org\/cs\/"},{"@type":"ListItem","position":2,"name":"P\u0159\u00e1tel\u00e9 Odry"}]},{"@type":"WebSite","@id":"https:\/\/saveoder.org\/cs\/#website","url":"https:\/\/saveoder.org\/cs\/","name":"SaveOder","description":"","publisher":{"@id":"https:\/\/saveoder.org\/cs\/#organization"},"potentialAction":[{"@type":"SearchAction","target":{"@type":"EntryPoint","urlTemplate":"https:\/\/saveoder.org\/cs\/?s={search_term_string}"},"query-input":{"@type":"PropertyValueSpecification","valueRequired":true,"valueName":"search_term_string"}}],"inLanguage":"cs"},{"@type":"Organization","@id":"https:\/\/saveoder.org\/cs\/#organization","name":"DNR","url":"https:\/\/saveoder.org\/cs\/","logo":{"@type":"ImageObject","inLanguage":"cs","@id":"https:\/\/saveoder.org\/cs\/#\/schema\/logo\/image\/","url":"https:\/\/saveoder.org\/wp-content\/uploads\/2021\/08\/Czas-na-Odre_Logo_small_transparent.png","contentUrl":"https:\/\/saveoder.org\/wp-content\/uploads\/2021\/08\/Czas-na-Odre_Logo_small_transparent.png","width":366,"height":366,"caption":"DNR"},"image":{"@id":"https:\/\/saveoder.org\/cs\/#\/schema\/logo\/image\/"}}]}},"_links":{"self":[{"href":"https:\/\/saveoder.org\/cs\/wp-json\/wp\/v2\/pages\/2748","targetHints":{"allow":["GET"]}}],"collection":[{"href":"https:\/\/saveoder.org\/cs\/wp-json\/wp\/v2\/pages"}],"about":[{"href":"https:\/\/saveoder.org\/cs\/wp-json\/wp\/v2\/types\/page"}],"author":[{"embeddable":true,"href":"https:\/\/saveoder.org\/cs\/wp-json\/wp\/v2\/users\/1"}],"replies":[{"embeddable":true,"href":"https:\/\/saveoder.org\/cs\/wp-json\/wp\/v2\/comments?post=2748"}],"version-history":[{"count":21,"href":"https:\/\/saveoder.org\/cs\/wp-json\/wp\/v2\/pages\/2748\/revisions"}],"predecessor-version":[{"id":3590,"href":"https:\/\/saveoder.org\/cs\/wp-json\/wp\/v2\/pages\/2748\/revisions\/3590"}],"wp:attachment":[{"href":"https:\/\/saveoder.org\/cs\/wp-json\/wp\/v2\/media?parent=2748"}],"curies":[{"name":"wp","href":"https:\/\/api.w.org\/{rel}","templated":true}]}}