{"id":818,"date":"2021-08-01T17:56:30","date_gmt":"2021-08-01T15:56:30","guid":{"rendered":"https:\/\/saveoder.org\/media\/"},"modified":"2021-08-25T14:56:39","modified_gmt":"2021-08-25T12:56:39","slug":"media","status":"publish","type":"page","link":"https:\/\/saveoder.org\/en\/media\/","title":{"rendered":"Media"},"content":{"rendered":"\n    <div id=\"headline-block_61069fb77c7f4\" class=\"headline_container\">\n      <div class=\"headline_content headline-h2\">Videos<\/div>\n    <\/div>\n\n\n\n<div class=\"wp-block-columns full alignfull is-layout-flex wp-container-core-columns-is-layout-9d6595d7 wp-block-columns-is-layout-flex\">\n<div class=\"wp-block-column is-layout-flow wp-block-column-is-layout-flow\">\n<figure class=\"wp-block-embed is-type-video is-provider-youtube wp-block-embed-youtube wp-embed-aspect-16-9 wp-has-aspect-ratio\"><div class=\"wp-block-embed__wrapper\">\n<div class=\"nv-iframe-embed\"><iframe loading=\"lazy\" title=\"Rettet die Oder - kein Ausbau zum Kanal!\" width=\"1200\" height=\"675\" src=\"https:\/\/www.youtube.com\/embed\/ZAwclb-ozE8?feature=oembed\" frameborder=\"0\" allow=\"accelerometer; autoplay; clipboard-write; encrypted-media; gyroscope; picture-in-picture\" allowfullscreen><\/iframe><\/div>\n<\/div><figcaption>Border Oder &#8211; Film<\/figcaption><\/figure>\n\n\n\n<figure class=\"wp-block-embed is-type-video is-provider-vimeo wp-block-embed-vimeo wp-embed-aspect-16-9 wp-has-aspect-ratio\"><div class=\"wp-block-embed__wrapper\">\n<div class=\"nv-iframe-embed\"><iframe loading=\"lazy\" title=\"Say NO to canalisation of the Oder river\" src=\"https:\/\/player.vimeo.com\/video\/233464156?dnt=1&amp;app_id=122963&amp;h=6bca756d1d\" width=\"1200\" height=\"675\" frameborder=\"0\" allow=\"autoplay; fullscreen; picture-in-picture\" allowfullscreen><\/iframe><\/div>\n<\/div><figcaption>Say No to canalisation of the Oder river!\n<\/figcaption><\/figure>\n<\/div>\n\n\n\n<div class=\"wp-block-column is-layout-flow wp-block-column-is-layout-flow\">\n<figure class=\"wp-block-embed is-type-video is-provider-youtube wp-block-embed-youtube wp-embed-aspect-16-9 wp-has-aspect-ratio\"><div class=\"wp-block-embed__wrapper\">\n<div class=\"nv-iframe-embed\"><iframe loading=\"lazy\" title=\"RATUJMY RZEKI\" width=\"1200\" height=\"675\" src=\"https:\/\/www.youtube.com\/embed\/ASu45EWyDpM?feature=oembed\" frameborder=\"0\" allow=\"accelerometer; autoplay; clipboard-write; encrypted-media; gyroscope; picture-in-picture\" allowfullscreen><\/iframe><\/div>\n<\/div><figcaption>KRR &#8211; Let&#8217;s save the rivers<\/figcaption><\/figure>\n<\/div>\n<\/div>\n\n\n<div id=\"hbdkacheln_container\">\n    <div class=\"hbdkacheln_container_headline\">Fact Sheets<\/div>\n    <div class=\"hbdkacheln_container_subtext\"><\/div>\n      <div class=\"hbdkacheln_area\">\n                  <div class=\"hbdkachelnteaser\">\n            <div class=\"hbdkacheln_left\">\n                              <div class=\"hbdkacheln_image\"><image src='https:\/\/saveoder.org\/wp-content\/uploads\/2021\/08\/Preview-Factsheet-Lower-Oder-Valley-PL-300x300.jpg'><\/image><\/div>\n                <a class=\"hbdkacheln_button\" href=\"https:\/\/saveoder.org\/wp-content\/uploads\/2021\/08\/18_06_20_Oderprojekt_Zusammenfassung-final_EN.pdf\" target=\"_blank\">Download<image src='https:\/\/saveoder.org\/wp-content\/themes\/ngo-child\/assets\/image\/arrow-to-bottom.png'><\/image><\/a>            <\/div>\n            <div class=\"hbdkacheln_right\">\n              <div class=\"hbdkacheln_headline\">\n                Ecological Flood Protection in the Oder Catchment Area, with Emphasis on the Model Region &#8216;Lower Oder Valley&#8217;              <\/div>\n              <div class=\"hbdkacheln_content\"><p>Summary of the report &#8220;Effectiveness of the planned flood polder Mi\u0119dzyodrze and the concept for regulation for flood protection of the Lower Oder&#8221; of the engineering office  Gerstgraser (2018)<\/p>\n<\/div>\n              <div class=\"hbdkacheln_description\"><\/div>\n            <\/div>\n          <\/div>\n                  <div class=\"hbdkachelnteaser\">\n            <div class=\"hbdkacheln_left\">\n                              <div class=\"hbdkacheln_image\"><image src='https:\/\/saveoder.org\/wp-content\/uploads\/2021\/08\/Preview-WWF-Odra-Navigation-Analysis-EN-212x300.png'><\/image><\/div>\n                <a class=\"hbdkacheln_button\" href=\"https:\/\/saveoder.org\/wp-content\/uploads\/2021\/08\/odra_navigation_wwf_en_0506.pdf\" target=\"_blank\">Download<image src='https:\/\/saveoder.org\/wp-content\/themes\/ngo-child\/assets\/image\/arrow-to-bottom.png'><\/image><\/a>            <\/div>\n            <div class=\"hbdkacheln_right\">\n              <div class=\"hbdkacheln_headline\">\n                Analysis of the conditions and economic effectiveness of developing the Odra waterway &#8211; An Overview              <\/div>\n              <div class=\"hbdkacheln_content\"><p>&#8220;<span class=\"VIiyi\" lang=\"de\"><span class=\"JLqJ4b ChMk0b\" data-language-for-alternatives=\"de\" data-language-to-translate-into=\"en\" data-phrase-index=\"0\">Analysis of the conditions and economic effectiveness of developing the Odra waterway &#8211; An Overview<\/span><\/span>&#8221; of WWF Poland (2010)<\/p>\n<\/div>\n              <div class=\"hbdkacheln_description\"><\/div>\n            <\/div>\n          <\/div>\n          <\/div>\n<\/div>\n\n\n<div class=\"accordion-block-container accordion-block_6106a5eea2bb0\">\n      <div class=\"accordion_headline\">\n        Publications    <\/div>    <div class=\"accordion_content\">\n              <div class=\"accordion-block\">\n          \t\t<button class=\"accordion-block_6106a5eea2bb0 accordion\"><p>IGB (2020): <strong>Plans to develop the River Oder pose risks to nature and sustainable use.<\/strong> IGB Policy Brief, Leibniz Institute of Freshwater Ecology and Inland Fisheries, Berlin, Germany.<\/p>\n<\/button>\n          \t\t<div class=\"panel\">\n                <div class=\"panel_text\">\n          \t\t      <p>Researchers warn: Plans to regulate the River Oder endanger rare habitats and species as well as agriculture<\/p>\n                <\/div>\n                                  <a class=\"panel_read_link\" href=\"https:\/\/www.igb-berlin.de\/sites\/default\/files\/media-files\/download-files\/igb_policy_brief_2020_plans_to_regulate_the_river_oder_download.pdf\" target=\"\">Read more<image src='https:\/\/saveoder.org\/wp-content\/themes\/ngo-child\/assets\/image\/right-arrow.png'><\/image><\/a>                   <a class=\"panel_add_link\" href=\"https:\/\/www.igb-berlin.de\/news\/forscher-warnen-vor-ausbauplaenen-der-oder\" target=\"_blank\">Additional information<image src='https:\/\/saveoder.org\/wp-content\/themes\/ngo-child\/assets\/image\/Vector.png'><\/image><\/a>\n                          \t\t<\/div>\n            <\/div>\n        \t\t            <div class=\"accordion-block\">\n          \t\t<button class=\"accordion-block_6106a5eea2bb0 accordion\"><p><span id=\"page34046R_mcid4\" class=\"markedContent\"><span dir=\"ltr\" role=\"presentation\"><span id=\"page34046R_mcid10\" class=\"markedContent\">Grygoruk, <\/span><span id=\"page34046R_mcid11\" class=\"markedContent\">M., Osuch, P. &amp; <\/span><span id=\"page34046R_mcid12\" class=\"markedContent\">Trandziuk, P.<\/span> (2018): <strong>Delineati<\/strong><\/span><strong><span dir=\"ltr\" role=\"presentation\">on of key zones<\/span> <\/strong><\/span><strong><span id=\"page34046R_mcid5\" class=\"markedContent\"><span dir=\"ltr\" role=\"presentation\">for water retention enhancement <\/span> <\/span><span id=\"page34046R_mcid6\" class=\"markedContent\"><span dir=\"ltr\" role=\"presentation\">in the Polish part of the Oder catchment. <\/span><\/span><\/strong><span id=\"page34046R_mcid8\" class=\"markedContent\"><strong><span dir=\"ltr\" role=\"presentation\">Analysis of potential water retention in land <\/span><span dir=\"ltr\" role=\"presentation\">reclamation systems and its possible role in <\/span><\/strong><span dir=\"ltr\" role=\"presentation\"><strong>mitigating winter low flows of Oder.<\/strong> Report, <span id=\"page34046R_mcid14\" class=\"markedContent\">Stowarzyszenie Niezale\u017cnych Inicjatyw Nasza Natura<\/span>, Ignatki-Osiedle.<br \/>\n<\/span><\/span><\/p>\n<\/button>\n          \t\t<div class=\"panel\">\n                <div class=\"panel_text\">\n          \t\t      <p><a href=\"http:\/\/saveoder.org\/wp-content\/uploads\/2021\/08\/2018_06_20_Oderprojekt_Delineation_Grygoruk_final.pdf\">Delineation of key zones for water retention enhancement in the Polish part of the Oder catchment<\/a><\/p>\n                <\/div>\n                          \t\t<\/div>\n            <\/div>\n        \t\t            <div class=\"accordion-block\">\n          \t\t<button class=\"accordion-block_6106a5eea2bb0 accordion\"><p>\u0141awicki, \u0141., Pawlaczyk, P., \u015awierkosz, K. &amp; \u017burek, R. (2017): <strong>Poland: Central European large river ecosystems under unprecedented threat<\/strong>, in: Oryx , Volume 51 , Issue 3 , July 2017, pp. 397.<\/p>\n<\/button>\n          \t\t<div class=\"panel\">\n                <div class=\"panel_text\">\n          \t\t                      <\/div>\n                                  <a class=\"panel_read_link\" href=\"https:\/\/doi.org\/10.1017\/S0030605317000722\" target=\"_blank\">Read more<image src='https:\/\/saveoder.org\/wp-content\/themes\/ngo-child\/assets\/image\/right-arrow.png'><\/image><\/a>           \t\t<\/div>\n            <\/div>\n        \t\t  <\/div>\n<\/div>\n","protected":false},"excerpt":{"rendered":"","protected":false},"author":2,"featured_media":0,"parent":0,"menu_order":0,"comment_status":"closed","ping_status":"closed","template":"","meta":{"_acf_changed":false,"neve_meta_sidebar":"","neve_meta_container":"","neve_meta_enable_content_width":"","neve_meta_content_width":0,"neve_meta_title_alignment":"","neve_meta_author_avatar":"","neve_post_elements_order":"","neve_meta_disable_header":"","neve_meta_disable_footer":"","neve_meta_disable_title":"","neve_meta_reading_time":"","footnotes":""},"class_list":["post-818","page","type-page","status-publish","hentry"],"acf":[],"yoast_head":"<!-- This site is optimized with the Yoast SEO plugin v27.3 - https:\/\/yoast.com\/product\/yoast-seo-wordpress\/ -->\n<title>Media - SaveOder<\/title>\n<meta name=\"robots\" content=\"index, follow, max-snippet:-1, max-image-preview:large, max-video-preview:-1\" \/>\n<link rel=\"canonical\" href=\"https:\/\/saveoder.org\/en\/media\/\" \/>\n<meta property=\"og:locale\" content=\"en_US\" \/>\n<meta property=\"og:type\" content=\"article\" \/>\n<meta property=\"og:title\" content=\"Media - SaveOder\" \/>\n<meta property=\"og:url\" content=\"https:\/\/saveoder.org\/en\/media\/\" \/>\n<meta property=\"og:site_name\" content=\"SaveOder\" \/>\n<meta property=\"article:modified_time\" content=\"2021-08-25T12:56:39+00:00\" \/>\n<meta name=\"twitter:card\" content=\"summary_large_image\" \/>\n<meta name=\"twitter:label1\" content=\"Est. reading time\" \/>\n\t<meta name=\"twitter:data1\" content=\"1 minute\" \/>\n<script type=\"application\/ld+json\" class=\"yoast-schema-graph\">{\"@context\":\"https:\\\/\\\/schema.org\",\"@graph\":[{\"@type\":\"WebPage\",\"@id\":\"https:\\\/\\\/saveoder.org\\\/en\\\/media\\\/\",\"url\":\"https:\\\/\\\/saveoder.org\\\/en\\\/media\\\/\",\"name\":\"Media - SaveOder\",\"isPartOf\":{\"@id\":\"https:\\\/\\\/saveoder.org\\\/en\\\/#website\"},\"datePublished\":\"2021-08-01T15:56:30+00:00\",\"dateModified\":\"2021-08-25T12:56:39+00:00\",\"breadcrumb\":{\"@id\":\"https:\\\/\\\/saveoder.org\\\/en\\\/media\\\/#breadcrumb\"},\"inLanguage\":\"en-US\",\"potentialAction\":[{\"@type\":\"ReadAction\",\"target\":[\"https:\\\/\\\/saveoder.org\\\/en\\\/media\\\/\"]}]},{\"@type\":\"BreadcrumbList\",\"@id\":\"https:\\\/\\\/saveoder.org\\\/en\\\/media\\\/#breadcrumb\",\"itemListElement\":[{\"@type\":\"ListItem\",\"position\":1,\"name\":\"Startseite\",\"item\":\"https:\\\/\\\/saveoder.org\\\/en\\\/\"},{\"@type\":\"ListItem\",\"position\":2,\"name\":\"Media\"}]},{\"@type\":\"WebSite\",\"@id\":\"https:\\\/\\\/saveoder.org\\\/en\\\/#website\",\"url\":\"https:\\\/\\\/saveoder.org\\\/en\\\/\",\"name\":\"SaveOder\",\"description\":\"\",\"publisher\":{\"@id\":\"https:\\\/\\\/saveoder.org\\\/en\\\/#organization\"},\"potentialAction\":[{\"@type\":\"SearchAction\",\"target\":{\"@type\":\"EntryPoint\",\"urlTemplate\":\"https:\\\/\\\/saveoder.org\\\/en\\\/?s={search_term_string}\"},\"query-input\":{\"@type\":\"PropertyValueSpecification\",\"valueRequired\":true,\"valueName\":\"search_term_string\"}}],\"inLanguage\":\"en-US\"},{\"@type\":\"Organization\",\"@id\":\"https:\\\/\\\/saveoder.org\\\/en\\\/#organization\",\"name\":\"DNR\",\"url\":\"https:\\\/\\\/saveoder.org\\\/en\\\/\",\"logo\":{\"@type\":\"ImageObject\",\"inLanguage\":\"en-US\",\"@id\":\"https:\\\/\\\/saveoder.org\\\/en\\\/#\\\/schema\\\/logo\\\/image\\\/\",\"url\":\"https:\\\/\\\/saveoder.org\\\/wp-content\\\/uploads\\\/2021\\\/08\\\/Czas-na-Odre_Logo_small_transparent.png\",\"contentUrl\":\"https:\\\/\\\/saveoder.org\\\/wp-content\\\/uploads\\\/2021\\\/08\\\/Czas-na-Odre_Logo_small_transparent.png\",\"width\":366,\"height\":366,\"caption\":\"DNR\"},\"image\":{\"@id\":\"https:\\\/\\\/saveoder.org\\\/en\\\/#\\\/schema\\\/logo\\\/image\\\/\"}}]}<\/script>\n<!-- \/ Yoast SEO plugin. -->","yoast_head_json":{"title":"Media - SaveOder","robots":{"index":"index","follow":"follow","max-snippet":"max-snippet:-1","max-image-preview":"max-image-preview:large","max-video-preview":"max-video-preview:-1"},"canonical":"https:\/\/saveoder.org\/en\/media\/","og_locale":"en_US","og_type":"article","og_title":"Media - SaveOder","og_url":"https:\/\/saveoder.org\/en\/media\/","og_site_name":"SaveOder","article_modified_time":"2021-08-25T12:56:39+00:00","twitter_card":"summary_large_image","twitter_misc":{"Est. reading time":"1 minute"},"schema":{"@context":"https:\/\/schema.org","@graph":[{"@type":"WebPage","@id":"https:\/\/saveoder.org\/en\/media\/","url":"https:\/\/saveoder.org\/en\/media\/","name":"Media - SaveOder","isPartOf":{"@id":"https:\/\/saveoder.org\/en\/#website"},"datePublished":"2021-08-01T15:56:30+00:00","dateModified":"2021-08-25T12:56:39+00:00","breadcrumb":{"@id":"https:\/\/saveoder.org\/en\/media\/#breadcrumb"},"inLanguage":"en-US","potentialAction":[{"@type":"ReadAction","target":["https:\/\/saveoder.org\/en\/media\/"]}]},{"@type":"BreadcrumbList","@id":"https:\/\/saveoder.org\/en\/media\/#breadcrumb","itemListElement":[{"@type":"ListItem","position":1,"name":"Startseite","item":"https:\/\/saveoder.org\/en\/"},{"@type":"ListItem","position":2,"name":"Media"}]},{"@type":"WebSite","@id":"https:\/\/saveoder.org\/en\/#website","url":"https:\/\/saveoder.org\/en\/","name":"SaveOder","description":"","publisher":{"@id":"https:\/\/saveoder.org\/en\/#organization"},"potentialAction":[{"@type":"SearchAction","target":{"@type":"EntryPoint","urlTemplate":"https:\/\/saveoder.org\/en\/?s={search_term_string}"},"query-input":{"@type":"PropertyValueSpecification","valueRequired":true,"valueName":"search_term_string"}}],"inLanguage":"en-US"},{"@type":"Organization","@id":"https:\/\/saveoder.org\/en\/#organization","name":"DNR","url":"https:\/\/saveoder.org\/en\/","logo":{"@type":"ImageObject","inLanguage":"en-US","@id":"https:\/\/saveoder.org\/en\/#\/schema\/logo\/image\/","url":"https:\/\/saveoder.org\/wp-content\/uploads\/2021\/08\/Czas-na-Odre_Logo_small_transparent.png","contentUrl":"https:\/\/saveoder.org\/wp-content\/uploads\/2021\/08\/Czas-na-Odre_Logo_small_transparent.png","width":366,"height":366,"caption":"DNR"},"image":{"@id":"https:\/\/saveoder.org\/en\/#\/schema\/logo\/image\/"}}]}},"_links":{"self":[{"href":"https:\/\/saveoder.org\/en\/wp-json\/wp\/v2\/pages\/818","targetHints":{"allow":["GET"]}}],"collection":[{"href":"https:\/\/saveoder.org\/en\/wp-json\/wp\/v2\/pages"}],"about":[{"href":"https:\/\/saveoder.org\/en\/wp-json\/wp\/v2\/types\/page"}],"author":[{"embeddable":true,"href":"https:\/\/saveoder.org\/en\/wp-json\/wp\/v2\/users\/2"}],"replies":[{"embeddable":true,"href":"https:\/\/saveoder.org\/en\/wp-json\/wp\/v2\/comments?post=818"}],"version-history":[{"count":10,"href":"https:\/\/saveoder.org\/en\/wp-json\/wp\/v2\/pages\/818\/revisions"}],"predecessor-version":[{"id":2450,"href":"https:\/\/saveoder.org\/en\/wp-json\/wp\/v2\/pages\/818\/revisions\/2450"}],"wp:attachment":[{"href":"https:\/\/saveoder.org\/en\/wp-json\/wp\/v2\/media?parent=818"}],"curies":[{"name":"wp","href":"https:\/\/api.w.org\/{rel}","templated":true}]}}