{"id":1158,"date":"2021-08-15T10:16:38","date_gmt":"2021-08-15T08:16:38","guid":{"rendered":"https:\/\/saveoder.org\/media\/"},"modified":"2025-04-30T11:40:55","modified_gmt":"2025-04-30T09:40:55","slug":"media","status":"publish","type":"page","link":"https:\/\/saveoder.org\/pl\/media\/","title":{"rendered":"Media"},"content":{"rendered":"\n    <div id=\"headline-block_438be11d679ef8dd8193205b1f235159\" class=\"headline_container\">\n      <div class=\"headline_content headline-h2\">Wideo<\/div>\n    <\/div>\n\n\n\n<div class=\"wp-block-columns full alignfull is-layout-flex wp-container-core-columns-is-layout-9d6595d7 wp-block-columns-is-layout-flex\">\n<div class=\"wp-block-column is-layout-flow wp-block-column-is-layout-flow\">\n<figure class=\"wp-block-embed is-type-video is-provider-youtube wp-block-embed-youtube wp-embed-aspect-16-9 wp-has-aspect-ratio\"><div class=\"wp-block-embed__wrapper\">\n<div class=\"nv-iframe-embed\"><iframe loading=\"lazy\" title=\"Rettet die Oder - kein Ausbau zum Kanal!\" width=\"1200\" height=\"675\" src=\"https:\/\/www.youtube.com\/embed\/ZAwclb-ozE8?feature=oembed\" frameborder=\"0\" allow=\"accelerometer; autoplay; clipboard-write; encrypted-media; gyroscope; picture-in-picture; web-share\" referrerpolicy=\"strict-origin-when-cross-origin\" allowfullscreen><\/iframe><\/div>\n<\/div><figcaption class=\"wp-element-caption\">Film Odry Granicznej #SaveOder<\/figcaption><\/figure>\n\n\n\n<figure class=\"wp-block-embed is-type-video is-provider-youtube wp-block-embed-youtube wp-embed-aspect-16-9 wp-has-aspect-ratio\"><div class=\"wp-block-embed__wrapper\">\n<div class=\"nv-iframe-embed\"><iframe loading=\"lazy\" title=\"Mapa zagro\u017ce\u0144 na Odrze\" width=\"1200\" height=\"675\" src=\"https:\/\/www.youtube.com\/embed\/YS9K-Q9x_GA?feature=oembed\" frameborder=\"0\" allow=\"accelerometer; autoplay; clipboard-write; encrypted-media; gyroscope; picture-in-picture; web-share\" referrerpolicy=\"strict-origin-when-cross-origin\" allowfullscreen><\/iframe><\/div>\n<\/div><figcaption class=\"wp-element-caption\">Mapa zagro\u017ce\u0144: projekty infrastrukturalne na Odrze<\/figcaption><\/figure>\n<\/div>\n\n\n\n<div class=\"wp-block-column is-layout-flow wp-block-column-is-layout-flow\">\n<figure class=\"wp-block-embed is-type-video is-provider-youtube wp-block-embed-youtube wp-embed-aspect-16-9 wp-has-aspect-ratio\"><div class=\"wp-block-embed__wrapper\">\n<div class=\"nv-iframe-embed\"><iframe loading=\"lazy\" title=\"RATUJMY RZEKI\" width=\"1200\" height=\"675\" src=\"https:\/\/www.youtube.com\/embed\/ASu45EWyDpM?feature=oembed\" frameborder=\"0\" allow=\"accelerometer; autoplay; clipboard-write; encrypted-media; gyroscope; picture-in-picture; web-share\" referrerpolicy=\"strict-origin-when-cross-origin\" allowfullscreen><\/iframe><\/div>\n<\/div><figcaption class=\"wp-element-caption\">KRR &#8211; Udost\u0119pnij je\u015bli zale\u017cy Ci na rzekach Polski<\/figcaption><\/figure>\n<\/div>\n<\/div>\n\n\n<div id=\"hbdkacheln_container\">\n    <div class=\"hbdkacheln_container_headline\">Informacje dodatkowe<\/div>\n    <div class=\"hbdkacheln_container_subtext\"><\/div>\n      <div class=\"hbdkacheln_area\">\n                  <div class=\"hbdkachelnteaser\">\n            <div class=\"hbdkacheln_left\">\n                              <div class=\"hbdkacheln_image\"><image src='https:\/\/saveoder.org\/wp-content\/uploads\/2021\/08\/Preview-Factsheet-Lower-Oder-Valley-PL-1-232x300.jpg'><\/image><\/div>\n                <a class=\"hbdkacheln_button\" href=\"https:\/\/saveoder.org\/wp-content\/uploads\/2021\/08\/2018_06_20_Oderprojekt_Zusammenfassung-final_PL.pdf\" target=\"_blank\">Download<image src='https:\/\/saveoder.org\/wp-content\/themes\/ngo-child\/assets\/image\/arrow-to-bottom.png'><\/image><\/a>            <\/div>\n            <div class=\"hbdkacheln_right\">\n              <div class=\"hbdkacheln_headline\">\n                Przyjazna ludziom i przyrodzie ochrona przeciwpowodziowa obszaru zlewni rzeki Odry ze szczeg\u00f3lnym uwzgl\u0119dnieniem regionu Doliny Dolnej Odry              <\/div>\n              <div class=\"hbdkacheln_content\"><p>Podsumowanie zg\u0142osze\u0144 \u201eAnaliza potencjalnej retencji wody w systemach melioracyjnych i jej potencjalna rola w \u0142agodzeniu niskich przep\u0142yw\u00f3w zimowych Odry&#8221; oraz &#8222;Skuteczno\u015b\u0107 planowanego polderu zalewowego Mi\u0119dzyodrze i koncepcji regulacji cieku na popraw\u0119 ochrony przeciwpowodziowej na dolnej Odrze&#8221;<\/p>\n<\/div>\n              <div class=\"hbdkacheln_description\"><\/div>\n            <\/div>\n          <\/div>\n                  <div class=\"hbdkachelnteaser\">\n            <div class=\"hbdkacheln_left\">\n                              <div class=\"hbdkacheln_image\"><image src='https:\/\/saveoder.org\/wp-content\/uploads\/2021\/08\/Preview-WWF-Odra-Navigation-Analysis-EN-212x300.png'><\/image><\/div>\n                <a class=\"hbdkacheln_button\" href=\"https:\/\/saveoder.org\/wp-content\/uploads\/2021\/08\/analiza_odrzanskiej_drogi_wodnej_wwf_pl.pdf\" target=\"_blank\">Download<image src='https:\/\/saveoder.org\/wp-content\/themes\/ngo-child\/assets\/image\/arrow-to-bottom.png'><\/image><\/a>            <\/div>\n            <div class=\"hbdkacheln_right\">\n              <div class=\"hbdkacheln_headline\">\n                Analiza uwarunkowa\u0144 i efektywno\u015bci ekonomicznej rozwoju odrza\u0144skiej drogi wodnej &#8211; Synteza              <\/div>\n              <div class=\"hbdkacheln_content\"><p>\u201eAnaliza uwarunkowa\u0144 i efektywno\u015bci ekonomicznej rozwoju odrza\u0144skiej drogi wodnej\u201c WWF Polska (2010)<\/p>\n<\/div>\n              <div class=\"hbdkacheln_description\"><\/div>\n            <\/div>\n          <\/div>\n                  <div class=\"hbdkachelnteaser\">\n            <div class=\"hbdkacheln_left\">\n                          <\/div>\n            <div class=\"hbdkacheln_right\">\n              <div class=\"hbdkacheln_headline\">\n                              <\/div>\n              <div class=\"hbdkacheln_content\"><\/div>\n              <div class=\"hbdkacheln_description\"><\/div>\n            <\/div>\n          <\/div>\n          <\/div>\n<\/div>\n\n\n<div class=\"accordion-block-container accordion-block_9df32793bba3cd1da63621ac454f6e7b\">\n      <div class=\"accordion_headline\">\n        Publikacje     <\/div>    <div class=\"accordion_content\">\n              <div class=\"accordion-block\">\n          \t\t<button class=\"accordion-block_9df32793bba3cd1da63621ac454f6e7b accordion\"><p>Wagner, T. (2025): <strong>UDZIA\u0141 LOKALNEJ SPO\u0141ECZNO\u015aCI W POLITYCE WODNEJ W CELU <\/strong><strong>POPRAWY EKOLOGII W\u00d3D: Na przyk\u0142adzie uczestnictwa obywateli w regionie Hochrhein (Wysoki Ren) w Badenii-Wirtembergii.<\/strong> Studium przypadku, BUND Deutschland e.V., Berlin.<\/p>\n<\/button>\n          \t\t<div class=\"panel\">\n                <div class=\"panel_text\">\n          \t\t      <p style=\"margin: 0in; font-family: Calibri; font-size: 11.0pt;\"><div class=\"sdm_download_button_box_default\"><div class=\"sdm_download_link\"><a href=\"https:\/\/saveoder.org\/pl\/\/?sdm_process_download=1&#038;download_id=3496\" class=\"sdm_download green\" title=\"Studium przypadku Hochrhein &#8211; PL\" target=&quot;_blank&quot;>Pobierz PDF (1,38 MB)<\/a><\/div><\/div><\/p>\n                <\/div>\n                          \t\t<\/div>\n            <\/div>\n        \t\t            <div class=\"accordion-block\">\n          \t\t<button class=\"accordion-block_9df32793bba3cd1da63621ac454f6e7b accordion\"><p>Czas na Odr\u0119 (2023). <strong>Przysz\u0142o\u015b\u0107 Odry: zapoznaj si\u0119 z wizj\u0105 organizacji pozarz\u0105dowych mi\u0119dzynarodowej <\/strong><strong>Koalicji Czas na Odr\u0119.<\/strong> Mi\u0119dzynarodowa Koalicja &#8222;Czas na Odr\u0119&#8221;. Fundacja EkoRozwoju (Polska), Aktionsb\u00fcndnis lebendige Oder (Niemcy), Arnika-CEPO (Czechy).<\/p>\n<\/button>\n          \t\t<div class=\"panel\">\n                <div class=\"panel_text\">\n          \t\t      <p>Odra przyjazna ludziom i przyrodzie \u2013 to pozytywna wizja wypracowana przez organizacje pozarz\u0105dowe z Mi\u0119dzynarodowej Koalicji Czas na Odr\u0119 og\u0142oszona r\u00f3wnocze\u015bnie w Czechach, Polsce i Niemczech z okazji \u015awiatowego Dnia Rzek przypadaj\u0105cego na 24 wrze\u015bnia 2023 r.. Dokument, kt\u00f3ry zosta\u0142 uzgodniony na wrze\u015bniowej czesko-polsko-niemieckiej konferencji \u201ePrzysz\u0142o\u015b\u0107 Odry\u201d w Criewen, odnosi si\u0119 do potrzeb przyrody i spo\u0142eczno\u015bci \u017cyj\u0105cych wzd\u0142u\u017c rzeki, a tym samym wyra\u017anie kontrastuje z obecn\u0105 sytuacj\u0105, w tym ze szkodliwymi dla \u015brodowiska planami dalszej rozbudowy Odry.<\/p>\n                <\/div>\n                                  <a class=\"panel_read_link\" href=\"https:\/\/saveoder.org\/wp-content\/uploads\/2023\/10\/oder-vision-PL.pdf\" target=\"_blank\">Czytaj dalej<image src='https:\/\/saveoder.org\/wp-content\/themes\/ngo-child\/assets\/image\/right-arrow.png'><\/image><\/a>           \t\t<\/div>\n            <\/div>\n        \t\t            <div class=\"accordion-block\">\n          \t\t<button class=\"accordion-block_9df32793bba3cd1da63621ac454f6e7b accordion\"><p>IGB (2020): <strong>Plans to develop the River Oder pose risks to nature and sustainable use.<\/strong> IGB Policy Brief, Leibniz Institute of Freshwater Ecology and Inland Fisheries, Berlin, Germany.<\/p>\n<\/button>\n          \t\t<div class=\"panel\">\n                <div class=\"panel_text\">\n          \t\t      <p>Researchers warn: Plans to regulate the River Oder endanger rare habitats and species as well as agriculture<\/p>\n                <\/div>\n                                  <a class=\"panel_read_link\" href=\"https:\/\/www.igb-berlin.de\/sites\/default\/files\/media-files\/download-files\/igb_policy_brief_2020_plans_to_regulate_the_river_oder_download.pdf\" target=\"\">Czytaj dalej<image src='https:\/\/saveoder.org\/wp-content\/themes\/ngo-child\/assets\/image\/right-arrow.png'><\/image><\/a>                   <a class=\"panel_add_link\" href=\"https:\/\/www.igb-berlin.de\/news\/forscher-warnen-vor-ausbauplaenen-der-oder\" target=\"_blank\">Dodatkowe informacje<image src='https:\/\/saveoder.org\/wp-content\/themes\/ngo-child\/assets\/image\/Vector.png'><\/image><\/a>\n                          \t\t<\/div>\n            <\/div>\n        \t\t            <div class=\"accordion-block\">\n          \t\t<button class=\"accordion-block_9df32793bba3cd1da63621ac454f6e7b accordion\"><p>Karaczun, Z., Kassenberg, A. &amp; Siwicki, P. (2019): <strong>Oszacowanie \u015bladu w\u0119glowego rozbudowy drogi wodnej na \u015brodkowym odcinku rzeki Odry (od Brzegu Dolnego do uj\u015bcia Nysy \u0141u\u017cyckiej)<\/strong>, Warszawa, marzec.<\/p>\n<\/button>\n          \t\t<div class=\"panel\">\n                <div class=\"panel_text\">\n          \t\t      <p><a href=\"http:\/\/saveoder.org\/wp-content\/uploads\/2021\/08\/E20.pdf\" target=\"_blank\" rel=\"noopener\">Oszacowanie \u015bladu w\u0119glowego rozbudowy drogi wodnej na \u015brodkowym odcinku rzeki Odry<\/a><\/p>\n                <\/div>\n                          \t\t<\/div>\n            <\/div>\n        \t\t            <div class=\"accordion-block\">\n          \t\t<button class=\"accordion-block_9df32793bba3cd1da63621ac454f6e7b accordion\"><p>Gerstgraser, Ch., Schnauder, I. &amp; Domagalski, B. (2018): <strong>Skuteczno\u015b\u0107 planowanego polderu zalewowego Mi\u0119dzyodrze i koncepcji regulacji cieku na popraw\u0119 ochrony przeciwpowodziowej na dolnej Odrze<\/strong>. Raport, Gerstgraser Ingenieurb\u00fcro f\u00fcr Renaturierung, Cottbus.<\/p>\n<\/button>\n          \t\t<div class=\"panel\">\n                <div class=\"panel_text\">\n          \t\t      <p><a href=\"http:\/\/saveoder.org\/wp-content\/uploads\/2021\/08\/2018_06_20_Odra_Report_Gerstgraser_PL_errata.pdf\">Skuteczno\u015b\u0107 planowanego polderu zalewowego Mi\u0119dzyodrze i koncepcji regulacji cieku na popraw\u0119 ochrony przeciwpowodziowej na dolnej Odrze<\/a><\/p>\n                <\/div>\n                          \t\t<\/div>\n            <\/div>\n        \t\t            <div class=\"accordion-block\">\n          \t\t<button class=\"accordion-block_9df32793bba3cd1da63621ac454f6e7b accordion\"><p><span id=\"page34046R_mcid4\" class=\"markedContent\"><span dir=\"ltr\" role=\"presentation\"><span id=\"page34046R_mcid10\" class=\"markedContent\">Grygoruk, <\/span><span id=\"page34046R_mcid11\" class=\"markedContent\">M., Osuch, P. &amp; <\/span><span id=\"page34046R_mcid12\" class=\"markedContent\">Trandziuk, P.<\/span> (2018): <\/span><\/span><span id=\"page34046R_mcid8\" class=\"markedContent\"><span dir=\"ltr\" role=\"presentation\"><strong>Opis kluczowych obszar\u00f3w dla poprawy retencji wody w polskiej cz\u0119\u015bci zlewni rzeki Odry. Analiza potencjalnej retencji wody w systemach melioracyjnych i jej potencjalna rola w \u0142agodzeniu niskich przep\u0142yw\u00f3w zimowych Odry.<\/strong> Raport, <span id=\"page34046R_mcid14\" class=\"markedContent\">Stowarzyszenie Niezale\u017cnych Inicjatyw Nasza Natura<\/span>, Ignatki-Osiedle.<br \/>\n<\/span><\/span><\/p>\n<\/button>\n          \t\t<div class=\"panel\">\n                <div class=\"panel_text\">\n          \t\t      <p><a href=\"http:\/\/saveoder.org\/wp-content\/uploads\/uploads\/2021\/08\/Report_Oder_Grygoruk_pl.pdf\">Opis kluczowych obszar\u00f3w dla poprawy retencji wody w polskiej cz\u0119\u015bci zlewni rzeki Odry.<\/a><\/p>\n                <\/div>\n                          \t\t<\/div>\n            <\/div>\n        \t\t  <\/div>\n<\/div>\n","protected":false},"excerpt":{"rendered":"","protected":false},"author":2,"featured_media":0,"parent":0,"menu_order":0,"comment_status":"closed","ping_status":"closed","template":"","meta":{"_acf_changed":false,"neve_meta_sidebar":"","neve_meta_container":"","neve_meta_enable_content_width":"","neve_meta_content_width":0,"neve_meta_title_alignment":"","neve_meta_author_avatar":"","neve_post_elements_order":"","neve_meta_disable_header":"","neve_meta_disable_footer":"","neve_meta_disable_title":"","neve_meta_reading_time":"","footnotes":""},"class_list":["post-1158","page","type-page","status-publish","hentry"],"acf":[],"yoast_head":"<!-- This site is optimized with the Yoast SEO plugin v27.3 - https:\/\/yoast.com\/product\/yoast-seo-wordpress\/ -->\n<title>Media - SaveOder<\/title>\n<meta name=\"robots\" content=\"index, follow, max-snippet:-1, max-image-preview:large, max-video-preview:-1\" \/>\n<link rel=\"canonical\" href=\"https:\/\/saveoder.org\/pl\/media\/\" \/>\n<meta property=\"og:locale\" content=\"pl_PL\" \/>\n<meta property=\"og:type\" content=\"article\" \/>\n<meta property=\"og:title\" content=\"Media - SaveOder\" \/>\n<meta property=\"og:url\" content=\"https:\/\/saveoder.org\/pl\/media\/\" \/>\n<meta property=\"og:site_name\" content=\"SaveOder\" \/>\n<meta property=\"article:modified_time\" content=\"2025-04-30T09:40:55+00:00\" \/>\n<meta name=\"twitter:card\" content=\"summary_large_image\" \/>\n<meta name=\"twitter:label1\" content=\"Szacowany czas czytania\" \/>\n\t<meta name=\"twitter:data1\" content=\"4 minuty\" \/>\n<script type=\"application\/ld+json\" class=\"yoast-schema-graph\">{\"@context\":\"https:\\\/\\\/schema.org\",\"@graph\":[{\"@type\":\"WebPage\",\"@id\":\"https:\\\/\\\/saveoder.org\\\/pl\\\/media\\\/\",\"url\":\"https:\\\/\\\/saveoder.org\\\/pl\\\/media\\\/\",\"name\":\"Media - SaveOder\",\"isPartOf\":{\"@id\":\"https:\\\/\\\/saveoder.org\\\/pl\\\/#website\"},\"datePublished\":\"2021-08-15T08:16:38+00:00\",\"dateModified\":\"2025-04-30T09:40:55+00:00\",\"breadcrumb\":{\"@id\":\"https:\\\/\\\/saveoder.org\\\/pl\\\/media\\\/#breadcrumb\"},\"inLanguage\":\"pl-PL\",\"potentialAction\":[{\"@type\":\"ReadAction\",\"target\":[\"https:\\\/\\\/saveoder.org\\\/pl\\\/media\\\/\"]}]},{\"@type\":\"BreadcrumbList\",\"@id\":\"https:\\\/\\\/saveoder.org\\\/pl\\\/media\\\/#breadcrumb\",\"itemListElement\":[{\"@type\":\"ListItem\",\"position\":1,\"name\":\"Startseite\",\"item\":\"https:\\\/\\\/saveoder.org\\\/pl\\\/\"},{\"@type\":\"ListItem\",\"position\":2,\"name\":\"Media\"}]},{\"@type\":\"WebSite\",\"@id\":\"https:\\\/\\\/saveoder.org\\\/pl\\\/#website\",\"url\":\"https:\\\/\\\/saveoder.org\\\/pl\\\/\",\"name\":\"SaveOder\",\"description\":\"\",\"publisher\":{\"@id\":\"https:\\\/\\\/saveoder.org\\\/pl\\\/#organization\"},\"potentialAction\":[{\"@type\":\"SearchAction\",\"target\":{\"@type\":\"EntryPoint\",\"urlTemplate\":\"https:\\\/\\\/saveoder.org\\\/pl\\\/?s={search_term_string}\"},\"query-input\":{\"@type\":\"PropertyValueSpecification\",\"valueRequired\":true,\"valueName\":\"search_term_string\"}}],\"inLanguage\":\"pl-PL\"},{\"@type\":\"Organization\",\"@id\":\"https:\\\/\\\/saveoder.org\\\/pl\\\/#organization\",\"name\":\"DNR\",\"url\":\"https:\\\/\\\/saveoder.org\\\/pl\\\/\",\"logo\":{\"@type\":\"ImageObject\",\"inLanguage\":\"pl-PL\",\"@id\":\"https:\\\/\\\/saveoder.org\\\/pl\\\/#\\\/schema\\\/logo\\\/image\\\/\",\"url\":\"https:\\\/\\\/saveoder.org\\\/wp-content\\\/uploads\\\/2021\\\/08\\\/Czas-na-Odre_Logo_small_transparent.png\",\"contentUrl\":\"https:\\\/\\\/saveoder.org\\\/wp-content\\\/uploads\\\/2021\\\/08\\\/Czas-na-Odre_Logo_small_transparent.png\",\"width\":366,\"height\":366,\"caption\":\"DNR\"},\"image\":{\"@id\":\"https:\\\/\\\/saveoder.org\\\/pl\\\/#\\\/schema\\\/logo\\\/image\\\/\"}}]}<\/script>\n<!-- \/ Yoast SEO plugin. -->","yoast_head_json":{"title":"Media - SaveOder","robots":{"index":"index","follow":"follow","max-snippet":"max-snippet:-1","max-image-preview":"max-image-preview:large","max-video-preview":"max-video-preview:-1"},"canonical":"https:\/\/saveoder.org\/pl\/media\/","og_locale":"pl_PL","og_type":"article","og_title":"Media - SaveOder","og_url":"https:\/\/saveoder.org\/pl\/media\/","og_site_name":"SaveOder","article_modified_time":"2025-04-30T09:40:55+00:00","twitter_card":"summary_large_image","twitter_misc":{"Szacowany czas czytania":"4 minuty"},"schema":{"@context":"https:\/\/schema.org","@graph":[{"@type":"WebPage","@id":"https:\/\/saveoder.org\/pl\/media\/","url":"https:\/\/saveoder.org\/pl\/media\/","name":"Media - SaveOder","isPartOf":{"@id":"https:\/\/saveoder.org\/pl\/#website"},"datePublished":"2021-08-15T08:16:38+00:00","dateModified":"2025-04-30T09:40:55+00:00","breadcrumb":{"@id":"https:\/\/saveoder.org\/pl\/media\/#breadcrumb"},"inLanguage":"pl-PL","potentialAction":[{"@type":"ReadAction","target":["https:\/\/saveoder.org\/pl\/media\/"]}]},{"@type":"BreadcrumbList","@id":"https:\/\/saveoder.org\/pl\/media\/#breadcrumb","itemListElement":[{"@type":"ListItem","position":1,"name":"Startseite","item":"https:\/\/saveoder.org\/pl\/"},{"@type":"ListItem","position":2,"name":"Media"}]},{"@type":"WebSite","@id":"https:\/\/saveoder.org\/pl\/#website","url":"https:\/\/saveoder.org\/pl\/","name":"SaveOder","description":"","publisher":{"@id":"https:\/\/saveoder.org\/pl\/#organization"},"potentialAction":[{"@type":"SearchAction","target":{"@type":"EntryPoint","urlTemplate":"https:\/\/saveoder.org\/pl\/?s={search_term_string}"},"query-input":{"@type":"PropertyValueSpecification","valueRequired":true,"valueName":"search_term_string"}}],"inLanguage":"pl-PL"},{"@type":"Organization","@id":"https:\/\/saveoder.org\/pl\/#organization","name":"DNR","url":"https:\/\/saveoder.org\/pl\/","logo":{"@type":"ImageObject","inLanguage":"pl-PL","@id":"https:\/\/saveoder.org\/pl\/#\/schema\/logo\/image\/","url":"https:\/\/saveoder.org\/wp-content\/uploads\/2021\/08\/Czas-na-Odre_Logo_small_transparent.png","contentUrl":"https:\/\/saveoder.org\/wp-content\/uploads\/2021\/08\/Czas-na-Odre_Logo_small_transparent.png","width":366,"height":366,"caption":"DNR"},"image":{"@id":"https:\/\/saveoder.org\/pl\/#\/schema\/logo\/image\/"}}]}},"_links":{"self":[{"href":"https:\/\/saveoder.org\/pl\/wp-json\/wp\/v2\/pages\/1158","targetHints":{"allow":["GET"]}}],"collection":[{"href":"https:\/\/saveoder.org\/pl\/wp-json\/wp\/v2\/pages"}],"about":[{"href":"https:\/\/saveoder.org\/pl\/wp-json\/wp\/v2\/types\/page"}],"author":[{"embeddable":true,"href":"https:\/\/saveoder.org\/pl\/wp-json\/wp\/v2\/users\/2"}],"replies":[{"embeddable":true,"href":"https:\/\/saveoder.org\/pl\/wp-json\/wp\/v2\/comments?post=1158"}],"version-history":[{"count":35,"href":"https:\/\/saveoder.org\/pl\/wp-json\/wp\/v2\/pages\/1158\/revisions"}],"predecessor-version":[{"id":3499,"href":"https:\/\/saveoder.org\/pl\/wp-json\/wp\/v2\/pages\/1158\/revisions\/3499"}],"wp:attachment":[{"href":"https:\/\/saveoder.org\/pl\/wp-json\/wp\/v2\/media?parent=1158"}],"curies":[{"name":"wp","href":"https:\/\/api.w.org\/{rel}","templated":true}]}}