{"id":1216,"date":"2021-08-15T14:10:30","date_gmt":"2021-08-15T12:10:30","guid":{"rendered":"https:\/\/saveoder.org\/impressum\/"},"modified":"2021-08-27T08:24:50","modified_gmt":"2021-08-27T06:24:50","slug":"impressum","status":"publish","type":"page","link":"https:\/\/saveoder.org\/pl\/impressum\/","title":{"rendered":"Impressum"},"content":{"rendered":"\n<p class=\"has-large-font-size\">Impressum<\/p>\n\n\n\n<p>Deutscher Naturschutzring, Dachverband der deutschen Natur-, Tier- und Umweltschutzorganisationen (DNR) e.V.<br>[Niemieckie Ko\u0142o Ochrony Przyrody, zrzeszenie parasolowe niemieckich organizacji ochrony przyrody, zwierz\u0105t i \u015brodowiska]<\/p>\n\n\n\n<p>Prezes: Kai Niebert<br>Wiceprezes: Silvie Kreibiehl<br>Wiceprezes: Thomas Schr\u00f6der<\/p>\n\n\n\n<p>Marienstra\u00dfe 19-20 | 10117 Berlin | Niemcy<\/p>\n\n\n\n<p>tel.: +49 30 &#8211; 678177570 | fax: +49 30 &#8211; 678177580 | email: info[at]dnr[dot]de<\/p>\n\n\n\n<p><\/p>\n\n\n\n<p><strong>Odpowiedzialno\u015b\u0107 za tre\u015b\u0107i<\/strong><\/p>\n\n\n\n<p>Tre\u015bci zawarte na naszych stronach zosta\u0142y opracowane z najwi\u0119ksz\u0105 staranno\u015bci\u0105. Nie mo\u017cemy jednak zagwarantowa\u0107 poprawno\u015bci, kompletno\u015bci i aktualno\u015bci tre\u015bci. Jako us\u0142ugodawca zgodnie z \u00a7 7 ust. 1 niemieckiej ustawy o elektronicznych us\u0142ugach informacyjnych i komunikacyjnych (TMG) odpowiadamy za w\u0142asne tre\u015bci na tych stronach zgodnie z przepisami og\u00f3lnymi. Stosownie do \u00a7\u00a7 8 do 10 Ustawy (TMG) nie jeste\u015bmy jednak zobowi\u0105zani jako us\u0142ugodawca do monitorowania przekazywanych lub zapisywanych informacji os\u00f3b trzecich lub do badania okoliczno\u015bci wskazuj\u0105cych na dzia\u0142alno\u015b\u0107 niezgodn\u0105 z prawem.<br>Nie narusza to zobowi\u0105za\u0144 do usuni\u0119cia lub zablokowania wykorzystywania informacji zgodnie z og\u00f3lnymi przepisami prawa. Odpowiedzialno\u015b\u0107 w tym zakresie jest jednak mo\u017cliwa dopiero od momentu, w kt\u00f3rym znane jest konkretne naruszenie prawa. Je\u015bli dowiemy si\u0119 o takich naruszeniach, niezw\u0142ocznie usuniemy te tre\u015bci.<br>Artyku\u0142y autorek i autor\u00f3w wymienionych z imienia i nazwiska nie musz\u0105 odzwierciedla\u0107 opinii zespo\u0142u redakcyjnego lub wydawcy.<\/p>\n\n\n\n<p><strong>Odpowiedzialno\u015b\u0107 za linki<\/strong><\/p>\n\n\n\n<p>Nasza oferta zawiera linki do zewn\u0119trznych stron internetowych os\u00f3b trzecich, na kt\u00f3rych tre\u015b\u0107 nie mamy wp\u0142ywu. Dlatego nie mo\u017cemy przej\u0105\u0107 odpowiedzialno\u015bci za te tre\u015bci pochodz\u0105ce z zewn\u0105trz. Za tre\u015bci zawarte na stronach, do kt\u00f3rych odsy\u0142aj\u0105 linki, odpowiada zawsze dany oferent lub operator strony. Sta\u0142a kontrola zawarto\u015bci stron, do kt\u00f3rych odnosz\u0105 si\u0119 linki, nie jest uzasadniona bez konkretnych dowod\u00f3w naruszenia prawa. Je\u015bli dowiemy si\u0119 o naruszeniu prawa, natychmiast usuniemy takie linki.<\/p>\n\n\n\n<p><strong>Prawa autorskie<\/strong><\/p>\n\n\n\n<p>Tre\u015bci i dzie\u0142a stworzone przez operator\u00f3w stron na tych stronach podlegaj\u0105 niemieckiemu prawu autorskiemu. Artyku\u0142y os\u00f3b trzecich s\u0105 odpowiednio oznaczone. Powielanie, przetwarzanie, rozpowszechnianie i wszelkiego rodzaju wykorzystywanie wykraczaj\u0105ce poza ramy prawa autorskiego wymaga pisemnej zgody danego autora lub tw\u00f3rcy. Pobieranie i kopiowanie tej strony jest dozwolone tylko do prywatnego, niekomercyjnego u\u017cytku. Operator tych stron stara si\u0119 zawsze przestrzega\u0107 praw autorskich innych os\u00f3b lub korzysta\u0107 z dzie\u0142 stworzonych przez siebie b\u0105d\u017a dzie\u0142 udost\u0119pnionych publicznie bez licencji.<\/p>\n\n\n\n<p><strong>Ochrona danych<\/strong><\/p>\n\n\n\n<p>Je\u017celi na naszych stronach gromadzone s\u0105 dane osobowe (np. nazwisko, adres lub adresy e-mail), odbywa si\u0119 to w miar\u0119 mo\u017cliwo\u015bci zawsze na zasadzie dobrowolno\u015bci. Informujemy, \u017ce transmisja danych w Internecie (np. podczas komunikacji za pomoc\u0105 poczty elektronicznej) mo\u017ce posiada\u0107 luki w zabezpieczeniach. Pe\u0142na ochrona danych przed dost\u0119pem os\u00f3b trzecich nie jest mo\u017cliwa. Niniejszym jednoznacznie zabraniamy wykorzystywania danych kontaktowych opublikowanych w ramach obowi\u0105zku publikowania stopki redakcyjnej przez osoby trzecie w celu przesy\u0142ania materia\u0142\u00f3w reklamowych i informacyjnych, kt\u00f3re nie zosta\u0142y jednoznacznie zam\u00f3wione. Operatorzy stron zastrzegaj\u0105 sobie stanowczo prawo do podejmowania krok\u00f3w prawnych w przypadku przysy\u0142ania niezam\u00f3wionych informacji reklamowych, np. w formie spamu.<\/p>\n","protected":false},"excerpt":{"rendered":"<p>Impressum Deutscher Naturschutzring, Dachverband der deutschen Natur-, Tier- und Umweltschutzorganisationen (DNR) e.V.[Niemieckie Ko\u0142o Ochrony Przyrody, zrzeszenie parasolowe niemieckich organizacji ochrony przyrody, zwierz\u0105t i \u015brodowiska] Prezes: Kai NiebertWiceprezes: Silvie KreibiehlWiceprezes: Thomas Schr\u00f6der Marienstra\u00dfe 19-20 | 10117 Berlin | Niemcy tel.: +49 30 &#8211; 678177570 | fax: +49 30 &#8211; 678177580 | email: info[at]dnr[dot]de Odpowiedzialno\u015b\u0107 za tre\u015b\u0107i&hellip;&nbsp;<a href=\"https:\/\/saveoder.org\/pl\/impressum\/\" rel=\"bookmark\">Read More &raquo;<span class=\"screen-reader-text\">Impressum<\/span><\/a><\/p>\n","protected":false},"author":1,"featured_media":0,"parent":0,"menu_order":0,"comment_status":"closed","ping_status":"closed","template":"","meta":{"_acf_changed":false,"neve_meta_sidebar":"","neve_meta_container":"","neve_meta_enable_content_width":"","neve_meta_content_width":0,"neve_meta_title_alignment":"","neve_meta_author_avatar":"","neve_post_elements_order":"","neve_meta_disable_header":"","neve_meta_disable_footer":"","neve_meta_disable_title":"","neve_meta_reading_time":"","footnotes":""},"class_list":["post-1216","page","type-page","status-publish","hentry"],"acf":[],"yoast_head":"<!-- This site is optimized with the Yoast SEO plugin v27.3 - https:\/\/yoast.com\/product\/yoast-seo-wordpress\/ -->\n<title>Impressum - SaveOder<\/title>\n<meta name=\"robots\" content=\"index, follow, max-snippet:-1, max-image-preview:large, max-video-preview:-1\" \/>\n<link rel=\"canonical\" href=\"https:\/\/saveoder.org\/pl\/impressum\/\" \/>\n<meta property=\"og:locale\" content=\"pl_PL\" \/>\n<meta property=\"og:type\" content=\"article\" \/>\n<meta property=\"og:title\" content=\"Impressum - SaveOder\" \/>\n<meta property=\"og:description\" content=\"Impressum Deutscher Naturschutzring, Dachverband der deutschen Natur-, Tier- und Umweltschutzorganisationen (DNR) e.V.[Niemieckie Ko\u0142o Ochrony Przyrody, zrzeszenie parasolowe niemieckich organizacji ochrony przyrody, zwierz\u0105t i \u015brodowiska] Prezes: Kai NiebertWiceprezes: Silvie KreibiehlWiceprezes: Thomas Schr\u00f6der Marienstra\u00dfe 19-20 | 10117 Berlin | Niemcy tel.: +49 30 &#8211; 678177570 | fax: +49 30 &#8211; 678177580 | email: info[at]dnr[dot]de Odpowiedzialno\u015b\u0107 za tre\u015b\u0107i&hellip;&nbsp;Read More &raquo;Impressum\" \/>\n<meta property=\"og:url\" content=\"https:\/\/saveoder.org\/pl\/impressum\/\" \/>\n<meta property=\"og:site_name\" content=\"SaveOder\" \/>\n<meta property=\"article:modified_time\" content=\"2021-08-27T06:24:50+00:00\" \/>\n<meta name=\"twitter:card\" content=\"summary_large_image\" \/>\n<meta name=\"twitter:label1\" content=\"Szacowany czas czytania\" \/>\n\t<meta name=\"twitter:data1\" content=\"2 minuty\" \/>\n<script type=\"application\/ld+json\" class=\"yoast-schema-graph\">{\"@context\":\"https:\\\/\\\/schema.org\",\"@graph\":[{\"@type\":\"WebPage\",\"@id\":\"https:\\\/\\\/saveoder.org\\\/pl\\\/impressum\\\/\",\"url\":\"https:\\\/\\\/saveoder.org\\\/pl\\\/impressum\\\/\",\"name\":\"Impressum - SaveOder\",\"isPartOf\":{\"@id\":\"https:\\\/\\\/saveoder.org\\\/pl\\\/#website\"},\"datePublished\":\"2021-08-15T12:10:30+00:00\",\"dateModified\":\"2021-08-27T06:24:50+00:00\",\"breadcrumb\":{\"@id\":\"https:\\\/\\\/saveoder.org\\\/pl\\\/impressum\\\/#breadcrumb\"},\"inLanguage\":\"pl-PL\",\"potentialAction\":[{\"@type\":\"ReadAction\",\"target\":[\"https:\\\/\\\/saveoder.org\\\/pl\\\/impressum\\\/\"]}]},{\"@type\":\"BreadcrumbList\",\"@id\":\"https:\\\/\\\/saveoder.org\\\/pl\\\/impressum\\\/#breadcrumb\",\"itemListElement\":[{\"@type\":\"ListItem\",\"position\":1,\"name\":\"Startseite\",\"item\":\"https:\\\/\\\/saveoder.org\\\/pl\\\/\"},{\"@type\":\"ListItem\",\"position\":2,\"name\":\"Impressum\"}]},{\"@type\":\"WebSite\",\"@id\":\"https:\\\/\\\/saveoder.org\\\/pl\\\/#website\",\"url\":\"https:\\\/\\\/saveoder.org\\\/pl\\\/\",\"name\":\"SaveOder\",\"description\":\"\",\"publisher\":{\"@id\":\"https:\\\/\\\/saveoder.org\\\/pl\\\/#organization\"},\"potentialAction\":[{\"@type\":\"SearchAction\",\"target\":{\"@type\":\"EntryPoint\",\"urlTemplate\":\"https:\\\/\\\/saveoder.org\\\/pl\\\/?s={search_term_string}\"},\"query-input\":{\"@type\":\"PropertyValueSpecification\",\"valueRequired\":true,\"valueName\":\"search_term_string\"}}],\"inLanguage\":\"pl-PL\"},{\"@type\":\"Organization\",\"@id\":\"https:\\\/\\\/saveoder.org\\\/pl\\\/#organization\",\"name\":\"DNR\",\"url\":\"https:\\\/\\\/saveoder.org\\\/pl\\\/\",\"logo\":{\"@type\":\"ImageObject\",\"inLanguage\":\"pl-PL\",\"@id\":\"https:\\\/\\\/saveoder.org\\\/pl\\\/#\\\/schema\\\/logo\\\/image\\\/\",\"url\":\"https:\\\/\\\/saveoder.org\\\/wp-content\\\/uploads\\\/2021\\\/08\\\/Czas-na-Odre_Logo_small_transparent.png\",\"contentUrl\":\"https:\\\/\\\/saveoder.org\\\/wp-content\\\/uploads\\\/2021\\\/08\\\/Czas-na-Odre_Logo_small_transparent.png\",\"width\":366,\"height\":366,\"caption\":\"DNR\"},\"image\":{\"@id\":\"https:\\\/\\\/saveoder.org\\\/pl\\\/#\\\/schema\\\/logo\\\/image\\\/\"}}]}<\/script>\n<!-- \/ Yoast SEO plugin. -->","yoast_head_json":{"title":"Impressum - SaveOder","robots":{"index":"index","follow":"follow","max-snippet":"max-snippet:-1","max-image-preview":"max-image-preview:large","max-video-preview":"max-video-preview:-1"},"canonical":"https:\/\/saveoder.org\/pl\/impressum\/","og_locale":"pl_PL","og_type":"article","og_title":"Impressum - SaveOder","og_description":"Impressum Deutscher Naturschutzring, Dachverband der deutschen Natur-, Tier- und Umweltschutzorganisationen (DNR) e.V.[Niemieckie Ko\u0142o Ochrony Przyrody, zrzeszenie parasolowe niemieckich organizacji ochrony przyrody, zwierz\u0105t i \u015brodowiska] Prezes: Kai NiebertWiceprezes: Silvie KreibiehlWiceprezes: Thomas Schr\u00f6der Marienstra\u00dfe 19-20 | 10117 Berlin | Niemcy tel.: +49 30 &#8211; 678177570 | fax: +49 30 &#8211; 678177580 | email: info[at]dnr[dot]de Odpowiedzialno\u015b\u0107 za tre\u015b\u0107i&hellip;&nbsp;Read More &raquo;Impressum","og_url":"https:\/\/saveoder.org\/pl\/impressum\/","og_site_name":"SaveOder","article_modified_time":"2021-08-27T06:24:50+00:00","twitter_card":"summary_large_image","twitter_misc":{"Szacowany czas czytania":"2 minuty"},"schema":{"@context":"https:\/\/schema.org","@graph":[{"@type":"WebPage","@id":"https:\/\/saveoder.org\/pl\/impressum\/","url":"https:\/\/saveoder.org\/pl\/impressum\/","name":"Impressum - SaveOder","isPartOf":{"@id":"https:\/\/saveoder.org\/pl\/#website"},"datePublished":"2021-08-15T12:10:30+00:00","dateModified":"2021-08-27T06:24:50+00:00","breadcrumb":{"@id":"https:\/\/saveoder.org\/pl\/impressum\/#breadcrumb"},"inLanguage":"pl-PL","potentialAction":[{"@type":"ReadAction","target":["https:\/\/saveoder.org\/pl\/impressum\/"]}]},{"@type":"BreadcrumbList","@id":"https:\/\/saveoder.org\/pl\/impressum\/#breadcrumb","itemListElement":[{"@type":"ListItem","position":1,"name":"Startseite","item":"https:\/\/saveoder.org\/pl\/"},{"@type":"ListItem","position":2,"name":"Impressum"}]},{"@type":"WebSite","@id":"https:\/\/saveoder.org\/pl\/#website","url":"https:\/\/saveoder.org\/pl\/","name":"SaveOder","description":"","publisher":{"@id":"https:\/\/saveoder.org\/pl\/#organization"},"potentialAction":[{"@type":"SearchAction","target":{"@type":"EntryPoint","urlTemplate":"https:\/\/saveoder.org\/pl\/?s={search_term_string}"},"query-input":{"@type":"PropertyValueSpecification","valueRequired":true,"valueName":"search_term_string"}}],"inLanguage":"pl-PL"},{"@type":"Organization","@id":"https:\/\/saveoder.org\/pl\/#organization","name":"DNR","url":"https:\/\/saveoder.org\/pl\/","logo":{"@type":"ImageObject","inLanguage":"pl-PL","@id":"https:\/\/saveoder.org\/pl\/#\/schema\/logo\/image\/","url":"https:\/\/saveoder.org\/wp-content\/uploads\/2021\/08\/Czas-na-Odre_Logo_small_transparent.png","contentUrl":"https:\/\/saveoder.org\/wp-content\/uploads\/2021\/08\/Czas-na-Odre_Logo_small_transparent.png","width":366,"height":366,"caption":"DNR"},"image":{"@id":"https:\/\/saveoder.org\/pl\/#\/schema\/logo\/image\/"}}]}},"_links":{"self":[{"href":"https:\/\/saveoder.org\/pl\/wp-json\/wp\/v2\/pages\/1216","targetHints":{"allow":["GET"]}}],"collection":[{"href":"https:\/\/saveoder.org\/pl\/wp-json\/wp\/v2\/pages"}],"about":[{"href":"https:\/\/saveoder.org\/pl\/wp-json\/wp\/v2\/types\/page"}],"author":[{"embeddable":true,"href":"https:\/\/saveoder.org\/pl\/wp-json\/wp\/v2\/users\/1"}],"replies":[{"embeddable":true,"href":"https:\/\/saveoder.org\/pl\/wp-json\/wp\/v2\/comments?post=1216"}],"version-history":[{"count":8,"href":"https:\/\/saveoder.org\/pl\/wp-json\/wp\/v2\/pages\/1216\/revisions"}],"predecessor-version":[{"id":2538,"href":"https:\/\/saveoder.org\/pl\/wp-json\/wp\/v2\/pages\/1216\/revisions\/2538"}],"wp:attachment":[{"href":"https:\/\/saveoder.org\/pl\/wp-json\/wp\/v2\/media?parent=1216"}],"curies":[{"name":"wp","href":"https:\/\/api.w.org\/{rel}","templated":true}]}}