{"id":1218,"date":"2021-08-15T14:31:11","date_gmt":"2021-08-15T12:31:11","guid":{"rendered":"https:\/\/saveoder.org\/ochrona-danych\/"},"modified":"2021-08-27T08:20:02","modified_gmt":"2021-08-27T06:20:02","slug":"ochrona-danych","status":"publish","type":"page","link":"https:\/\/saveoder.org\/pl\/ochrona-danych\/","title":{"rendered":"Ochrona danych"},"content":{"rendered":"\n    <div id=\"headline-block_6105624493083\" class=\"headline_container\">\n      <div class=\"headline_content headline-h1\">Ochrona danych osobowych<\/div>\n    <\/div>\n\n\n\n<p>Niniejsza polityka prywatno\u015bci opisuje spos\u00f3b przetwarzania danych osobowych podczas korzystania ze stron internetowych DNR, w tym z aplikacji mobilnych (nasze &#8222;Aplikacje&#8221;). Wyja\u015bnia r\u00f3wnie\u017c, jakie masz mo\u017cliwo\u015bci wyboru w odniesieniu do swoich danych osobowych (&#8222;Twoje prawa&#8221;) i jak mo\u017cesz si\u0119 z nami skontaktowa\u0107.<\/p>\n\n\n\n<p>Obowi\u0105zuj\u0105ce przepisy o ochronie danych osobowych, w szczeg\u00f3lno\u015bci og\u00f3lne rozporz\u0105dzenie UE o ochronie danych (RODO) oraz niemiecka federalna ustawa o ochronie danych osobowych (Bundesdatenschutzgesetz), zobowi\u0105zuj\u0105 nas do w\u0142a\u015bciwego i zgodnego z przeznaczeniem post\u0119powania z danymi u\u017cytkownik\u00f3w naszej strony internetowej.<\/p>\n\n\n\n<ul class=\"wp-block-list\"><li><a href=\"https:\/\/www.dnr.de\/fileadmin\/Der_DNR\/Datenschutz\/20180504_DNR_Datenschutzhinweise_nach_DSGVO_-_05-2018.pdf\" target=\"_blank\" rel=\"noreferrer noopener\">Tutaj znajdziesz szczeg\u00f3\u0142owe informacje na temat przetwarzania danych przez DNR zgodnie z og\u00f3lnym rozporz\u0105dzeniem UE o ochronie danych (RODO)<\/a><\/li><\/ul>\n\n\n\n<p><\/p>\n\n\n\n    <div id=\"headline-block_610563f893084\" class=\"headline_container\">\n      <div class=\"headline_content headline-h3\">Odpowiedzialno\u015b\u0107 i inspektor ochrony danych<\/div>\n    <\/div>\n\n\n\n<p>Osob\u0105 odpowiedzialn\u0105 w rozumieniu RODO jest Deutscher Naturschutzring, Dachverband der deutschen Natur-, Tier- und Umweltschutzorganisationen (DNR) e.V.<br><\/p>\n\n\n\n<p>Marienstra\u00dfe 19-20 | D-10117 Berlin | Niemcy<br>tel.: +49 30 &#8211; 678 1775 70 | fax: +49 30 &#8211; 678 1775 80 | email: info[at]dnr[dot]de<br><\/p>\n\n\n\n<p>Rejestr Stowarzysze\u0144: Berlin VR 34116 B<br><\/p>\n\n\n\n<p>Nr identyfikacji podatkowej: 27\/663\/62218<br><\/p>\n\n\n\n<p>Reprezentacja prawna: prezes: Prof. Dr. Kai Niebert, wiceprezes: Silvie Kreibiehl i wiceprezes: Thomas Schr\u00f6der<\/p>\n\n\n\n<p>W razie pyta\u0144 dotycz\u0105cych przetwarzania przez nas Twoich danych osobowych lub og\u00f3lnie ochrony danych, prosimy o kontakt z inspektorem ochrony danych pod powy\u017cszym adresem.<\/p>\n\n\n\n<ul class=\"wp-block-list\"><li><a href=\"https:\/\/www.dnr.de\/datenschutz\/\" target=\"_blank\" rel=\"noreferrer noopener\">Wi\u0119cej informacji znajdziesz na stronie organizacji Deutscher Naturschutzring (DNR), dotycz\u0105cej ochrony danych.<\/a><\/li><\/ul>\n","protected":false},"excerpt":{"rendered":"<p>Niniejsza polityka prywatno\u015bci opisuje spos\u00f3b przetwarzania danych osobowych podczas korzystania ze stron internetowych DNR, w tym z aplikacji mobilnych (nasze &#8222;Aplikacje&#8221;). Wyja\u015bnia r\u00f3wnie\u017c, jakie masz mo\u017cliwo\u015bci wyboru w odniesieniu do swoich danych osobowych (&#8222;Twoje prawa&#8221;) i jak mo\u017cesz si\u0119 z nami skontaktowa\u0107. Obowi\u0105zuj\u0105ce przepisy o ochronie danych osobowych, w szczeg\u00f3lno\u015bci og\u00f3lne rozporz\u0105dzenie UE o ochronie&hellip;&nbsp;<a href=\"https:\/\/saveoder.org\/pl\/ochrona-danych\/\" rel=\"bookmark\">Read More &raquo;<span class=\"screen-reader-text\">Ochrona danych<\/span><\/a><\/p>\n","protected":false},"author":1,"featured_media":0,"parent":0,"menu_order":0,"comment_status":"closed","ping_status":"closed","template":"","meta":{"_acf_changed":false,"neve_meta_sidebar":"","neve_meta_container":"","neve_meta_enable_content_width":"","neve_meta_content_width":0,"neve_meta_title_alignment":"","neve_meta_author_avatar":"","neve_post_elements_order":"","neve_meta_disable_header":"","neve_meta_disable_footer":"","neve_meta_disable_title":"","neve_meta_reading_time":"","footnotes":""},"class_list":["post-1218","page","type-page","status-publish","hentry"],"acf":[],"yoast_head":"<!-- This site is optimized with the Yoast SEO plugin v27.3 - https:\/\/yoast.com\/product\/yoast-seo-wordpress\/ -->\n<title>Ochrona danych - SaveOder<\/title>\n<meta name=\"robots\" content=\"index, follow, max-snippet:-1, max-image-preview:large, max-video-preview:-1\" \/>\n<link rel=\"canonical\" href=\"https:\/\/saveoder.org\/pl\/ochrona-danych\/\" \/>\n<meta property=\"og:locale\" content=\"pl_PL\" \/>\n<meta property=\"og:type\" content=\"article\" \/>\n<meta property=\"og:title\" content=\"Ochrona danych - SaveOder\" \/>\n<meta property=\"og:description\" content=\"Niniejsza polityka prywatno\u015bci opisuje spos\u00f3b przetwarzania danych osobowych podczas korzystania ze stron internetowych DNR, w tym z aplikacji mobilnych (nasze &#8222;Aplikacje&#8221;). Wyja\u015bnia r\u00f3wnie\u017c, jakie masz mo\u017cliwo\u015bci wyboru w odniesieniu do swoich danych osobowych (&#8222;Twoje prawa&#8221;) i jak mo\u017cesz si\u0119 z nami skontaktowa\u0107. Obowi\u0105zuj\u0105ce przepisy o ochronie danych osobowych, w szczeg\u00f3lno\u015bci og\u00f3lne rozporz\u0105dzenie UE o ochronie&hellip;&nbsp;Read More &raquo;Ochrona danych\" \/>\n<meta property=\"og:url\" content=\"https:\/\/saveoder.org\/pl\/ochrona-danych\/\" \/>\n<meta property=\"og:site_name\" content=\"SaveOder\" \/>\n<meta property=\"article:modified_time\" content=\"2021-08-27T06:20:02+00:00\" \/>\n<meta name=\"twitter:card\" content=\"summary_large_image\" \/>\n<meta name=\"twitter:label1\" content=\"Szacowany czas czytania\" \/>\n\t<meta name=\"twitter:data1\" content=\"1 minuta\" \/>\n<script type=\"application\/ld+json\" class=\"yoast-schema-graph\">{\"@context\":\"https:\\\/\\\/schema.org\",\"@graph\":[{\"@type\":\"WebPage\",\"@id\":\"https:\\\/\\\/saveoder.org\\\/pl\\\/ochrona-danych\\\/\",\"url\":\"https:\\\/\\\/saveoder.org\\\/pl\\\/ochrona-danych\\\/\",\"name\":\"Ochrona danych - SaveOder\",\"isPartOf\":{\"@id\":\"https:\\\/\\\/saveoder.org\\\/pl\\\/#website\"},\"datePublished\":\"2021-08-15T12:31:11+00:00\",\"dateModified\":\"2021-08-27T06:20:02+00:00\",\"breadcrumb\":{\"@id\":\"https:\\\/\\\/saveoder.org\\\/pl\\\/ochrona-danych\\\/#breadcrumb\"},\"inLanguage\":\"pl-PL\",\"potentialAction\":[{\"@type\":\"ReadAction\",\"target\":[\"https:\\\/\\\/saveoder.org\\\/pl\\\/ochrona-danych\\\/\"]}]},{\"@type\":\"BreadcrumbList\",\"@id\":\"https:\\\/\\\/saveoder.org\\\/pl\\\/ochrona-danych\\\/#breadcrumb\",\"itemListElement\":[{\"@type\":\"ListItem\",\"position\":1,\"name\":\"Startseite\",\"item\":\"https:\\\/\\\/saveoder.org\\\/pl\\\/\"},{\"@type\":\"ListItem\",\"position\":2,\"name\":\"Ochrona danych\"}]},{\"@type\":\"WebSite\",\"@id\":\"https:\\\/\\\/saveoder.org\\\/pl\\\/#website\",\"url\":\"https:\\\/\\\/saveoder.org\\\/pl\\\/\",\"name\":\"SaveOder\",\"description\":\"\",\"publisher\":{\"@id\":\"https:\\\/\\\/saveoder.org\\\/pl\\\/#organization\"},\"potentialAction\":[{\"@type\":\"SearchAction\",\"target\":{\"@type\":\"EntryPoint\",\"urlTemplate\":\"https:\\\/\\\/saveoder.org\\\/pl\\\/?s={search_term_string}\"},\"query-input\":{\"@type\":\"PropertyValueSpecification\",\"valueRequired\":true,\"valueName\":\"search_term_string\"}}],\"inLanguage\":\"pl-PL\"},{\"@type\":\"Organization\",\"@id\":\"https:\\\/\\\/saveoder.org\\\/pl\\\/#organization\",\"name\":\"DNR\",\"url\":\"https:\\\/\\\/saveoder.org\\\/pl\\\/\",\"logo\":{\"@type\":\"ImageObject\",\"inLanguage\":\"pl-PL\",\"@id\":\"https:\\\/\\\/saveoder.org\\\/pl\\\/#\\\/schema\\\/logo\\\/image\\\/\",\"url\":\"https:\\\/\\\/saveoder.org\\\/wp-content\\\/uploads\\\/2021\\\/08\\\/Czas-na-Odre_Logo_small_transparent.png\",\"contentUrl\":\"https:\\\/\\\/saveoder.org\\\/wp-content\\\/uploads\\\/2021\\\/08\\\/Czas-na-Odre_Logo_small_transparent.png\",\"width\":366,\"height\":366,\"caption\":\"DNR\"},\"image\":{\"@id\":\"https:\\\/\\\/saveoder.org\\\/pl\\\/#\\\/schema\\\/logo\\\/image\\\/\"}}]}<\/script>\n<!-- \/ Yoast SEO plugin. -->","yoast_head_json":{"title":"Ochrona danych - SaveOder","robots":{"index":"index","follow":"follow","max-snippet":"max-snippet:-1","max-image-preview":"max-image-preview:large","max-video-preview":"max-video-preview:-1"},"canonical":"https:\/\/saveoder.org\/pl\/ochrona-danych\/","og_locale":"pl_PL","og_type":"article","og_title":"Ochrona danych - SaveOder","og_description":"Niniejsza polityka prywatno\u015bci opisuje spos\u00f3b przetwarzania danych osobowych podczas korzystania ze stron internetowych DNR, w tym z aplikacji mobilnych (nasze &#8222;Aplikacje&#8221;). Wyja\u015bnia r\u00f3wnie\u017c, jakie masz mo\u017cliwo\u015bci wyboru w odniesieniu do swoich danych osobowych (&#8222;Twoje prawa&#8221;) i jak mo\u017cesz si\u0119 z nami skontaktowa\u0107. Obowi\u0105zuj\u0105ce przepisy o ochronie danych osobowych, w szczeg\u00f3lno\u015bci og\u00f3lne rozporz\u0105dzenie UE o ochronie&hellip;&nbsp;Read More &raquo;Ochrona danych","og_url":"https:\/\/saveoder.org\/pl\/ochrona-danych\/","og_site_name":"SaveOder","article_modified_time":"2021-08-27T06:20:02+00:00","twitter_card":"summary_large_image","twitter_misc":{"Szacowany czas czytania":"1 minuta"},"schema":{"@context":"https:\/\/schema.org","@graph":[{"@type":"WebPage","@id":"https:\/\/saveoder.org\/pl\/ochrona-danych\/","url":"https:\/\/saveoder.org\/pl\/ochrona-danych\/","name":"Ochrona danych - SaveOder","isPartOf":{"@id":"https:\/\/saveoder.org\/pl\/#website"},"datePublished":"2021-08-15T12:31:11+00:00","dateModified":"2021-08-27T06:20:02+00:00","breadcrumb":{"@id":"https:\/\/saveoder.org\/pl\/ochrona-danych\/#breadcrumb"},"inLanguage":"pl-PL","potentialAction":[{"@type":"ReadAction","target":["https:\/\/saveoder.org\/pl\/ochrona-danych\/"]}]},{"@type":"BreadcrumbList","@id":"https:\/\/saveoder.org\/pl\/ochrona-danych\/#breadcrumb","itemListElement":[{"@type":"ListItem","position":1,"name":"Startseite","item":"https:\/\/saveoder.org\/pl\/"},{"@type":"ListItem","position":2,"name":"Ochrona danych"}]},{"@type":"WebSite","@id":"https:\/\/saveoder.org\/pl\/#website","url":"https:\/\/saveoder.org\/pl\/","name":"SaveOder","description":"","publisher":{"@id":"https:\/\/saveoder.org\/pl\/#organization"},"potentialAction":[{"@type":"SearchAction","target":{"@type":"EntryPoint","urlTemplate":"https:\/\/saveoder.org\/pl\/?s={search_term_string}"},"query-input":{"@type":"PropertyValueSpecification","valueRequired":true,"valueName":"search_term_string"}}],"inLanguage":"pl-PL"},{"@type":"Organization","@id":"https:\/\/saveoder.org\/pl\/#organization","name":"DNR","url":"https:\/\/saveoder.org\/pl\/","logo":{"@type":"ImageObject","inLanguage":"pl-PL","@id":"https:\/\/saveoder.org\/pl\/#\/schema\/logo\/image\/","url":"https:\/\/saveoder.org\/wp-content\/uploads\/2021\/08\/Czas-na-Odre_Logo_small_transparent.png","contentUrl":"https:\/\/saveoder.org\/wp-content\/uploads\/2021\/08\/Czas-na-Odre_Logo_small_transparent.png","width":366,"height":366,"caption":"DNR"},"image":{"@id":"https:\/\/saveoder.org\/pl\/#\/schema\/logo\/image\/"}}]}},"_links":{"self":[{"href":"https:\/\/saveoder.org\/pl\/wp-json\/wp\/v2\/pages\/1218","targetHints":{"allow":["GET"]}}],"collection":[{"href":"https:\/\/saveoder.org\/pl\/wp-json\/wp\/v2\/pages"}],"about":[{"href":"https:\/\/saveoder.org\/pl\/wp-json\/wp\/v2\/types\/page"}],"author":[{"embeddable":true,"href":"https:\/\/saveoder.org\/pl\/wp-json\/wp\/v2\/users\/1"}],"replies":[{"embeddable":true,"href":"https:\/\/saveoder.org\/pl\/wp-json\/wp\/v2\/comments?post=1218"}],"version-history":[{"count":10,"href":"https:\/\/saveoder.org\/pl\/wp-json\/wp\/v2\/pages\/1218\/revisions"}],"predecessor-version":[{"id":2536,"href":"https:\/\/saveoder.org\/pl\/wp-json\/wp\/v2\/pages\/1218\/revisions\/2536"}],"wp:attachment":[{"href":"https:\/\/saveoder.org\/pl\/wp-json\/wp\/v2\/media?parent=1218"}],"curies":[{"name":"wp","href":"https:\/\/api.w.org\/{rel}","templated":true}]}}