{"id":3584,"date":"2025-11-02T16:21:22","date_gmt":"2025-11-02T15:21:22","guid":{"rendered":"https:\/\/saveoder.org\/przyjaciele-odry\/"},"modified":"2025-11-02T16:33:01","modified_gmt":"2025-11-02T15:33:01","slug":"przyjaciele-odry","status":"publish","type":"page","link":"https:\/\/saveoder.org\/pl\/przyjaciele-odry\/","title":{"rendered":"Przyjaciele Odry"},"content":{"rendered":"\n<div class=\"mapbox_contribute_container\">\n      <h1>Przyjaciele Odry: zaanga\u017cowanie spo\u0142ecze\u0144stwa obywatelskiego<\/h1>\n    <div class=\"green_line\"><\/div>\n          <div class=\"subtitle\">Na tej mapie zaznaczono lokalnych, regionalnych i mi\u0119dzynarodowych przedstawicieli spo\u0142ecze\u0144stwa obywatelskiego, kt\u00f3rzy anga\u017cuj\u0105 si\u0119 w ochron\u0119 i zachowanie ekologii, warto\u015bci ekologicznej dla nas, ludzi, a tak\u017ce jej pi\u0119kna i wyj\u0105tkowo\u015bci. S\u0105 to osoby z lokalnej spo\u0142eczno\u015bci, mieszka\u0144cy teren\u00f3w nad Odr\u0105, osoby zainteresowane Odr\u0105 oraz obro\u0144cy \u015brodowiska i przyrody nad Odr\u0105. Organizuj\u0105 si\u0119 oni w inicjatywy, lokalne grupy dzia\u0142ania, stowarzyszenia, sojusze, realizuj\u0105 projekty w zakresie edukacji lub edukacji ekologicznej, a tak\u017ce konkretne dzia\u0142ania na rzecz ochrony przyrody i \u015brodowiska lub anga\u017cuj\u0105 si\u0119 w rozw\u00f3j regionalny, kt\u00f3ry jest zr\u00f3wnowa\u017cony pod wzgl\u0119dem rolniczym i gospodarczym.\r\n\r\n\u0141\u0105czy ich jedno: z naszego punktu widzenia s\u0105 \u201eprzyjaci\u00f3\u0142mi Odry\u201d! Przyczyniaj\u0105 si\u0119 do tworzenia sieci kontakt\u00f3w mi\u0119dzy trzema krajami nadodrzanskimi w ramach spo\u0142ecze\u0144stwa obywatelskiego i dzia\u0142aj\u0105 na rzecz rozwoju Odry i jej doliny w spos\u00f3b przyjazny dla przyrody i ludzi.<\/div>\n      \n  <div class=\"mapbox_map_area\">\n    \t\t<div id=\"maps-marker-pro-ae447782\" class=\"maps-marker-pro\" style=\"width: 100%;\">\n\t\t\t<div id=\"mmp-map-wrap-ae447782\" class=\"mmp-map-wrap\">\n\t\t\t\t\t\t\t\t<div id=\"mmp-map-ae447782\" class=\"mmp-map\" style=\"height: 920px;\"><\/div>\n\t\t\t\t\t\t\t<\/div>\n\t\t\t\t\t<\/div>\n\t\t  <\/div>\n\n  <div class=\"map_credits_icons\">\n    Icons: \u00a9 <a class=\"icons_link\" href=\"https:\/\/icons8.com\" target=\"_blank\" rel=\"noopener\">Icons8<\/a>\n  <\/div>\n<\/div>\n\n\n\n\n\n<div class=\"wp-block-columns is-layout-flex wp-container-core-columns-is-layout-9d6595d7 wp-block-columns-is-layout-flex\">\n<div class=\"wp-block-column is-layout-flow wp-block-column-is-layout-flow\">\n<p>Niniejsza strona internetowa zosta\u0142a sfinansowana w ramach projektu \u201eStworzenie niemiecko-polsko-czeskiej sieci na rzecz rozwoju regionalnego zgodnego z zasadami ochrony \u015brodowiska i przyrody w dorzeczu Odry\u201d, wspieranego przez Federalne Ministerstwo \u015arodowiska, Ochrony Przyrody i Bezpiecze\u0144stwa J\u0105drowego.<\/p>\n<\/div>\n\n\n\n<div class=\"wp-block-column is-layout-flow wp-block-column-is-layout-flow\">\n<figure class=\"wp-block-image size-full\"><img decoding=\"async\" width=\"278\" height=\"175\" src=\"https:\/\/saveoder.org\/wp-content\/uploads\/2025\/04\/BMUV_Fz_2021_Web_Farbe_de.png\" alt=\"\" class=\"wp-image-3379\"\/><\/figure>\n<\/div>\n<\/div>\n\n\n\n<p><\/p>\n","protected":false},"excerpt":{"rendered":"<p>Niniejsza strona internetowa zosta\u0142a sfinansowana w ramach projektu \u201eStworzenie niemiecko-polsko-czeskiej sieci na rzecz rozwoju regionalnego zgodnego z zasadami ochrony \u015brodowiska i przyrody w dorzeczu Odry\u201d, wspieranego przez Federalne Ministerstwo \u015arodowiska, Ochrony Przyrody i Bezpiecze\u0144stwa J\u0105drowego.<\/p>\n","protected":false},"author":1,"featured_media":0,"parent":0,"menu_order":0,"comment_status":"closed","ping_status":"closed","template":"","meta":{"_acf_changed":false,"neve_meta_sidebar":"full-width","neve_meta_container":"","neve_meta_enable_content_width":"on","neve_meta_content_width":100,"neve_meta_title_alignment":"","neve_meta_author_avatar":"","neve_post_elements_order":"","neve_meta_disable_header":"","neve_meta_disable_footer":"","neve_meta_disable_title":"","neve_meta_reading_time":"","footnotes":""},"class_list":["post-3584","page","type-page","status-publish","hentry"],"acf":[],"yoast_head":"<!-- This site is optimized with the Yoast SEO plugin v27.3 - https:\/\/yoast.com\/product\/yoast-seo-wordpress\/ -->\n<title>Przyjaciele Odry - SaveOder<\/title>\n<meta name=\"robots\" content=\"index, follow, max-snippet:-1, max-image-preview:large, max-video-preview:-1\" \/>\n<link rel=\"canonical\" href=\"https:\/\/saveoder.org\/pl\/przyjaciele-odry\/\" \/>\n<meta property=\"og:locale\" content=\"pl_PL\" \/>\n<meta property=\"og:type\" content=\"article\" \/>\n<meta property=\"og:title\" content=\"Przyjaciele Odry - SaveOder\" \/>\n<meta property=\"og:description\" content=\"Niniejsza strona internetowa zosta\u0142a sfinansowana w ramach projektu \u201eStworzenie niemiecko-polsko-czeskiej sieci na rzecz rozwoju regionalnego zgodnego z zasadami ochrony \u015brodowiska i przyrody w dorzeczu Odry\u201d, wspieranego przez Federalne Ministerstwo \u015arodowiska, Ochrony Przyrody i Bezpiecze\u0144stwa J\u0105drowego.\" \/>\n<meta property=\"og:url\" content=\"https:\/\/saveoder.org\/pl\/przyjaciele-odry\/\" \/>\n<meta property=\"og:site_name\" content=\"SaveOder\" \/>\n<meta property=\"article:modified_time\" content=\"2025-11-02T15:33:01+00:00\" \/>\n<meta property=\"og:image\" content=\"https:\/\/saveoder.org\/wp-content\/uploads\/2025\/04\/BMUV_Fz_2021_Web_Farbe_de.png\" \/>\n\t<meta property=\"og:image:width\" content=\"278\" \/>\n\t<meta property=\"og:image:height\" content=\"175\" \/>\n\t<meta property=\"og:image:type\" content=\"image\/png\" \/>\n<meta name=\"twitter:card\" content=\"summary_large_image\" \/>\n<meta name=\"twitter:label1\" content=\"Szacowany czas czytania\" \/>\n\t<meta name=\"twitter:data1\" content=\"2 minuty\" \/>\n<script type=\"application\/ld+json\" class=\"yoast-schema-graph\">{\"@context\":\"https:\\\/\\\/schema.org\",\"@graph\":[{\"@type\":\"WebPage\",\"@id\":\"https:\\\/\\\/saveoder.org\\\/pl\\\/przyjaciele-odry\\\/\",\"url\":\"https:\\\/\\\/saveoder.org\\\/pl\\\/przyjaciele-odry\\\/\",\"name\":\"Przyjaciele Odry - SaveOder\",\"isPartOf\":{\"@id\":\"https:\\\/\\\/saveoder.org\\\/pl\\\/#website\"},\"primaryImageOfPage\":{\"@id\":\"https:\\\/\\\/saveoder.org\\\/pl\\\/przyjaciele-odry\\\/#primaryimage\"},\"image\":{\"@id\":\"https:\\\/\\\/saveoder.org\\\/pl\\\/przyjaciele-odry\\\/#primaryimage\"},\"thumbnailUrl\":\"https:\\\/\\\/saveoder.org\\\/wp-content\\\/uploads\\\/2025\\\/04\\\/BMUV_Fz_2021_Web_Farbe_de.png\",\"datePublished\":\"2025-11-02T15:21:22+00:00\",\"dateModified\":\"2025-11-02T15:33:01+00:00\",\"breadcrumb\":{\"@id\":\"https:\\\/\\\/saveoder.org\\\/pl\\\/przyjaciele-odry\\\/#breadcrumb\"},\"inLanguage\":\"pl-PL\",\"potentialAction\":[{\"@type\":\"ReadAction\",\"target\":[\"https:\\\/\\\/saveoder.org\\\/pl\\\/przyjaciele-odry\\\/\"]}]},{\"@type\":\"ImageObject\",\"inLanguage\":\"pl-PL\",\"@id\":\"https:\\\/\\\/saveoder.org\\\/pl\\\/przyjaciele-odry\\\/#primaryimage\",\"url\":\"https:\\\/\\\/saveoder.org\\\/wp-content\\\/uploads\\\/2025\\\/04\\\/BMUV_Fz_2021_Web_Farbe_de.png\",\"contentUrl\":\"https:\\\/\\\/saveoder.org\\\/wp-content\\\/uploads\\\/2025\\\/04\\\/BMUV_Fz_2021_Web_Farbe_de.png\"},{\"@type\":\"BreadcrumbList\",\"@id\":\"https:\\\/\\\/saveoder.org\\\/pl\\\/przyjaciele-odry\\\/#breadcrumb\",\"itemListElement\":[{\"@type\":\"ListItem\",\"position\":1,\"name\":\"Startseite\",\"item\":\"https:\\\/\\\/saveoder.org\\\/pl\\\/\"},{\"@type\":\"ListItem\",\"position\":2,\"name\":\"Przyjaciele Odry\"}]},{\"@type\":\"WebSite\",\"@id\":\"https:\\\/\\\/saveoder.org\\\/pl\\\/#website\",\"url\":\"https:\\\/\\\/saveoder.org\\\/pl\\\/\",\"name\":\"SaveOder\",\"description\":\"\",\"publisher\":{\"@id\":\"https:\\\/\\\/saveoder.org\\\/pl\\\/#organization\"},\"potentialAction\":[{\"@type\":\"SearchAction\",\"target\":{\"@type\":\"EntryPoint\",\"urlTemplate\":\"https:\\\/\\\/saveoder.org\\\/pl\\\/?s={search_term_string}\"},\"query-input\":{\"@type\":\"PropertyValueSpecification\",\"valueRequired\":true,\"valueName\":\"search_term_string\"}}],\"inLanguage\":\"pl-PL\"},{\"@type\":\"Organization\",\"@id\":\"https:\\\/\\\/saveoder.org\\\/pl\\\/#organization\",\"name\":\"DNR\",\"url\":\"https:\\\/\\\/saveoder.org\\\/pl\\\/\",\"logo\":{\"@type\":\"ImageObject\",\"inLanguage\":\"pl-PL\",\"@id\":\"https:\\\/\\\/saveoder.org\\\/pl\\\/#\\\/schema\\\/logo\\\/image\\\/\",\"url\":\"https:\\\/\\\/saveoder.org\\\/wp-content\\\/uploads\\\/2021\\\/08\\\/Czas-na-Odre_Logo_small_transparent.png\",\"contentUrl\":\"https:\\\/\\\/saveoder.org\\\/wp-content\\\/uploads\\\/2021\\\/08\\\/Czas-na-Odre_Logo_small_transparent.png\",\"width\":366,\"height\":366,\"caption\":\"DNR\"},\"image\":{\"@id\":\"https:\\\/\\\/saveoder.org\\\/pl\\\/#\\\/schema\\\/logo\\\/image\\\/\"}}]}<\/script>\n<!-- \/ Yoast SEO plugin. -->","yoast_head_json":{"title":"Przyjaciele Odry - SaveOder","robots":{"index":"index","follow":"follow","max-snippet":"max-snippet:-1","max-image-preview":"max-image-preview:large","max-video-preview":"max-video-preview:-1"},"canonical":"https:\/\/saveoder.org\/pl\/przyjaciele-odry\/","og_locale":"pl_PL","og_type":"article","og_title":"Przyjaciele Odry - SaveOder","og_description":"Niniejsza strona internetowa zosta\u0142a sfinansowana w ramach projektu \u201eStworzenie niemiecko-polsko-czeskiej sieci na rzecz rozwoju regionalnego zgodnego z zasadami ochrony \u015brodowiska i przyrody w dorzeczu Odry\u201d, wspieranego przez Federalne Ministerstwo \u015arodowiska, Ochrony Przyrody i Bezpiecze\u0144stwa J\u0105drowego.","og_url":"https:\/\/saveoder.org\/pl\/przyjaciele-odry\/","og_site_name":"SaveOder","article_modified_time":"2025-11-02T15:33:01+00:00","og_image":[{"width":278,"height":175,"url":"https:\/\/saveoder.org\/wp-content\/uploads\/2025\/04\/BMUV_Fz_2021_Web_Farbe_de.png","type":"image\/png"}],"twitter_card":"summary_large_image","twitter_misc":{"Szacowany czas czytania":"2 minuty"},"schema":{"@context":"https:\/\/schema.org","@graph":[{"@type":"WebPage","@id":"https:\/\/saveoder.org\/pl\/przyjaciele-odry\/","url":"https:\/\/saveoder.org\/pl\/przyjaciele-odry\/","name":"Przyjaciele Odry - SaveOder","isPartOf":{"@id":"https:\/\/saveoder.org\/pl\/#website"},"primaryImageOfPage":{"@id":"https:\/\/saveoder.org\/pl\/przyjaciele-odry\/#primaryimage"},"image":{"@id":"https:\/\/saveoder.org\/pl\/przyjaciele-odry\/#primaryimage"},"thumbnailUrl":"https:\/\/saveoder.org\/wp-content\/uploads\/2025\/04\/BMUV_Fz_2021_Web_Farbe_de.png","datePublished":"2025-11-02T15:21:22+00:00","dateModified":"2025-11-02T15:33:01+00:00","breadcrumb":{"@id":"https:\/\/saveoder.org\/pl\/przyjaciele-odry\/#breadcrumb"},"inLanguage":"pl-PL","potentialAction":[{"@type":"ReadAction","target":["https:\/\/saveoder.org\/pl\/przyjaciele-odry\/"]}]},{"@type":"ImageObject","inLanguage":"pl-PL","@id":"https:\/\/saveoder.org\/pl\/przyjaciele-odry\/#primaryimage","url":"https:\/\/saveoder.org\/wp-content\/uploads\/2025\/04\/BMUV_Fz_2021_Web_Farbe_de.png","contentUrl":"https:\/\/saveoder.org\/wp-content\/uploads\/2025\/04\/BMUV_Fz_2021_Web_Farbe_de.png"},{"@type":"BreadcrumbList","@id":"https:\/\/saveoder.org\/pl\/przyjaciele-odry\/#breadcrumb","itemListElement":[{"@type":"ListItem","position":1,"name":"Startseite","item":"https:\/\/saveoder.org\/pl\/"},{"@type":"ListItem","position":2,"name":"Przyjaciele Odry"}]},{"@type":"WebSite","@id":"https:\/\/saveoder.org\/pl\/#website","url":"https:\/\/saveoder.org\/pl\/","name":"SaveOder","description":"","publisher":{"@id":"https:\/\/saveoder.org\/pl\/#organization"},"potentialAction":[{"@type":"SearchAction","target":{"@type":"EntryPoint","urlTemplate":"https:\/\/saveoder.org\/pl\/?s={search_term_string}"},"query-input":{"@type":"PropertyValueSpecification","valueRequired":true,"valueName":"search_term_string"}}],"inLanguage":"pl-PL"},{"@type":"Organization","@id":"https:\/\/saveoder.org\/pl\/#organization","name":"DNR","url":"https:\/\/saveoder.org\/pl\/","logo":{"@type":"ImageObject","inLanguage":"pl-PL","@id":"https:\/\/saveoder.org\/pl\/#\/schema\/logo\/image\/","url":"https:\/\/saveoder.org\/wp-content\/uploads\/2021\/08\/Czas-na-Odre_Logo_small_transparent.png","contentUrl":"https:\/\/saveoder.org\/wp-content\/uploads\/2021\/08\/Czas-na-Odre_Logo_small_transparent.png","width":366,"height":366,"caption":"DNR"},"image":{"@id":"https:\/\/saveoder.org\/pl\/#\/schema\/logo\/image\/"}}]}},"_links":{"self":[{"href":"https:\/\/saveoder.org\/pl\/wp-json\/wp\/v2\/pages\/3584","targetHints":{"allow":["GET"]}}],"collection":[{"href":"https:\/\/saveoder.org\/pl\/wp-json\/wp\/v2\/pages"}],"about":[{"href":"https:\/\/saveoder.org\/pl\/wp-json\/wp\/v2\/types\/page"}],"author":[{"embeddable":true,"href":"https:\/\/saveoder.org\/pl\/wp-json\/wp\/v2\/users\/1"}],"replies":[{"embeddable":true,"href":"https:\/\/saveoder.org\/pl\/wp-json\/wp\/v2\/comments?post=3584"}],"version-history":[{"count":2,"href":"https:\/\/saveoder.org\/pl\/wp-json\/wp\/v2\/pages\/3584\/revisions"}],"predecessor-version":[{"id":3588,"href":"https:\/\/saveoder.org\/pl\/wp-json\/wp\/v2\/pages\/3584\/revisions\/3588"}],"wp:attachment":[{"href":"https:\/\/saveoder.org\/pl\/wp-json\/wp\/v2\/media?parent=3584"}],"curies":[{"name":"wp","href":"https:\/\/api.w.org\/{rel}","templated":true}]}}