{"id":611,"date":"2021-07-27T21:52:11","date_gmt":"2021-07-27T19:52:11","guid":{"rendered":"https:\/\/saveoder.org\/o-nas\/"},"modified":"2023-10-12T12:43:08","modified_gmt":"2023-10-12T10:43:08","slug":"o-nas","status":"publish","type":"page","link":"https:\/\/saveoder.org\/pl\/o-nas\/","title":{"rendered":"O nas"},"content":{"rendered":"    <div class=\"hero_container alignfull\">\n    \t<section id=\"hero-block_f0a6c011c3ee399a3beedac7d8f9346b\" class=\"hero alignfull\" style=\"background-image: linear-gradient(0deg, rgba(0, 0, 0, 0.2), rgba(0, 0, 0, 0.2)), url(https:\/\/saveoder.org\/wp-content\/uploads\/2021\/08\/Canoe-Miedzyodrze_1920x1080.jpg); \">\n      <\/section>\n      <div class=\"hero_infobox\">\n                          <h1>O nas<\/h1>\n          <div class=\"green_line\"><\/div>\n                      <\/div>\n\n    <\/div>\n\n\n\n    <div id=\"headline-block_f8a7a25e9c1ebb9674472131b27e5fde\" class=\"headline_container\">\n      <div class=\"headline_content headline-h1\">Nasza misja<\/div>\n    <\/div>\n\n\n\n<p>\u201eCzas na Odr\u0119\u201d to mi\u0119dzynarodowe partnerstwo trzech koalicji organizacji spo\u0142ecze\u0144stwa obywatelskiego, kt\u00f3re dzia\u0142aj\u0105 dla ochrony rzek. Opowiadamy si\u0119 za sta\u0142\u0105 ochron\u0105 Odry i jej zlewni dla obywateli Czech, Niemiec, Polski i ca\u0142ej Europy. Sprzeciwiamy si\u0119 budowie mi\u0119dzynarodowej drogi wodnej E30 i kana\u0142u Dunaj-Odra-\u0141aba oraz opowiadamy si\u0119 za zr\u00f3wnowa\u017conym rozwojem w dorzeczu Odry.<\/p>\n\n\n  <div id=\"teasercontainer\" class=\"teasercontainer alignfull\">\n    <div class=\"teasercontainer_area\">\n      <div class=\"teasercontainer_headline\">Zrzeszenie \u201eCzas na Odr\u0119\u201d<\/div>\n        <div class=\"teaser_area\">\n            <div class=\"teaser\">\n            <div class=\"kachel_image\"><image src='https:\/\/saveoder.org\/wp-content\/uploads\/2021\/07\/Koalice-pro-Reky_Logo.png'><\/image><\/div>\n          <div class=\"teaser_headline\">\n            Koalice pro \u0159eky &#8211; Czechy          <\/div>\n          <div class=\"teaser_content\"><p>Koalice pro \u0159eky to stowarzyszenie organizacji non-profit w Republice Czeskiej, kt\u00f3re wspiera wszystkie dzia\u0142ania maj\u0105ce na celu promowanie zdrowych ekosystem\u00f3w rzecznych i zalewowych. Podejmuje inicjatywy w zakresie gospodarki wodnej w szczeg\u00f3lnych przypadkach, integruje argumenty na rzecz poprawy dobrego stanu ekologicznego rzek i wspiera oraz zapewnia wsp\u00f3\u0142prac\u0119 i wymian\u0119 informacji w tej dziedzinie pomi\u0119dzy naukowcami, ekspertami i spo\u0142ecze\u0144stwem.<\/p>\n<\/div>\n                      <a class=\"teaser_button\" href=\"http:\/\/www.koaliceproreky.cz\" target=\"_blank\">Czytaj dalej<image src='https:\/\/saveoder.org\/wp-content\/themes\/ngo-child\/assets\/image\/right-arrow.png'><\/image><\/a>        <\/div>\n                  <div class=\"teaser\">\n            <div class=\"kachel_image\"><image src='https:\/\/saveoder.org\/wp-content\/uploads\/2021\/07\/Koalicji-Ratujmy-Rzeki_Logo-300x113.png'><\/image><\/div>\n          <div class=\"teaser_headline\">\n            Koalicja Ratujmy Rzeki &#8211; Polska          <\/div>\n          <div class=\"teaser_content\"><p>Koalicja Ratujmy Rzeki zrzesza organizacje chroni\u0105ce polskie rzeki, potoki i mokrad\u0142a, a tak\u017ce naukowc\u00f3w, osoby prywatne, samorz\u0105dy i instytucje, dla kt\u00f3rych los polskich rzek i ekosystem\u00f3w jest wa\u017cny. Koalicja aktywnie dzia\u0142a na arenie mi\u0119dzynarodowej w my\u015bl zasady \u201erzeki nie maj\u0105 granic\u201d.<\/p>\n<\/div>\n                      <a class=\"teaser_button\" href=\"http:\/\/www.ratujmyrzeki.pl\" target=\"_blank\">Czytaj dalej<image src='https:\/\/saveoder.org\/wp-content\/themes\/ngo-child\/assets\/image\/right-arrow.png'><\/image><\/a>        <\/div>\n                  <div class=\"teaser\">\n            <div class=\"kachel_image\"><image src='https:\/\/saveoder.org\/wp-content\/uploads\/2021\/07\/cropped-L7Ix7tu2_400x400-1-300x300.jpg'><\/image><\/div>\n          <div class=\"teaser_headline\">\n            Aktionsb\u00fcndnis lebendige Oder \u2013 Niemcy          <\/div>\n          <div class=\"teaser_content\"><p>W sk\u0142ad organizacji Aktionsb\u00fcndnis lebendige Oder wchodzi 10 organizacji zajmuj\u0105cych si\u0119 ochron\u0105 \u015brodowiska i przyrody, kt\u00f3re wsp\u00f3\u0142dzia\u0142aj\u0105 w celu ponownego przekszta\u0142cenia Odry granicznej, estuarium Odry i ich otoczenia w \u017cyw\u0105 rzek\u0119 Odr\u0119.<\/p>\n<\/div>\n                      <a class=\"teaser_button\" href=\"https:\/\/www.dnr.de\/aktuelles\/themenausgaben-2021\/ausgabe-072021\/saveoder-rettet-die-oder\/?L=0\" target=\"_blank\">Czytaj dalej<image src='https:\/\/saveoder.org\/wp-content\/themes\/ngo-child\/assets\/image\/right-arrow.png'><\/image><\/a>        <\/div>\n                <\/div>\n      <\/div>\n    <\/div>\n      \n\n\n    <div id=\"headline-block_399add418d6a7dae5692b29f322da011\" class=\"headline_container\">\n      <div class=\"headline_content headline-h2\">Punkty kontaktowe Koalicji \u201eCzas na Odr\u0119\u201c<\/div>\n    <\/div>\n\n\n\n    <div id=\"puretextblock-block_5a017460076d136ce661959e354b5fb2\" class=\"puretextblock_container\">\n      <div class=\"puretextblock_content\"><p>Potrzebujesz wi\u0119cej informacji? Chcesz nas wesprze\u0107 w ratowaniu niepowtarzalnego krajobrazu rzecznego Odry? A mo\u017ce masz jakie\u015b pytanie?<\/p>\n<p>&nbsp;<\/p>\n<p><strong>Polska<\/strong><\/p>\n<p>Fundacja EkoRozwoju<br \/>\nul. \u015bw. Wincentego 25A,C | 55-140 Wroc\u0142aw | Polska<br \/>\nKontakt: koalicja[at]odra.pl<\/p>\n<p>&nbsp;<\/p>\n<p><strong>Czechy<\/strong><\/p>\n<p>Arnika-CEPO<br \/>\nSeifertova 372\/85 | 130 00 Praga 3 | Czechy<br \/>\nKontakt: priroda[at]arnika.org<\/p>\n<p>&nbsp;<\/p>\n<p><strong>Niemcy<\/strong><\/p>\n<p>W imieniu stowarzyszenia Aktionsb\u00fcndnis lebendige Oder<br \/>\nDeutscher Naturschutzring e.V.<br \/>\nMarienstr. 19-20 | 10117 Berlin | Niemcy<br \/>\nKontakt: info[at]saveoder.org<\/p>\n<\/div>\n    <\/div>\n\n\n\n    <div id=\"headline-block_3c3fd5c2a52c042598e7c50560b5b75a\" class=\"headline_container\">\n      <div class=\"headline_content headline-h3\">Koordynacja projektu EURENI &#8222;Utworzenie niemiecko-polsko-czeskiej sieci na rzecz przyjaznego dla \u015brodowiska i przyrody rozwoju regionalnego w dorzeczu Odry&#8221;<\/div>\n    <\/div>\n\n\n\n    <div id=\"headline-block_755d40597f041b724e9a27b6fa46b729\" class=\"headline_container\">\n      <div class=\"headline_content headline-h4\">finansowany przez BMUV, jednostk\u0119 realizuj\u0105c\u0105 projekt Zukunft-Umwelt-Gesellschaft (ZUG) gGmbH<\/div>\n    <\/div>\n\n\n\n    <div id=\"puretextblock-block_6b50037ae335d82cec1b4d876243db88\" class=\"puretextblock_container\">\n      <div class=\"puretextblock_content\"><p>Potrzebujesz informacji o naszym projekcie?<\/p>\n<p>&nbsp;<\/p>\n<p><strong>Polska<\/strong><\/p>\n<p><strong>Dorota Chmielowiec-Tyszko<\/strong><br \/>\nFundacja EkoRozwoju<br \/>\nul. \u015bw. Wincentego 25A,C | 55-140 Wroc\u0142aw | Polska<br \/>\nKontakt: d.chmielowiec[at]fer.org.pl<\/p>\n<p>&nbsp;<\/p>\n<p><strong>Czechy<\/strong><\/p>\n<p><strong>Vlastimil Karl\u00edk<\/strong><br \/>\nArnika-CEPO<br \/>\nSeifertova 372\/85 | 130 00 Praga 3 | Czechy<br \/>\nKontakt: vlastimil.karlik[at]arnika.org<\/p>\n<p>&nbsp;<\/p>\n<p><strong>Niemcy<\/strong><\/p>\n<p><strong>Theresa Wagner<\/strong><br \/>\nBund f\u00fcr Umwelt und Naturschutz Deutschland e.V. (BUND)<br \/>\nKaiserin-Augusta-Allee 5 | 10553 Berlin | Niemcy<br \/>\nKontakt: theresa.wagner[at]bund.net<\/p>\n<\/div>\n    <\/div>\n\n\n\n<div class=\"wp-block-columns is-layout-flex wp-container-core-columns-is-layout-9d6595d7 wp-block-columns-is-layout-flex\">\n<div class=\"wp-block-column is-layout-flow wp-block-column-is-layout-flow\" style=\"flex-basis:66.66%\"><\/div>\n\n\n\n<div class=\"wp-block-column is-layout-flow wp-block-column-is-layout-flow\" style=\"flex-basis:33.33%\"><\/div>\n<\/div>\n\n\n\n<p><\/p>\n","protected":false},"excerpt":{"rendered":"<p>\u201eCzas na Odr\u0119\u201d to mi\u0119dzynarodowe partnerstwo trzech koalicji organizacji spo\u0142ecze\u0144stwa obywatelskiego, kt\u00f3re dzia\u0142aj\u0105 dla ochrony rzek. Opowiadamy si\u0119 za sta\u0142\u0105 ochron\u0105 Odry i jej zlewni dla obywateli Czech, Niemiec, Polski i ca\u0142ej Europy. Sprzeciwiamy si\u0119 budowie mi\u0119dzynarodowej drogi wodnej E30 i kana\u0142u Dunaj-Odra-\u0141aba oraz opowiadamy si\u0119 za zr\u00f3wnowa\u017conym rozwojem w dorzeczu Odry.<\/p>\n","protected":false},"author":1,"featured_media":0,"parent":0,"menu_order":0,"comment_status":"closed","ping_status":"closed","template":"","meta":{"_acf_changed":false,"neve_meta_sidebar":"","neve_meta_container":"","neve_meta_enable_content_width":"","neve_meta_content_width":0,"neve_meta_title_alignment":"","neve_meta_author_avatar":"","neve_post_elements_order":"","neve_meta_disable_header":"","neve_meta_disable_footer":"","neve_meta_disable_title":"","neve_meta_reading_time":"","footnotes":""},"class_list":["post-611","page","type-page","status-publish","hentry"],"acf":[],"yoast_head":"<!-- This site is optimized with the Yoast SEO plugin v27.3 - https:\/\/yoast.com\/product\/yoast-seo-wordpress\/ -->\n<title>O nas - SaveOder<\/title>\n<meta name=\"robots\" content=\"index, follow, max-snippet:-1, max-image-preview:large, max-video-preview:-1\" \/>\n<link rel=\"canonical\" href=\"https:\/\/saveoder.org\/pl\/o-nas\/\" \/>\n<meta property=\"og:locale\" content=\"pl_PL\" \/>\n<meta property=\"og:type\" content=\"article\" \/>\n<meta property=\"og:title\" content=\"O nas - SaveOder\" \/>\n<meta property=\"og:description\" content=\"\u201eCzas na Odr\u0119\u201d to mi\u0119dzynarodowe partnerstwo trzech koalicji organizacji spo\u0142ecze\u0144stwa obywatelskiego, kt\u00f3re dzia\u0142aj\u0105 dla ochrony rzek. Opowiadamy si\u0119 za sta\u0142\u0105 ochron\u0105 Odry i jej zlewni dla obywateli Czech, Niemiec, Polski i ca\u0142ej Europy. Sprzeciwiamy si\u0119 budowie mi\u0119dzynarodowej drogi wodnej E30 i kana\u0142u Dunaj-Odra-\u0141aba oraz opowiadamy si\u0119 za zr\u00f3wnowa\u017conym rozwojem w dorzeczu Odry.\" \/>\n<meta property=\"og:url\" content=\"https:\/\/saveoder.org\/pl\/o-nas\/\" \/>\n<meta property=\"og:site_name\" content=\"SaveOder\" \/>\n<meta property=\"article:modified_time\" content=\"2023-10-12T10:43:08+00:00\" \/>\n<meta name=\"twitter:card\" content=\"summary_large_image\" \/>\n<meta name=\"twitter:label1\" content=\"Szacowany czas czytania\" \/>\n\t<meta name=\"twitter:data1\" content=\"1 minuta\" \/>\n<script type=\"application\/ld+json\" class=\"yoast-schema-graph\">{\"@context\":\"https:\\\/\\\/schema.org\",\"@graph\":[{\"@type\":\"WebPage\",\"@id\":\"https:\\\/\\\/saveoder.org\\\/pl\\\/o-nas\\\/\",\"url\":\"https:\\\/\\\/saveoder.org\\\/pl\\\/o-nas\\\/\",\"name\":\"O nas - SaveOder\",\"isPartOf\":{\"@id\":\"https:\\\/\\\/saveoder.org\\\/pl\\\/#website\"},\"datePublished\":\"2021-07-27T19:52:11+00:00\",\"dateModified\":\"2023-10-12T10:43:08+00:00\",\"breadcrumb\":{\"@id\":\"https:\\\/\\\/saveoder.org\\\/pl\\\/o-nas\\\/#breadcrumb\"},\"inLanguage\":\"pl-PL\",\"potentialAction\":[{\"@type\":\"ReadAction\",\"target\":[\"https:\\\/\\\/saveoder.org\\\/pl\\\/o-nas\\\/\"]}]},{\"@type\":\"BreadcrumbList\",\"@id\":\"https:\\\/\\\/saveoder.org\\\/pl\\\/o-nas\\\/#breadcrumb\",\"itemListElement\":[{\"@type\":\"ListItem\",\"position\":1,\"name\":\"Startseite\",\"item\":\"https:\\\/\\\/saveoder.org\\\/pl\\\/\"},{\"@type\":\"ListItem\",\"position\":2,\"name\":\"O nas\"}]},{\"@type\":\"WebSite\",\"@id\":\"https:\\\/\\\/saveoder.org\\\/pl\\\/#website\",\"url\":\"https:\\\/\\\/saveoder.org\\\/pl\\\/\",\"name\":\"SaveOder\",\"description\":\"\",\"publisher\":{\"@id\":\"https:\\\/\\\/saveoder.org\\\/pl\\\/#organization\"},\"potentialAction\":[{\"@type\":\"SearchAction\",\"target\":{\"@type\":\"EntryPoint\",\"urlTemplate\":\"https:\\\/\\\/saveoder.org\\\/pl\\\/?s={search_term_string}\"},\"query-input\":{\"@type\":\"PropertyValueSpecification\",\"valueRequired\":true,\"valueName\":\"search_term_string\"}}],\"inLanguage\":\"pl-PL\"},{\"@type\":\"Organization\",\"@id\":\"https:\\\/\\\/saveoder.org\\\/pl\\\/#organization\",\"name\":\"DNR\",\"url\":\"https:\\\/\\\/saveoder.org\\\/pl\\\/\",\"logo\":{\"@type\":\"ImageObject\",\"inLanguage\":\"pl-PL\",\"@id\":\"https:\\\/\\\/saveoder.org\\\/pl\\\/#\\\/schema\\\/logo\\\/image\\\/\",\"url\":\"https:\\\/\\\/saveoder.org\\\/wp-content\\\/uploads\\\/2021\\\/08\\\/Czas-na-Odre_Logo_small_transparent.png\",\"contentUrl\":\"https:\\\/\\\/saveoder.org\\\/wp-content\\\/uploads\\\/2021\\\/08\\\/Czas-na-Odre_Logo_small_transparent.png\",\"width\":366,\"height\":366,\"caption\":\"DNR\"},\"image\":{\"@id\":\"https:\\\/\\\/saveoder.org\\\/pl\\\/#\\\/schema\\\/logo\\\/image\\\/\"}}]}<\/script>\n<!-- \/ Yoast SEO plugin. -->","yoast_head_json":{"title":"O nas - SaveOder","robots":{"index":"index","follow":"follow","max-snippet":"max-snippet:-1","max-image-preview":"max-image-preview:large","max-video-preview":"max-video-preview:-1"},"canonical":"https:\/\/saveoder.org\/pl\/o-nas\/","og_locale":"pl_PL","og_type":"article","og_title":"O nas - SaveOder","og_description":"\u201eCzas na Odr\u0119\u201d to mi\u0119dzynarodowe partnerstwo trzech koalicji organizacji spo\u0142ecze\u0144stwa obywatelskiego, kt\u00f3re dzia\u0142aj\u0105 dla ochrony rzek. Opowiadamy si\u0119 za sta\u0142\u0105 ochron\u0105 Odry i jej zlewni dla obywateli Czech, Niemiec, Polski i ca\u0142ej Europy. Sprzeciwiamy si\u0119 budowie mi\u0119dzynarodowej drogi wodnej E30 i kana\u0142u Dunaj-Odra-\u0141aba oraz opowiadamy si\u0119 za zr\u00f3wnowa\u017conym rozwojem w dorzeczu Odry.","og_url":"https:\/\/saveoder.org\/pl\/o-nas\/","og_site_name":"SaveOder","article_modified_time":"2023-10-12T10:43:08+00:00","twitter_card":"summary_large_image","twitter_misc":{"Szacowany czas czytania":"1 minuta"},"schema":{"@context":"https:\/\/schema.org","@graph":[{"@type":"WebPage","@id":"https:\/\/saveoder.org\/pl\/o-nas\/","url":"https:\/\/saveoder.org\/pl\/o-nas\/","name":"O nas - SaveOder","isPartOf":{"@id":"https:\/\/saveoder.org\/pl\/#website"},"datePublished":"2021-07-27T19:52:11+00:00","dateModified":"2023-10-12T10:43:08+00:00","breadcrumb":{"@id":"https:\/\/saveoder.org\/pl\/o-nas\/#breadcrumb"},"inLanguage":"pl-PL","potentialAction":[{"@type":"ReadAction","target":["https:\/\/saveoder.org\/pl\/o-nas\/"]}]},{"@type":"BreadcrumbList","@id":"https:\/\/saveoder.org\/pl\/o-nas\/#breadcrumb","itemListElement":[{"@type":"ListItem","position":1,"name":"Startseite","item":"https:\/\/saveoder.org\/pl\/"},{"@type":"ListItem","position":2,"name":"O nas"}]},{"@type":"WebSite","@id":"https:\/\/saveoder.org\/pl\/#website","url":"https:\/\/saveoder.org\/pl\/","name":"SaveOder","description":"","publisher":{"@id":"https:\/\/saveoder.org\/pl\/#organization"},"potentialAction":[{"@type":"SearchAction","target":{"@type":"EntryPoint","urlTemplate":"https:\/\/saveoder.org\/pl\/?s={search_term_string}"},"query-input":{"@type":"PropertyValueSpecification","valueRequired":true,"valueName":"search_term_string"}}],"inLanguage":"pl-PL"},{"@type":"Organization","@id":"https:\/\/saveoder.org\/pl\/#organization","name":"DNR","url":"https:\/\/saveoder.org\/pl\/","logo":{"@type":"ImageObject","inLanguage":"pl-PL","@id":"https:\/\/saveoder.org\/pl\/#\/schema\/logo\/image\/","url":"https:\/\/saveoder.org\/wp-content\/uploads\/2021\/08\/Czas-na-Odre_Logo_small_transparent.png","contentUrl":"https:\/\/saveoder.org\/wp-content\/uploads\/2021\/08\/Czas-na-Odre_Logo_small_transparent.png","width":366,"height":366,"caption":"DNR"},"image":{"@id":"https:\/\/saveoder.org\/pl\/#\/schema\/logo\/image\/"}}]}},"_links":{"self":[{"href":"https:\/\/saveoder.org\/pl\/wp-json\/wp\/v2\/pages\/611","targetHints":{"allow":["GET"]}}],"collection":[{"href":"https:\/\/saveoder.org\/pl\/wp-json\/wp\/v2\/pages"}],"about":[{"href":"https:\/\/saveoder.org\/pl\/wp-json\/wp\/v2\/types\/page"}],"author":[{"embeddable":true,"href":"https:\/\/saveoder.org\/pl\/wp-json\/wp\/v2\/users\/1"}],"replies":[{"embeddable":true,"href":"https:\/\/saveoder.org\/pl\/wp-json\/wp\/v2\/comments?post=611"}],"version-history":[{"count":39,"href":"https:\/\/saveoder.org\/pl\/wp-json\/wp\/v2\/pages\/611\/revisions"}],"predecessor-version":[{"id":3090,"href":"https:\/\/saveoder.org\/pl\/wp-json\/wp\/v2\/pages\/611\/revisions\/3090"}],"wp:attachment":[{"href":"https:\/\/saveoder.org\/pl\/wp-json\/wp\/v2\/media?parent=611"}],"curies":[{"name":"wp","href":"https:\/\/api.w.org\/{rel}","templated":true}]}}